{"id":18597,"date":"2022-12-06T01:02:28","date_gmt":"2022-12-06T04:02:28","guid":{"rendered":"https:\/\/bancofibra.com.br\/?page_id=18597"},"modified":"2026-03-19T19:05:56","modified_gmt":"2026-03-19T22:05:56","slug":"para-voce","status":"publish","type":"page","link":"https:\/\/bancofibra.com.br\/en\/corretora\/para-voce\/","title":{"rendered":"Fibra Corretora &#8211; Para Voc\u00ea"},"content":{"rendered":"<div data-elementor-type=\"wp-page\" data-elementor-id=\"18597\" class=\"elementor elementor-18597\">\n\t\t\t\t\t\t\t\t\t<section class=\"elementor-section elementor-top-section elementor-element elementor-element-e262ec5 elementor-reverse-mobile elementor-section-boxed elementor-section-height-default elementor-section-height-default\" data-id=\"e262ec5\" data-element_type=\"section\" data-settings=\"{&quot;background_background&quot;:&quot;classic&quot;,&quot;_ha_eqh_enable&quot;:false}\">\n\t\t\t\t\t\t<div class=\"elementor-container elementor-column-gap-default\">\n\t\t\t\t\t<div class=\"elementor-column elementor-col-50 elementor-top-column elementor-element elementor-element-59f2850 animated-fast elementor-invisible\" data-id=\"59f2850\" data-element_type=\"column\" data-settings=\"{&quot;animation&quot;:&quot;fadeInUp&quot;}\">\n\t\t\t<div class=\"elementor-widget-wrap elementor-element-populated\">\n\t\t\t\t\t\t\t\t<div class=\"elementor-element elementor-element-21e9d73 elementor-widget elementor-widget-heading\" data-id=\"21e9d73\" data-element_type=\"widget\" data-widget_type=\"heading.default\">\n\t\t\t\t<div class=\"elementor-widget-container\">\n\t\t\t<h2 class=\"elementor-heading-title elementor-size-default\">FIBRA INSURANCE BROKER<\/h2>\t\t<\/div>\n\t\t\t\t<\/div>\n\t\t\t\t<div class=\"elementor-element elementor-element-794df60 elementor-widget elementor-widget-heading\" data-id=\"794df60\" data-element_type=\"widget\" data-widget_type=\"heading.default\">\n\t\t\t\t<div class=\"elementor-widget-container\">\n\t\t\t<h2 class=\"elementor-heading-title elementor-size-default\">Insurance solutions with agile, humanized, and a transparent services for your business!\n<\/h2>\t\t<\/div>\n\t\t\t\t<\/div>\n\t\t\t\t\t<\/div>\n\t\t<\/div>\n\t\t\t\t<div class=\"elementor-column elementor-col-50 elementor-top-column elementor-element elementor-element-00c016b\" data-id=\"00c016b\" data-element_type=\"column\">\n\t\t\t<div class=\"elementor-widget-wrap elementor-element-populated\">\n\t\t\t\t\t\t\t\t<div class=\"elementor-element elementor-element-40bd807 elementor-widget elementor-widget-image\" data-id=\"40bd807\" data-element_type=\"widget\" data-widget_type=\"image.default\">\n\t\t\t\t<div class=\"elementor-widget-container\">\n\t\t\t\t\t\t\t\t\t\t\t\t\t\t\t<img decoding=\"async\" width=\"800\" height=\"398\" src=\"https:\/\/bancofibra.com.br\/wp-content\/uploads\/2021\/09\/img2.png\" class=\"attachment-large size-large wp-image-12434\" alt=\"\" loading=\"lazy\" srcset=\"https:\/\/bancofibra.com.br\/wp-content\/uploads\/2021\/09\/img2.png 800w, https:\/\/bancofibra.com.br\/wp-content\/uploads\/2021\/09\/img2-300x149.png 300w, https:\/\/bancofibra.com.br\/wp-content\/uploads\/2021\/09\/img2-768x382.png 768w, https:\/\/bancofibra.com.br\/wp-content\/uploads\/2021\/09\/img2-101x50.png 101w, https:\/\/bancofibra.com.br\/wp-content\/uploads\/2021\/09\/img2-650x323.png 650w, https:\/\/bancofibra.com.br\/wp-content\/uploads\/2021\/09\/img2-50x25.png 50w\" sizes=\"(max-width: 800px) 100vw, 800px\" \/>\t\t\t\t\t\t\t\t\t\t\t\t\t\t\t<\/div>\n\t\t\t\t<\/div>\n\t\t\t\t\t<\/div>\n\t\t<\/div>\n\t\t\t\t\t\t\t<\/div>\n\t\t<\/section>\n\t\t\t\t<section class=\"elementor-section elementor-top-section elementor-element elementor-element-0b8bb18 elementor-section-stretched elementor-section-boxed elementor-section-height-default elementor-section-height-default\" data-id=\"0b8bb18\" data-element_type=\"section\" data-settings=\"{&quot;stretch_section&quot;:&quot;section-stretched&quot;,&quot;background_background&quot;:&quot;classic&quot;,&quot;_ha_eqh_enable&quot;:false}\">\n\t\t\t\t\t\t<div class=\"elementor-container elementor-column-gap-default\">\n\t\t\t\t\t<div class=\"elementor-column elementor-col-100 elementor-top-column elementor-element elementor-element-7c3b1b3\" data-id=\"7c3b1b3\" data-element_type=\"column\">\n\t\t\t<div class=\"elementor-widget-wrap elementor-element-populated\">\n\t\t\t\t\t\t\t\t<div class=\"elementor-element elementor-element-11ce06c elementor-widget elementor-widget-heading\" data-id=\"11ce06c\" data-element_type=\"widget\" data-widget_type=\"heading.default\">\n\t\t\t\t<div class=\"elementor-widget-container\">\n\t\t\t<h2 class=\"elementor-heading-title elementor-size-default\">Destaques<\/h2>\t\t<\/div>\n\t\t\t\t<\/div>\n\t\t\t\t\t<\/div>\n\t\t<\/div>\n\t\t\t\t\t\t\t<\/div>\n\t\t<\/section>\n\t\t\t\t<section class=\"elementor-section elementor-top-section elementor-element elementor-element-aa0eac9 elementor-section-stretched elementor-section-boxed elementor-section-height-default elementor-section-height-default\" data-id=\"aa0eac9\" data-element_type=\"section\" data-settings=\"{&quot;stretch_section&quot;:&quot;section-stretched&quot;,&quot;background_background&quot;:&quot;classic&quot;,&quot;_ha_eqh_enable&quot;:false}\">\n\t\t\t\t\t\t<div class=\"elementor-container elementor-column-gap-default\">\n\t\t\t\t\t<div class=\"elementor-column elementor-col-33 elementor-top-column elementor-element elementor-element-cffd015\" data-id=\"cffd015\" data-element_type=\"column\">\n\t\t\t<div class=\"elementor-widget-wrap elementor-element-populated\">\n\t\t\t\t\t\t\t\t<div class=\"elementor-element elementor-element-5898f67 ha-css-transform-yes animated-fast ha-infobox-media-dir-top elementor-invisible elementor-widget elementor-widget-ha-infobox happy-addon ha-infobox\" data-id=\"5898f67\" data-element_type=\"widget\" data-settings=\"{&quot;_animation&quot;:&quot;fadeInUp&quot;}\" data-widget_type=\"ha-infobox.default\">\n\t\t\t\t<div class=\"elementor-widget-container\">\n\t\t\t\n\t\t\t\t\t<figure class=\"ha-infobox-figure ha-infobox-figure--image\">\n\t\t\t\t<img width=\"300\" height=\"200\" src=\"https:\/\/bancofibra.com.br\/wp-content\/uploads\/2022\/12\/residencial3-300x200.jpg\" class=\"elementor-animation-disable-animation attachment-medium size-medium wp-image-18874\" alt=\"\" decoding=\"async\" loading=\"lazy\" srcset=\"https:\/\/bancofibra.com.br\/wp-content\/uploads\/2022\/12\/residencial3-300x200.jpg 300w, https:\/\/bancofibra.com.br\/wp-content\/uploads\/2022\/12\/residencial3-18x12.jpg 18w, https:\/\/bancofibra.com.br\/wp-content\/uploads\/2022\/12\/residencial3-75x50.jpg 75w, https:\/\/bancofibra.com.br\/wp-content\/uploads\/2022\/12\/residencial3-50x33.jpg 50w, https:\/\/bancofibra.com.br\/wp-content\/uploads\/2022\/12\/residencial3.jpg 500w\" sizes=\"(max-width: 300px) 100vw, 300px\" \/>\t\t\t<\/figure>\n\t\t\n\t\t<div class=\"ha-infobox-body\">\n\t\t\t<h2 class=\"ha-infobox-title\">Seguro Residencial<\/h2>\n\t\t\t\n\t\t\t<a class=\"ha-btn ha-btn--link\" href=\"https:\/\/bancofibra.com.br\/en\/corretora\/para-voce\/seguro-residencial\/\"><span class=\"ha-btn-text\">Know more<\/span><\/a>\t\t<\/div>\n\t\t\t\t<\/div>\n\t\t\t\t<\/div>\n\t\t\t\t\t<\/div>\n\t\t<\/div>\n\t\t\t\t<div class=\"elementor-column elementor-col-33 elementor-top-column elementor-element elementor-element-07168d2\" data-id=\"07168d2\" data-element_type=\"column\">\n\t\t\t<div class=\"elementor-widget-wrap elementor-element-populated\">\n\t\t\t\t\t\t\t\t<div class=\"elementor-element elementor-element-576f211 ha-css-transform-yes animated-fast ha-infobox-media-dir-top elementor-invisible elementor-widget elementor-widget-ha-infobox happy-addon ha-infobox\" data-id=\"576f211\" data-element_type=\"widget\" data-settings=\"{&quot;_animation&quot;:&quot;fadeInUp&quot;}\" data-widget_type=\"ha-infobox.default\">\n\t\t\t\t<div class=\"elementor-widget-container\">\n\t\t\t\n\t\t\t\t\t<figure class=\"ha-infobox-figure ha-infobox-figure--image\">\n\t\t\t\t<img width=\"300\" height=\"200\" src=\"https:\/\/bancofibra.com.br\/wp-content\/uploads\/2022\/12\/auto1-300x200.jpg\" class=\"elementor-animation-disable-animation attachment-medium size-medium wp-image-18872\" alt=\"\" decoding=\"async\" loading=\"lazy\" srcset=\"https:\/\/bancofibra.com.br\/wp-content\/uploads\/2022\/12\/auto1-300x200.jpg 300w, https:\/\/bancofibra.com.br\/wp-content\/uploads\/2022\/12\/auto1-18x12.jpg 18w, https:\/\/bancofibra.com.br\/wp-content\/uploads\/2022\/12\/auto1-75x50.jpg 75w, https:\/\/bancofibra.com.br\/wp-content\/uploads\/2022\/12\/auto1-50x33.jpg 50w, https:\/\/bancofibra.com.br\/wp-content\/uploads\/2022\/12\/auto1.jpg 500w\" sizes=\"(max-width: 300px) 100vw, 300px\" \/>\t\t\t<\/figure>\n\t\t\n\t\t<div class=\"ha-infobox-body\">\n\t\t\t<h2 class=\"ha-infobox-title\">Seguro Auto<\/h2>\n\t\t\t\n\t\t\t<a class=\"ha-btn ha-btn--link\" href=\"https:\/\/bancofibra.com.br\/en\/corretora\/para-voce\/seguro-auto\/\"><span class=\"ha-btn-text\">Know more<\/span><\/a>\t\t<\/div>\n\t\t\t\t<\/div>\n\t\t\t\t<\/div>\n\t\t\t\t\t<\/div>\n\t\t<\/div>\n\t\t\t\t<div class=\"elementor-column elementor-col-33 elementor-top-column elementor-element elementor-element-7f7fa89\" data-id=\"7f7fa89\" data-element_type=\"column\">\n\t\t\t<div class=\"elementor-widget-wrap elementor-element-populated\">\n\t\t\t\t\t\t\t\t<div class=\"elementor-element elementor-element-5b694d4 ha-css-transform-yes animated-fast ha-infobox-media-dir-top elementor-invisible elementor-widget elementor-widget-ha-infobox happy-addon ha-infobox\" data-id=\"5b694d4\" data-element_type=\"widget\" data-settings=\"{&quot;_animation&quot;:&quot;fadeInUp&quot;}\" data-widget_type=\"ha-infobox.default\">\n\t\t\t\t<div class=\"elementor-widget-container\">\n\t\t\t\n\t\t\t\t\t<figure class=\"ha-infobox-figure ha-infobox-figure--image\">\n\t\t\t\t<img width=\"300\" height=\"200\" src=\"https:\/\/bancofibra.com.br\/wp-content\/uploads\/2022\/12\/viagem1-300x200.jpg\" class=\"elementor-animation-disable-animation attachment-medium size-medium wp-image-18873\" alt=\"\" decoding=\"async\" loading=\"lazy\" srcset=\"https:\/\/bancofibra.com.br\/wp-content\/uploads\/2022\/12\/viagem1-300x200.jpg 300w, https:\/\/bancofibra.com.br\/wp-content\/uploads\/2022\/12\/viagem1-18x12.jpg 18w, https:\/\/bancofibra.com.br\/wp-content\/uploads\/2022\/12\/viagem1-75x50.jpg 75w, https:\/\/bancofibra.com.br\/wp-content\/uploads\/2022\/12\/viagem1-50x33.jpg 50w, https:\/\/bancofibra.com.br\/wp-content\/uploads\/2022\/12\/viagem1.jpg 500w\" sizes=\"(max-width: 300px) 100vw, 300px\" \/>\t\t\t<\/figure>\n\t\t\n\t\t<div class=\"ha-infobox-body\">\n\t\t\t<h2 class=\"ha-infobox-title\">Seguro Viagem<\/h2>\n\t\t\t\n\t\t\t<a class=\"ha-btn ha-btn--link\" href=\"https:\/\/bancofibra.com.br\/en\/corretora\/para-voce\/seguro-viagem\/\"><span class=\"ha-btn-text\">Know more<\/span><\/a>\t\t<\/div>\n\t\t\t\t<\/div>\n\t\t\t\t<\/div>\n\t\t\t\t\t<\/div>\n\t\t<\/div>\n\t\t\t\t\t\t\t<\/div>\n\t\t<\/section>\n\t\t\t\t<section class=\"elementor-section elementor-top-section elementor-element elementor-element-d2e1491 elementor-section-boxed elementor-section-height-default elementor-section-height-default\" data-id=\"d2e1491\" data-element_type=\"section\" data-settings=\"{&quot;background_background&quot;:&quot;classic&quot;,&quot;_ha_eqh_enable&quot;:false}\">\n\t\t\t\t\t\t<div class=\"elementor-container elementor-column-gap-default\">\n\t\t\t\t\t<div class=\"elementor-column elementor-col-50 elementor-top-column elementor-element elementor-element-67db7cc\" data-id=\"67db7cc\" data-element_type=\"column\">\n\t\t\t<div class=\"elementor-widget-wrap elementor-element-populated\">\n\t\t\t\t\t\t\t\t<div class=\"elementor-element elementor-element-064b216 elementor-widget elementor-widget-image\" data-id=\"064b216\" data-element_type=\"widget\" data-widget_type=\"image.default\">\n\t\t\t\t<div class=\"elementor-widget-container\">\n\t\t\t\t\t\t\t\t\t\t\t\t\t\t\t<img decoding=\"async\" width=\"800\" height=\"1021\" src=\"https:\/\/bancofibra.com.br\/wp-content\/uploads\/2021\/09\/img3.png\" class=\"attachment-full size-full wp-image-12435\" alt=\"\" loading=\"lazy\" srcset=\"https:\/\/bancofibra.com.br\/wp-content\/uploads\/2021\/09\/img3.png 800w, https:\/\/bancofibra.com.br\/wp-content\/uploads\/2021\/09\/img3-235x300.png 235w, https:\/\/bancofibra.com.br\/wp-content\/uploads\/2021\/09\/img3-768x980.png 768w, https:\/\/bancofibra.com.br\/wp-content\/uploads\/2021\/09\/img3-39x50.png 39w, https:\/\/bancofibra.com.br\/wp-content\/uploads\/2021\/09\/img3-650x830.png 650w, https:\/\/bancofibra.com.br\/wp-content\/uploads\/2021\/09\/img3-50x64.png 50w\" sizes=\"(max-width: 800px) 100vw, 800px\" \/>\t\t\t\t\t\t\t\t\t\t\t\t\t\t\t<\/div>\n\t\t\t\t<\/div>\n\t\t\t\t\t<\/div>\n\t\t<\/div>\n\t\t\t\t<div class=\"elementor-column elementor-col-50 elementor-top-column elementor-element elementor-element-73d1442 animated-fast elementor-invisible\" data-id=\"73d1442\" data-element_type=\"column\" data-settings=\"{&quot;animation&quot;:&quot;fadeInUp&quot;}\">\n\t\t\t<div class=\"elementor-widget-wrap elementor-element-populated\">\n\t\t\t\t\t\t\t\t<div class=\"elementor-element elementor-element-316e348 elementor-widget elementor-widget-heading\" data-id=\"316e348\" data-element_type=\"widget\" data-widget_type=\"heading.default\">\n\t\t\t\t<div class=\"elementor-widget-container\">\n\t\t\t<h2 class=\"elementor-heading-title elementor-size-default\">CONTACT<\/h2>\t\t<\/div>\n\t\t\t\t<\/div>\n\t\t\t\t<div class=\"elementor-element elementor-element-0dd86a9 elementor-widget elementor-widget-heading\" data-id=\"0dd86a9\" data-element_type=\"widget\" data-widget_type=\"heading.default\">\n\t\t\t\t<div class=\"elementor-widget-container\">\n\t\t\t<h2 class=\"elementor-heading-title elementor-size-default\">For more information, talk to our experts and get a price quotation!\n\n<\/h2>\t\t<\/div>\n\t\t\t\t<\/div>\n\t\t\t\t<div class=\"elementor-element elementor-element-6fb8440 elementor-widget elementor-widget-text-editor\" data-id=\"6fb8440\" data-element_type=\"widget\" data-widget_type=\"text-editor.default\">\n\t\t\t\t<div class=\"elementor-widget-container\">\n\t\t\t\t\t\t\t<p><strong>11 99638 6378 (WhatsApp) <span style=\"text-decoration: underline;\"><a href=\"mailto:cotacao@corretorafibra.com.br\">cotacao@corretorafibra.com.br<\/a><\/span><\/strong><\/p>\t\t\t\t\t\t<\/div>\n\t\t\t\t<\/div>\n\t\t\t\t<div class=\"elementor-element elementor-element-9ae1bd2 elementor-widget elementor-widget-text-editor\" data-id=\"9ae1bd2\" data-element_type=\"widget\" data-widget_type=\"text-editor.default\">\n\t\t\t\t<div class=\"elementor-widget-container\">\n\t\t\t\t\t\t\tFrom 09h to 18h (GMT \u2013 3:00), from Monday to Friday \u2013 except local holidays\t\t\t\t\t\t<\/div>\n\t\t\t\t<\/div>\n\t\t\t\t\t<\/div>\n\t\t<\/div>\n\t\t\t\t\t\t\t<\/div>\n\t\t<\/section>\n\t\t\t\t\t\t\t<\/div>","protected":false},"excerpt":{"rendered":"<p>Solu\u00e7\u00f5es de prote\u00e7\u00e3o e seguran\u00e7a ideais para voc\u00ea Seguro Residencial Seguro Auto Seguro Moto Seguro Viagem Seguro Bike Seguro Celular Seguro Vida Seguro Pet Solu\u00e7\u00f5es de prote\u00e7\u00e3o e seguran\u00e7a ideais<a href=\"https:\/\/bancofibra.com.br\/en\/corretora\/para-voce\/\" class=\"exp-read-more exp-read-more-dots\">&#8230;<\/a><\/p>","protected":false},"author":10,"featured_media":0,"parent":26071,"menu_order":0,"comment_status":"closed","ping_status":"closed","template":"elementor_header_footer","meta":[],"yoast_head":"<!-- This site is optimized with the Yoast SEO plugin v20.13 - https:\/\/yoast.com\/wordpress\/plugins\/seo\/ -->\n<title>Fibra Corretora - Para Voc\u00ea | Banco Fibra<\/title>\n<meta name=\"robots\" content=\"index, follow, max-snippet:-1, max-image-preview:large, max-video-preview:-1\" \/>\n<link rel=\"canonical\" href=\"https:\/\/bancofibra.com.br\/en\/corretora\/para-voce\/\" \/>\n<meta property=\"og:locale\" content=\"en_US\" \/>\n<meta property=\"og:type\" content=\"article\" \/>\n<meta property=\"og:title\" content=\"Fibra Corretora - Para Voc\u00ea | Banco Fibra\" \/>\n<meta property=\"og:description\" content=\"Solu\u00e7\u00f5es de prote\u00e7\u00e3o e seguran\u00e7a ideais para voc\u00ea Seguro Residencial Seguro Auto Seguro Moto Seguro Viagem Seguro Bike Seguro Celular Seguro Vida Seguro Pet Solu\u00e7\u00f5es de prote\u00e7\u00e3o e seguran\u00e7a ideais...\" \/>\n<meta property=\"og:url\" content=\"https:\/\/bancofibra.com.br\/en\/corretora\/para-voce\/\" \/>\n<meta property=\"og:site_name\" content=\"Banco Fibra\" \/>\n<meta property=\"article:modified_time\" content=\"2026-03-19T22:05:56+00:00\" \/>\n<meta property=\"og:image\" content=\"https:\/\/bancofibra.com.br\/wp-content\/uploads\/2022\/12\/moto.png\" \/>\n<meta name=\"twitter:card\" content=\"summary_large_image\" \/>\n<meta name=\"twitter:label1\" content=\"Est. reading time\" \/>\n\t<meta name=\"twitter:data1\" content=\"2 minutes\" \/>\n<script type=\"application\/ld+json\" class=\"yoast-schema-graph\">{\"@context\":\"https:\/\/schema.org\",\"@graph\":[{\"@type\":\"WebPage\",\"@id\":\"https:\/\/bancofibra.com.br\/en\/corretora\/para-voce\/\",\"url\":\"https:\/\/bancofibra.com.br\/en\/corretora\/para-voce\/\",\"name\":\"Fibra Corretora - Para Voc\u00ea | Banco Fibra\",\"isPartOf\":{\"@id\":\"https:\/\/bancofibra.com.br\/#website\"},\"datePublished\":\"2022-12-06T04:02:28+00:00\",\"dateModified\":\"2026-03-19T22:05:56+00:00\",\"breadcrumb\":{\"@id\":\"https:\/\/bancofibra.com.br\/en\/corretora\/para-voce\/#breadcrumb\"},\"inLanguage\":\"en-US\",\"potentialAction\":[{\"@type\":\"ReadAction\",\"target\":[\"https:\/\/bancofibra.com.br\/en\/corretora\/para-voce\/\"]}]},{\"@type\":\"BreadcrumbList\",\"@id\":\"https:\/\/bancofibra.com.br\/en\/corretora\/para-voce\/#breadcrumb\",\"itemListElement\":[{\"@type\":\"ListItem\",\"position\":1,\"name\":\"Home\",\"item\":\"https:\/\/bancofibra.com.br\/en\/\"},{\"@type\":\"ListItem\",\"position\":2,\"name\":\"Fibra Corretora &#8211; Para Voc\u00ea\"}]},{\"@type\":\"WebSite\",\"@id\":\"https:\/\/bancofibra.com.br\/#website\",\"url\":\"https:\/\/bancofibra.com.br\/\",\"name\":\"Banco Fibra\",\"description\":\"Sintonizados com Voc\u00ea\",\"potentialAction\":[{\"@type\":\"SearchAction\",\"target\":{\"@type\":\"EntryPoint\",\"urlTemplate\":\"https:\/\/bancofibra.com.br\/?s={search_term_string}\"},\"query-input\":\"required name=search_term_string\"}],\"inLanguage\":\"en-US\"}]}<\/script>\n<!-- \/ Yoast SEO plugin. -->","yoast_head_json":{"title":"Fibra Corretora - Para Voc\u00ea | Banco Fibra","robots":{"index":"index","follow":"follow","max-snippet":"max-snippet:-1","max-image-preview":"max-image-preview:large","max-video-preview":"max-video-preview:-1"},"canonical":"https:\/\/bancofibra.com.br\/en\/corretora\/para-voce\/","og_locale":"en_US","og_type":"article","og_title":"Fibra Corretora - Para Voc\u00ea | Banco Fibra","og_description":"Solu\u00e7\u00f5es de prote\u00e7\u00e3o e seguran\u00e7a ideais para voc\u00ea Seguro Residencial Seguro Auto Seguro Moto Seguro Viagem Seguro Bike Seguro Celular Seguro Vida Seguro Pet Solu\u00e7\u00f5es de prote\u00e7\u00e3o e seguran\u00e7a ideais...","og_url":"https:\/\/bancofibra.com.br\/en\/corretora\/para-voce\/","og_site_name":"Banco Fibra","article_modified_time":"2026-03-19T22:05:56+00:00","og_image":[{"url":"https:\/\/bancofibra.com.br\/wp-content\/uploads\/2022\/12\/moto.png"}],"twitter_card":"summary_large_image","twitter_misc":{"Est. reading time":"2 minutes"},"schema":{"@context":"https:\/\/schema.org","@graph":[{"@type":"WebPage","@id":"https:\/\/bancofibra.com.br\/en\/corretora\/para-voce\/","url":"https:\/\/bancofibra.com.br\/en\/corretora\/para-voce\/","name":"Fibra Corretora - Para Voc\u00ea | Banco Fibra","isPartOf":{"@id":"https:\/\/bancofibra.com.br\/#website"},"datePublished":"2022-12-06T04:02:28+00:00","dateModified":"2026-03-19T22:05:56+00:00","breadcrumb":{"@id":"https:\/\/bancofibra.com.br\/en\/corretora\/para-voce\/#breadcrumb"},"inLanguage":"en-US","potentialAction":[{"@type":"ReadAction","target":["https:\/\/bancofibra.com.br\/en\/corretora\/para-voce\/"]}]},{"@type":"BreadcrumbList","@id":"https:\/\/bancofibra.com.br\/en\/corretora\/para-voce\/#breadcrumb","itemListElement":[{"@type":"ListItem","position":1,"name":"Home","item":"https:\/\/bancofibra.com.br\/en\/"},{"@type":"ListItem","position":2,"name":"Fibra Corretora &#8211; Para Voc\u00ea"}]},{"@type":"WebSite","@id":"https:\/\/bancofibra.com.br\/#website","url":"https:\/\/bancofibra.com.br\/","name":"Banco Fibra","description":"Sintonizados com Voc\u00ea","potentialAction":[{"@type":"SearchAction","target":{"@type":"EntryPoint","urlTemplate":"https:\/\/bancofibra.com.br\/?s={search_term_string}"},"query-input":"required name=search_term_string"}],"inLanguage":"en-US"}]}},"_links":{"self":[{"href":"https:\/\/bancofibra.com.br\/en\/wp-json\/wp\/v2\/pages\/18597"}],"collection":[{"href":"https:\/\/bancofibra.com.br\/en\/wp-json\/wp\/v2\/pages"}],"about":[{"href":"https:\/\/bancofibra.com.br\/en\/wp-json\/wp\/v2\/types\/page"}],"author":[{"embeddable":true,"href":"https:\/\/bancofibra.com.br\/en\/wp-json\/wp\/v2\/users\/10"}],"replies":[{"embeddable":true,"href":"https:\/\/bancofibra.com.br\/en\/wp-json\/wp\/v2\/comments?post=18597"}],"version-history":[{"count":213,"href":"https:\/\/bancofibra.com.br\/en\/wp-json\/wp\/v2\/pages\/18597\/revisions"}],"predecessor-version":[{"id":24559,"href":"https:\/\/bancofibra.com.br\/en\/wp-json\/wp\/v2\/pages\/18597\/revisions\/24559"}],"up":[{"embeddable":true,"href":"https:\/\/bancofibra.com.br\/en\/wp-json\/wp\/v2\/pages\/26071"}],"wp:attachment":[{"href":"https:\/\/bancofibra.com.br\/en\/wp-json\/wp\/v2\/media?parent=18597"}],"curies":[{"name":"wp","href":"https:\/\/api.w.org\/{rel}","templated":true}]}}