{"id":19364,"date":"2023-01-17T15:42:06","date_gmt":"2023-01-17T15:42:06","guid":{"rendered":"https:\/\/bancofibra.com.br\/?page_id=19364"},"modified":"2025-07-03T14:22:28","modified_gmt":"2025-07-03T14:22:28","slug":"seguro-celular","status":"publish","type":"page","link":"https:\/\/bancofibra.com.br\/en\/corretora\/para-voce\/seguro-celular\/","title":{"rendered":"Fibra Corretora &#8211; Celular"},"content":{"rendered":"<div data-elementor-type=\"wp-page\" data-elementor-id=\"19364\" class=\"elementor elementor-19364\">\n\t\t\t\t\t\t\t\t\t<section class=\"elementor-section elementor-top-section elementor-element elementor-element-b978961 elementor-section-stretched elementor-section-height-min-height elementor-section-boxed elementor-section-height-default elementor-section-items-middle\" data-id=\"b978961\" data-element_type=\"section\" data-settings=\"{&quot;stretch_section&quot;:&quot;section-stretched&quot;,&quot;background_background&quot;:&quot;classic&quot;}\">\n\t\t\t\t\t\t<div class=\"elementor-container elementor-column-gap-default\">\n\t\t\t\t\t<div class=\"elementor-column elementor-col-100 elementor-top-column elementor-element elementor-element-3d26a2c animated-fast elementor-invisible\" data-id=\"3d26a2c\" data-element_type=\"column\" data-settings=\"{&quot;animation&quot;:&quot;fadeInUp&quot;}\">\n\t\t\t<div class=\"elementor-widget-wrap elementor-element-populated\">\n\t\t\t\t\t\t\t\t<div class=\"elementor-element elementor-element-94989d9 elementor-widget elementor-widget-text-editor\" data-id=\"94989d9\" data-element_type=\"widget\" data-widget_type=\"text-editor.default\">\n\t\t\t\t<div class=\"elementor-widget-container\">\n\t\t\t\t\t\t\t<p>Seguro Celular<\/p>\t\t\t\t\t\t<\/div>\n\t\t\t\t<\/div>\n\t\t\t\t<div class=\"elementor-element elementor-element-27abcc9 elementor-widget elementor-widget-text-editor\" data-id=\"27abcc9\" data-element_type=\"widget\" data-widget_type=\"text-editor.default\">\n\t\t\t\t<div class=\"elementor-widget-container\">\n\t\t\t\t\t\t\t<p>Em apenas alguns minutos: f\u00e1cil e r\u00e1pido!<\/p>\t\t\t\t\t\t<\/div>\n\t\t\t\t<\/div>\n\t\t\t\t<div class=\"elementor-element elementor-element-a1c95ed elementor-mobile-align-left elementor-widget elementor-widget-button\" data-id=\"a1c95ed\" data-element_type=\"widget\" data-widget_type=\"button.default\">\n\t\t\t\t<div class=\"elementor-widget-container\">\n\t\t\t\t\t<div class=\"elementor-button-wrapper\">\n\t\t\t<a class=\"elementor-button elementor-button-link elementor-size-sm\" href=\"#elementor-action:action=popup:open&settings=eyJpZCI6IjIwNDg1IiwidG9nZ2xlIjpmYWxzZX0=\" target=\"_blank\">\n\t\t\t\t\t\t<span class=\"elementor-button-content-wrapper\">\n\t\t\t\t\t\t<span class=\"elementor-button-text\">Cote agora<\/span>\n\t\t<\/span>\n\t\t\t\t\t<\/a>\n\t\t<\/div>\n\t\t\t\t<\/div>\n\t\t\t\t<\/div>\n\t\t\t\t\t<\/div>\n\t\t<\/div>\n\t\t\t\t\t\t\t<\/div>\n\t\t<\/section>\n\t\t\t\t<section class=\"elementor-section elementor-top-section elementor-element elementor-element-eea4fcb elementor-section-boxed elementor-section-height-default elementor-section-height-default\" data-id=\"eea4fcb\" data-element_type=\"section\" data-settings=\"{&quot;_ha_eqh_enable&quot;:false}\">\n\t\t\t\t\t\t<div class=\"elementor-container elementor-column-gap-default\">\n\t\t\t\t\t<div class=\"elementor-column elementor-col-50 elementor-top-column elementor-element elementor-element-8e4c792\" data-id=\"8e4c792\" data-element_type=\"column\">\n\t\t\t<div class=\"elementor-widget-wrap elementor-element-populated\">\n\t\t\t\t\t\t\t\t<div class=\"elementor-element elementor-element-e526af0 elementor-widget elementor-widget-heading\" data-id=\"e526af0\" data-element_type=\"widget\" data-widget_type=\"heading.default\">\n\t\t\t\t<div class=\"elementor-widget-container\">\n\t\t\t<h2 class=\"elementor-heading-title elementor-size-default\">Ficar protegido contra qualquer problema no seu celular n\u00e3o precisa ser demorado.<\/h2>\t\t<\/div>\n\t\t\t\t<\/div>\n\t\t\t\t\t<\/div>\n\t\t<\/div>\n\t\t\t\t<div class=\"elementor-column elementor-col-50 elementor-top-column elementor-element elementor-element-859ed1d\" data-id=\"859ed1d\" data-element_type=\"column\">\n\t\t\t<div class=\"elementor-widget-wrap elementor-element-populated\">\n\t\t\t\t\t\t\t\t<div class=\"elementor-element elementor-element-13cf96e elementor-widget elementor-widget-text-editor\" data-id=\"13cf96e\" data-element_type=\"widget\" data-widget_type=\"text-editor.default\">\n\t\t\t\t<div class=\"elementor-widget-container\">\n\t\t\t\t\t\t\tConfira algumas coberturas:\t\t\t\t\t\t<\/div>\n\t\t\t\t<\/div>\n\t\t\t\t<div class=\"elementor-element elementor-element-04de112 elementor-icon-list--layout-traditional elementor-list-item-link-full_width elementor-widget elementor-widget-icon-list\" data-id=\"04de112\" data-element_type=\"widget\" data-widget_type=\"icon-list.default\">\n\t\t\t\t<div class=\"elementor-widget-container\">\n\t\t\t\t\t<ul class=\"elementor-icon-list-items\">\n\t\t\t\t\t\t\t<li class=\"elementor-icon-list-item\">\n\t\t\t\t\t\t\t\t\t\t\t<span class=\"elementor-icon-list-icon\">\n\t\t\t\t\t\t\t<i aria-hidden=\"true\" class=\"fas fa-check\"><\/i>\t\t\t\t\t\t<\/span>\n\t\t\t\t\t\t\t\t\t\t<span class=\"elementor-icon-list-text\">Roubo<\/span>\n\t\t\t\t\t\t\t\t\t<\/li>\n\t\t\t\t\t\t\t\t<li class=\"elementor-icon-list-item\">\n\t\t\t\t\t\t\t\t\t\t\t<span class=\"elementor-icon-list-icon\">\n\t\t\t\t\t\t\t<i aria-hidden=\"true\" class=\"fas fa-check\"><\/i>\t\t\t\t\t\t<\/span>\n\t\t\t\t\t\t\t\t\t\t<span class=\"elementor-icon-list-text\">Quebra<\/span>\n\t\t\t\t\t\t\t\t\t<\/li>\n\t\t\t\t\t\t\t\t<li class=\"elementor-icon-list-item\">\n\t\t\t\t\t\t\t\t\t\t\t<span class=\"elementor-icon-list-icon\">\n\t\t\t\t\t\t\t<i aria-hidden=\"true\" class=\"fas fa-check\"><\/i>\t\t\t\t\t\t<\/span>\n\t\t\t\t\t\t\t\t\t\t<span class=\"elementor-icon-list-text\">Danos l\u00edquidos.<\/span>\n\t\t\t\t\t\t\t\t\t<\/li>\n\t\t\t\t\t\t<\/ul>\n\t\t\t\t<\/div>\n\t\t\t\t<\/div>\n\t\t\t\t\t<\/div>\n\t\t<\/div>\n\t\t\t\t\t\t\t<\/div>\n\t\t<\/section>\n\t\t\t\t<section class=\"elementor-section elementor-top-section elementor-element elementor-element-22fc5e1 elementor-section-boxed elementor-section-height-default elementor-section-height-default\" data-id=\"22fc5e1\" data-element_type=\"section\" data-settings=\"{&quot;_ha_eqh_enable&quot;:false}\">\n\t\t\t\t\t\t<div class=\"elementor-container elementor-column-gap-default\">\n\t\t\t\t\t<div class=\"elementor-column elementor-col-100 elementor-top-column elementor-element elementor-element-bd06047\" data-id=\"bd06047\" data-element_type=\"column\">\n\t\t\t<div class=\"elementor-widget-wrap elementor-element-populated\">\n\t\t\t\t\t\t\t\t<div class=\"elementor-element elementor-element-fe482ac elementor-widget elementor-widget-text-editor\" data-id=\"fe482ac\" data-element_type=\"widget\" data-widget_type=\"text-editor.default\">\n\t\t\t\t<div class=\"elementor-widget-container\">\n\t\t\t\t\t\t\t<p><strong>Confira sempre as coberturas contratadas no seu seguro e em caso de d\u00favida ligue para a gente:<\/strong> (11) 99638-6378 (WhatsApp), das 9h \u00e0s 18h de segunda a sexta-feira, exceto feriados. <span style=\"text-decoration: underline;\"><a href=\"mailto:cotacao@corretorafibra.com.br\">cotacao@corretorafibra.com.br<\/a><\/span>.<\/p>\t\t\t\t\t\t<\/div>\n\t\t\t\t<\/div>\n\t\t\t\t\t<\/div>\n\t\t<\/div>\n\t\t\t\t\t\t\t<\/div>\n\t\t<\/section>\n\t\t\t\t<section class=\"elementor-section elementor-top-section elementor-element elementor-element-3b15d9e elementor-section-stretched elementor-section-boxed elementor-section-height-default elementor-section-height-default\" data-id=\"3b15d9e\" data-element_type=\"section\" data-settings=\"{&quot;background_background&quot;:&quot;classic&quot;,&quot;stretch_section&quot;:&quot;section-stretched&quot;,&quot;_ha_eqh_enable&quot;:false}\">\n\t\t\t\t\t\t<div class=\"elementor-container elementor-column-gap-default\">\n\t\t\t\t\t<div class=\"elementor-column elementor-col-50 elementor-top-column elementor-element elementor-element-9e6c712\" data-id=\"9e6c712\" data-element_type=\"column\">\n\t\t\t<div class=\"elementor-widget-wrap elementor-element-populated\">\n\t\t\t\t\t\t\t\t<div class=\"elementor-element elementor-element-59891bf elementor-widget elementor-widget-image\" data-id=\"59891bf\" data-element_type=\"widget\" data-widget_type=\"image.default\">\n\t\t\t\t<div class=\"elementor-widget-container\">\n\t\t\t\t\t\t\t\t\t\t\t\t\t\t\t<img decoding=\"async\" width=\"800\" height=\"1021\" src=\"https:\/\/bancofibra.com.br\/wp-content\/uploads\/2021\/09\/img3.png\" class=\"attachment-full size-full wp-image-12435\" alt=\"\" loading=\"lazy\" srcset=\"https:\/\/bancofibra.com.br\/wp-content\/uploads\/2021\/09\/img3.png 800w, https:\/\/bancofibra.com.br\/wp-content\/uploads\/2021\/09\/img3-235x300.png 235w, https:\/\/bancofibra.com.br\/wp-content\/uploads\/2021\/09\/img3-768x980.png 768w, https:\/\/bancofibra.com.br\/wp-content\/uploads\/2021\/09\/img3-39x50.png 39w, https:\/\/bancofibra.com.br\/wp-content\/uploads\/2021\/09\/img3-650x830.png 650w, https:\/\/bancofibra.com.br\/wp-content\/uploads\/2021\/09\/img3-50x64.png 50w\" sizes=\"(max-width: 800px) 100vw, 800px\" \/>\t\t\t\t\t\t\t\t\t\t\t\t\t\t\t<\/div>\n\t\t\t\t<\/div>\n\t\t\t\t\t<\/div>\n\t\t<\/div>\n\t\t\t\t<div class=\"elementor-column elementor-col-50 elementor-top-column elementor-element elementor-element-1d115db animated-fast elementor-invisible\" data-id=\"1d115db\" data-element_type=\"column\" data-settings=\"{&quot;animation&quot;:&quot;fadeInUp&quot;}\">\n\t\t\t<div class=\"elementor-widget-wrap elementor-element-populated\">\n\t\t\t\t\t\t\t\t<div class=\"elementor-element elementor-element-e73afb4 elementor-widget elementor-widget-heading\" data-id=\"e73afb4\" data-element_type=\"widget\" data-widget_type=\"heading.default\">\n\t\t\t\t<div class=\"elementor-widget-container\">\n\t\t\t<h2 class=\"elementor-heading-title elementor-size-default\">CONTACT<\/h2>\t\t<\/div>\n\t\t\t\t<\/div>\n\t\t\t\t<div class=\"elementor-element elementor-element-951eb8d elementor-widget elementor-widget-heading\" data-id=\"951eb8d\" data-element_type=\"widget\" data-widget_type=\"heading.default\">\n\t\t\t\t<div class=\"elementor-widget-container\">\n\t\t\t<h2 class=\"elementor-heading-title elementor-size-default\">For more information, talk to our experts and get a price quotation! \n\n<\/h2>\t\t<\/div>\n\t\t\t\t<\/div>\n\t\t\t\t<div class=\"elementor-element elementor-element-42277a6 elementor-widget elementor-widget-text-editor\" data-id=\"42277a6\" data-element_type=\"widget\" data-widget_type=\"text-editor.default\">\n\t\t\t\t<div class=\"elementor-widget-container\">\n\t\t\t\t\t\t\tWe are ready to attend to you:\t\t\t\t\t\t<\/div>\n\t\t\t\t<\/div>\n\t\t\t\t<div class=\"elementor-element elementor-element-494aa93 elementor-widget elementor-widget-text-editor\" data-id=\"494aa93\" data-element_type=\"widget\" data-widget_type=\"text-editor.default\">\n\t\t\t\t<div class=\"elementor-widget-container\">\n\t\t\t\t\t\t\t<strong>(11) 99638-6378 (WhatsApp)<\/strong>\t\t\t\t\t\t<\/div>\n\t\t\t\t<\/div>\n\t\t\t\t<div class=\"elementor-element elementor-element-8ff7fd0 elementor-widget elementor-widget-text-editor\" data-id=\"8ff7fd0\" data-element_type=\"widget\" data-widget_type=\"text-editor.default\">\n\t\t\t\t<div class=\"elementor-widget-container\">\n\t\t\t\t\t\t\tdas 9h \u00e0s 18h de segunda a sexta-feira, exceto feriados.\t\t\t\t\t\t<\/div>\n\t\t\t\t<\/div>\n\t\t\t\t<div class=\"elementor-element elementor-element-5b28f13 elementor-widget elementor-widget-text-editor\" data-id=\"5b28f13\" data-element_type=\"widget\" data-widget_type=\"text-editor.default\">\n\t\t\t\t<div class=\"elementor-widget-container\">\n\t\t\t\t\t\t\t<strong><span style=\"text-decoration: underline;\"><a href=\"mailto:cotacao@corretorafibra.com.br\">cotacao@corretorafibra.com.br<\/a><\/span><\/strong>\t\t\t\t\t\t<\/div>\n\t\t\t\t<\/div>\n\t\t\t\t\t<\/div>\n\t\t<\/div>\n\t\t\t\t\t\t\t<\/div>\n\t\t<\/section>\n\t\t\t\t\t\t\t<\/div>","protected":false},"excerpt":{"rendered":"<p>Seguro Celular Em apenas alguns minutos: f\u00e1cil e r\u00e1pido! Cote agora Ficar protegido contra qualquer problema no seu celular n\u00e3o precisa ser demorado. Confira algumas coberturas: Roubo Quebra Danos l\u00edquidos.<a href=\"https:\/\/bancofibra.com.br\/en\/corretora\/para-voce\/seguro-celular\/\" class=\"exp-read-more exp-read-more-dots\">&#8230;<\/a><\/p>","protected":false},"author":10,"featured_media":0,"parent":18597,"menu_order":0,"comment_status":"closed","ping_status":"closed","template":"elementor_header_footer","meta":[],"yoast_head":"<!-- This site is optimized with the Yoast SEO plugin v20.13 - https:\/\/yoast.com\/wordpress\/plugins\/seo\/ -->\n<title>Fibra Corretora - Celular | Banco Fibra<\/title>\n<meta name=\"robots\" content=\"index, follow, max-snippet:-1, max-image-preview:large, max-video-preview:-1\" \/>\n<link rel=\"canonical\" href=\"https:\/\/bancofibra.com.br\/en\/corretora\/para-voce\/seguro-celular\/\" \/>\n<meta property=\"og:locale\" content=\"en_US\" \/>\n<meta property=\"og:type\" content=\"article\" \/>\n<meta property=\"og:title\" content=\"Fibra Corretora - Celular | Banco Fibra\" \/>\n<meta property=\"og:description\" content=\"Seguro Celular Em apenas alguns minutos: f\u00e1cil e r\u00e1pido! Cote agora Ficar protegido contra qualquer problema no seu celular n\u00e3o precisa ser demorado. Confira algumas coberturas: Roubo Quebra Danos l\u00edquidos....\" \/>\n<meta property=\"og:url\" content=\"https:\/\/bancofibra.com.br\/en\/corretora\/para-voce\/seguro-celular\/\" \/>\n<meta property=\"og:site_name\" content=\"Banco Fibra\" \/>\n<meta property=\"article:modified_time\" content=\"2025-07-03T14:22:28+00:00\" \/>\n<meta property=\"og:image\" content=\"https:\/\/bancofibra.com.br\/wp-content\/uploads\/2021\/09\/img3.png\" \/>\n<meta name=\"twitter:card\" content=\"summary_large_image\" \/>\n<meta name=\"twitter:label1\" content=\"Est. reading time\" \/>\n\t<meta name=\"twitter:data1\" content=\"1 minute\" \/>\n<script type=\"application\/ld+json\" class=\"yoast-schema-graph\">{\"@context\":\"https:\/\/schema.org\",\"@graph\":[{\"@type\":\"WebPage\",\"@id\":\"https:\/\/bancofibra.com.br\/en\/corretora\/para-voce\/seguro-celular\/\",\"url\":\"https:\/\/bancofibra.com.br\/en\/corretora\/para-voce\/seguro-celular\/\",\"name\":\"Fibra Corretora - Celular | Banco Fibra\",\"isPartOf\":{\"@id\":\"https:\/\/bancofibra.com.br\/#website\"},\"datePublished\":\"2023-01-17T15:42:06+00:00\",\"dateModified\":\"2025-07-03T14:22:28+00:00\",\"breadcrumb\":{\"@id\":\"https:\/\/bancofibra.com.br\/en\/corretora\/para-voce\/seguro-celular\/#breadcrumb\"},\"inLanguage\":\"en-US\",\"potentialAction\":[{\"@type\":\"ReadAction\",\"target\":[\"https:\/\/bancofibra.com.br\/en\/corretora\/para-voce\/seguro-celular\/\"]}]},{\"@type\":\"BreadcrumbList\",\"@id\":\"https:\/\/bancofibra.com.br\/en\/corretora\/para-voce\/seguro-celular\/#breadcrumb\",\"itemListElement\":[{\"@type\":\"ListItem\",\"position\":1,\"name\":\"Home\",\"item\":\"https:\/\/bancofibra.com.br\/en\/\"},{\"@type\":\"ListItem\",\"position\":2,\"name\":\"Fibra Corretora\",\"item\":\"https:\/\/bancofibra.com.br\/en\/corretora\/\"},{\"@type\":\"ListItem\",\"position\":3,\"name\":\"Fibra Corretora &#8211; Para Voc\u00ea\",\"item\":\"https:\/\/bancofibra.com.br\/en\/corretora\/para-voce\/\"},{\"@type\":\"ListItem\",\"position\":4,\"name\":\"Fibra Corretora &#8211; Celular\"}]},{\"@type\":\"WebSite\",\"@id\":\"https:\/\/bancofibra.com.br\/#website\",\"url\":\"https:\/\/bancofibra.com.br\/\",\"name\":\"Banco Fibra\",\"description\":\"Sintonizados com Voc\u00ea\",\"potentialAction\":[{\"@type\":\"SearchAction\",\"target\":{\"@type\":\"EntryPoint\",\"urlTemplate\":\"https:\/\/bancofibra.com.br\/?s={search_term_string}\"},\"query-input\":\"required name=search_term_string\"}],\"inLanguage\":\"en-US\"}]}<\/script>\n<!-- \/ Yoast SEO plugin. -->","yoast_head_json":{"title":"Fibra Corretora - Celular | Banco Fibra","robots":{"index":"index","follow":"follow","max-snippet":"max-snippet:-1","max-image-preview":"max-image-preview:large","max-video-preview":"max-video-preview:-1"},"canonical":"https:\/\/bancofibra.com.br\/en\/corretora\/para-voce\/seguro-celular\/","og_locale":"en_US","og_type":"article","og_title":"Fibra Corretora - Celular | Banco Fibra","og_description":"Seguro Celular Em apenas alguns minutos: f\u00e1cil e r\u00e1pido! Cote agora Ficar protegido contra qualquer problema no seu celular n\u00e3o precisa ser demorado. Confira algumas coberturas: Roubo Quebra Danos l\u00edquidos....","og_url":"https:\/\/bancofibra.com.br\/en\/corretora\/para-voce\/seguro-celular\/","og_site_name":"Banco Fibra","article_modified_time":"2025-07-03T14:22:28+00:00","og_image":[{"url":"https:\/\/bancofibra.com.br\/wp-content\/uploads\/2021\/09\/img3.png"}],"twitter_card":"summary_large_image","twitter_misc":{"Est. reading time":"1 minute"},"schema":{"@context":"https:\/\/schema.org","@graph":[{"@type":"WebPage","@id":"https:\/\/bancofibra.com.br\/en\/corretora\/para-voce\/seguro-celular\/","url":"https:\/\/bancofibra.com.br\/en\/corretora\/para-voce\/seguro-celular\/","name":"Fibra Corretora - Celular | Banco Fibra","isPartOf":{"@id":"https:\/\/bancofibra.com.br\/#website"},"datePublished":"2023-01-17T15:42:06+00:00","dateModified":"2025-07-03T14:22:28+00:00","breadcrumb":{"@id":"https:\/\/bancofibra.com.br\/en\/corretora\/para-voce\/seguro-celular\/#breadcrumb"},"inLanguage":"en-US","potentialAction":[{"@type":"ReadAction","target":["https:\/\/bancofibra.com.br\/en\/corretora\/para-voce\/seguro-celular\/"]}]},{"@type":"BreadcrumbList","@id":"https:\/\/bancofibra.com.br\/en\/corretora\/para-voce\/seguro-celular\/#breadcrumb","itemListElement":[{"@type":"ListItem","position":1,"name":"Home","item":"https:\/\/bancofibra.com.br\/en\/"},{"@type":"ListItem","position":2,"name":"Fibra Corretora","item":"https:\/\/bancofibra.com.br\/en\/corretora\/"},{"@type":"ListItem","position":3,"name":"Fibra Corretora &#8211; Para Voc\u00ea","item":"https:\/\/bancofibra.com.br\/en\/corretora\/para-voce\/"},{"@type":"ListItem","position":4,"name":"Fibra Corretora &#8211; Celular"}]},{"@type":"WebSite","@id":"https:\/\/bancofibra.com.br\/#website","url":"https:\/\/bancofibra.com.br\/","name":"Banco Fibra","description":"Sintonizados com Voc\u00ea","potentialAction":[{"@type":"SearchAction","target":{"@type":"EntryPoint","urlTemplate":"https:\/\/bancofibra.com.br\/?s={search_term_string}"},"query-input":"required name=search_term_string"}],"inLanguage":"en-US"}]}},"_links":{"self":[{"href":"https:\/\/bancofibra.com.br\/en\/wp-json\/wp\/v2\/pages\/19364"}],"collection":[{"href":"https:\/\/bancofibra.com.br\/en\/wp-json\/wp\/v2\/pages"}],"about":[{"href":"https:\/\/bancofibra.com.br\/en\/wp-json\/wp\/v2\/types\/page"}],"author":[{"embeddable":true,"href":"https:\/\/bancofibra.com.br\/en\/wp-json\/wp\/v2\/users\/10"}],"replies":[{"embeddable":true,"href":"https:\/\/bancofibra.com.br\/en\/wp-json\/wp\/v2\/comments?post=19364"}],"version-history":[{"count":58,"href":"https:\/\/bancofibra.com.br\/en\/wp-json\/wp\/v2\/pages\/19364\/revisions"}],"predecessor-version":[{"id":24535,"href":"https:\/\/bancofibra.com.br\/en\/wp-json\/wp\/v2\/pages\/19364\/revisions\/24535"}],"up":[{"embeddable":true,"href":"https:\/\/bancofibra.com.br\/en\/wp-json\/wp\/v2\/pages\/18597"}],"wp:attachment":[{"href":"https:\/\/bancofibra.com.br\/en\/wp-json\/wp\/v2\/media?parent=19364"}],"curies":[{"name":"wp","href":"https:\/\/api.w.org\/{rel}","templated":true}]}}