{"id":19454,"date":"2023-01-17T20:25:20","date_gmt":"2023-01-17T20:25:20","guid":{"rendered":"https:\/\/bancofibra.com.br\/?page_id=19454"},"modified":"2023-02-03T20:47:23","modified_gmt":"2023-02-03T20:47:23","slug":"investimento","status":"publish","type":"page","link":"https:\/\/bancofibra.com.br\/en\/investimento\/","title":{"rendered":"Investments"},"content":{"rendered":"<div data-elementor-type=\"wp-page\" data-elementor-id=\"19454\" class=\"elementor elementor-19454\">\n\t\t\t\t\t\t\t\t\t<section class=\"elementor-section elementor-top-section elementor-element elementor-element-792cfead elementor-section-stretched elementor-section-boxed elementor-section-height-default elementor-section-height-default\" data-id=\"792cfead\" data-element_type=\"section\" data-settings=\"{&quot;stretch_section&quot;:&quot;section-stretched&quot;,&quot;background_background&quot;:&quot;classic&quot;,&quot;_ha_eqh_enable&quot;:false}\">\n\t\t\t\t\t\t\t<div class=\"elementor-background-overlay\"><\/div>\n\t\t\t\t\t\t\t<div class=\"elementor-container elementor-column-gap-default\">\n\t\t\t\t\t<div class=\"elementor-column elementor-col-100 elementor-top-column elementor-element elementor-element-52113f9f\" data-id=\"52113f9f\" data-element_type=\"column\">\n\t\t\t<div class=\"elementor-widget-wrap elementor-element-populated\">\n\t\t\t\t\t\t\t\t<div class=\"elementor-element elementor-element-7ab6f19b elementor-widget elementor-widget-heading\" data-id=\"7ab6f19b\" data-element_type=\"widget\" data-widget_type=\"heading.default\">\n\t\t\t\t<div class=\"elementor-widget-container\">\n\t\t\t<h2 class=\"elementor-heading-title elementor-size-default\">Abertura de conta 100% digital e sem cobran\u00e7as de tarifa<\/h2>\t\t<\/div>\n\t\t\t\t<\/div>\n\t\t\t\t\t<\/div>\n\t\t<\/div>\n\t\t\t\t\t\t\t<\/div>\n\t\t<\/section>\n\t\t\t\t\t\t\t<\/div>","protected":false},"excerpt":{"rendered":"<p>NOSSAS SOLU\u00c7\u00d5ES \u00d3timas op\u00e7\u00f5es de investimentos para voc\u00ea Estamos preparados para atender as mais diversas demandas de solu\u00e7\u00f5es financeiras. (Certificado de Dep\u00f3sito Banc\u00e1rio) Um investimento em renda fixa, emitido por<a href=\"https:\/\/bancofibra.com.br\/en\/investimento\/\" class=\"exp-read-more exp-read-more-dots\">&#8230;<\/a><\/p>","protected":false},"author":10,"featured_media":0,"parent":0,"menu_order":0,"comment_status":"closed","ping_status":"closed","template":"elementor_header_footer","meta":[],"yoast_head":"<!-- This site is optimized with the Yoast SEO plugin v20.13 - https:\/\/yoast.com\/wordpress\/plugins\/seo\/ -->\n<title>Investimentos | Banco Fibra<\/title>\n<meta name=\"robots\" content=\"index, follow, max-snippet:-1, max-image-preview:large, max-video-preview:-1\" \/>\n<link rel=\"canonical\" href=\"https:\/\/bancofibra.com.br\/en\/investimento\/\" \/>\n<meta property=\"og:locale\" content=\"en_US\" \/>\n<meta property=\"og:type\" content=\"article\" \/>\n<meta property=\"og:title\" content=\"Investimentos | Banco Fibra\" \/>\n<meta property=\"og:description\" content=\"NOSSAS SOLU\u00c7\u00d5ES \u00d3timas op\u00e7\u00f5es de investimentos para voc\u00ea Estamos preparados para atender as mais diversas demandas de solu\u00e7\u00f5es financeiras. (Certificado de Dep\u00f3sito Banc\u00e1rio) Um investimento em renda fixa, emitido por...\" \/>\n<meta property=\"og:url\" content=\"https:\/\/bancofibra.com.br\/en\/investimento\/\" \/>\n<meta property=\"og:site_name\" content=\"Banco Fibra\" \/>\n<meta property=\"article:modified_time\" content=\"2023-02-03T20:47:23+00:00\" \/>\n<meta property=\"og:image\" content=\"https:\/\/bancofibra.com.br\/wp-content\/uploads\/2023\/01\/CDB-1.png\" \/>\n<meta name=\"twitter:card\" content=\"summary_large_image\" \/>\n<meta name=\"twitter:label1\" content=\"Est. reading time\" \/>\n\t<meta name=\"twitter:data1\" content=\"4 minutes\" \/>\n<script type=\"application\/ld+json\" class=\"yoast-schema-graph\">{\"@context\":\"https:\/\/schema.org\",\"@graph\":[{\"@type\":\"WebPage\",\"@id\":\"https:\/\/bancofibra.com.br\/en\/investimento\/\",\"url\":\"https:\/\/bancofibra.com.br\/en\/investimento\/\",\"name\":\"Investimentos | Banco Fibra\",\"isPartOf\":{\"@id\":\"https:\/\/bancofibra.com.br\/#website\"},\"datePublished\":\"2023-01-17T20:25:20+00:00\",\"dateModified\":\"2023-02-03T20:47:23+00:00\",\"breadcrumb\":{\"@id\":\"https:\/\/bancofibra.com.br\/en\/investimento\/#breadcrumb\"},\"inLanguage\":\"en-US\",\"potentialAction\":[{\"@type\":\"ReadAction\",\"target\":[\"https:\/\/bancofibra.com.br\/en\/investimento\/\"]}]},{\"@type\":\"BreadcrumbList\",\"@id\":\"https:\/\/bancofibra.com.br\/en\/investimento\/#breadcrumb\",\"itemListElement\":[{\"@type\":\"ListItem\",\"position\":1,\"name\":\"Home\",\"item\":\"https:\/\/bancofibra.com.br\/en\/\"},{\"@type\":\"ListItem\",\"position\":2,\"name\":\"Investimentos\"}]},{\"@type\":\"WebSite\",\"@id\":\"https:\/\/bancofibra.com.br\/#website\",\"url\":\"https:\/\/bancofibra.com.br\/\",\"name\":\"Banco Fibra\",\"description\":\"Sintonizados com Voc\u00ea\",\"potentialAction\":[{\"@type\":\"SearchAction\",\"target\":{\"@type\":\"EntryPoint\",\"urlTemplate\":\"https:\/\/bancofibra.com.br\/?s={search_term_string}\"},\"query-input\":\"required name=search_term_string\"}],\"inLanguage\":\"en-US\"}]}<\/script>\n<!-- \/ Yoast SEO plugin. -->","yoast_head_json":{"title":"Investimentos | Banco Fibra","robots":{"index":"index","follow":"follow","max-snippet":"max-snippet:-1","max-image-preview":"max-image-preview:large","max-video-preview":"max-video-preview:-1"},"canonical":"https:\/\/bancofibra.com.br\/en\/investimento\/","og_locale":"en_US","og_type":"article","og_title":"Investimentos | Banco Fibra","og_description":"NOSSAS SOLU\u00c7\u00d5ES \u00d3timas op\u00e7\u00f5es de investimentos para voc\u00ea Estamos preparados para atender as mais diversas demandas de solu\u00e7\u00f5es financeiras. (Certificado de Dep\u00f3sito Banc\u00e1rio) Um investimento em renda fixa, emitido por...","og_url":"https:\/\/bancofibra.com.br\/en\/investimento\/","og_site_name":"Banco Fibra","article_modified_time":"2023-02-03T20:47:23+00:00","og_image":[{"url":"https:\/\/bancofibra.com.br\/wp-content\/uploads\/2023\/01\/CDB-1.png"}],"twitter_card":"summary_large_image","twitter_misc":{"Est. reading time":"4 minutes"},"schema":{"@context":"https:\/\/schema.org","@graph":[{"@type":"WebPage","@id":"https:\/\/bancofibra.com.br\/en\/investimento\/","url":"https:\/\/bancofibra.com.br\/en\/investimento\/","name":"Investimentos | Banco Fibra","isPartOf":{"@id":"https:\/\/bancofibra.com.br\/#website"},"datePublished":"2023-01-17T20:25:20+00:00","dateModified":"2023-02-03T20:47:23+00:00","breadcrumb":{"@id":"https:\/\/bancofibra.com.br\/en\/investimento\/#breadcrumb"},"inLanguage":"en-US","potentialAction":[{"@type":"ReadAction","target":["https:\/\/bancofibra.com.br\/en\/investimento\/"]}]},{"@type":"BreadcrumbList","@id":"https:\/\/bancofibra.com.br\/en\/investimento\/#breadcrumb","itemListElement":[{"@type":"ListItem","position":1,"name":"Home","item":"https:\/\/bancofibra.com.br\/en\/"},{"@type":"ListItem","position":2,"name":"Investimentos"}]},{"@type":"WebSite","@id":"https:\/\/bancofibra.com.br\/#website","url":"https:\/\/bancofibra.com.br\/","name":"Banco Fibra","description":"Sintonizados com Voc\u00ea","potentialAction":[{"@type":"SearchAction","target":{"@type":"EntryPoint","urlTemplate":"https:\/\/bancofibra.com.br\/?s={search_term_string}"},"query-input":"required name=search_term_string"}],"inLanguage":"en-US"}]}},"_links":{"self":[{"href":"https:\/\/bancofibra.com.br\/en\/wp-json\/wp\/v2\/pages\/19454"}],"collection":[{"href":"https:\/\/bancofibra.com.br\/en\/wp-json\/wp\/v2\/pages"}],"about":[{"href":"https:\/\/bancofibra.com.br\/en\/wp-json\/wp\/v2\/types\/page"}],"author":[{"embeddable":true,"href":"https:\/\/bancofibra.com.br\/en\/wp-json\/wp\/v2\/users\/10"}],"replies":[{"embeddable":true,"href":"https:\/\/bancofibra.com.br\/en\/wp-json\/wp\/v2\/comments?post=19454"}],"version-history":[{"count":119,"href":"https:\/\/bancofibra.com.br\/en\/wp-json\/wp\/v2\/pages\/19454\/revisions"}],"predecessor-version":[{"id":19942,"href":"https:\/\/bancofibra.com.br\/en\/wp-json\/wp\/v2\/pages\/19454\/revisions\/19942"}],"wp:attachment":[{"href":"https:\/\/bancofibra.com.br\/en\/wp-json\/wp\/v2\/media?parent=19454"}],"curies":[{"name":"wp","href":"https:\/\/api.w.org\/{rel}","templated":true}]}}