{"id":21879,"date":"2023-09-21T21:11:11","date_gmt":"2023-09-21T21:11:11","guid":{"rendered":"https:\/\/bancofibra.com.br\/?page_id=21879"},"modified":"2023-09-28T20:21:08","modified_gmt":"2023-09-28T20:21:08","slug":"portabilidade_oc","status":"publish","type":"page","link":"https:\/\/bancofibra.com.br\/en\/portabilidade_oc\/","title":{"rendered":"Portabilidade de Opera\u00e7\u00f5es de Cr\u00e9dito"},"content":{"rendered":"<div data-elementor-type=\"wp-page\" data-elementor-id=\"21879\" class=\"elementor elementor-21879\">\n\t\t\t\t\t\t\t\t\t<section class=\"elementor-section elementor-top-section elementor-element elementor-element-28add5e elementor-section-stretched elementor-hidden-desktop elementor-section-boxed elementor-section-height-default elementor-section-height-default\" data-id=\"28add5e\" data-element_type=\"section\" data-settings=\"{&quot;background_background&quot;:&quot;classic&quot;,&quot;stretch_section&quot;:&quot;section-stretched&quot;,&quot;_ha_eqh_enable&quot;:false}\">\n\t\t\t\t\t\t<div class=\"elementor-container elementor-column-gap-no\">\n\t\t\t\t\t<div class=\"elementor-column elementor-col-100 elementor-top-column elementor-element elementor-element-5cfb122\" data-id=\"5cfb122\" data-element_type=\"column\">\n\t\t\t<div class=\"elementor-widget-wrap elementor-element-populated\">\n\t\t\t\t\t\t\t\t<div class=\"elementor-element elementor-element-df532b5 elementor-widget elementor-widget-text-editor\" data-id=\"df532b5\" data-element_type=\"widget\" data-widget_type=\"text-editor.default\">\n\t\t\t\t<div class=\"elementor-widget-container\">\n\t\t\t\t\t\t\t<p>Portabilidade de Opera\u00e7\u00f5es de Cr\u00e9dito<\/p>\t\t\t\t\t\t<\/div>\n\t\t\t\t<\/div>\n\t\t\t\t<div class=\"elementor-element elementor-element-354c090 elementor-widget elementor-widget-text-editor\" data-id=\"354c090\" data-element_type=\"widget\" data-widget_type=\"text-editor.default\">\n\t\t\t\t<div class=\"elementor-widget-container\">\n\t\t\t\t\t\t\t<p>Caso haja necessidade de realizar a Portabilidade de Opera\u00e7\u00f5es de Cheque Empresa, Fibra F\u00e1cil e Capital de Giro, entre em contato com a gente atrav\u00e9s do e-mail\u00a0<strong>relacionamento@bancofibra.com.br<\/strong>.<\/p>\t\t\t\t\t\t<\/div>\n\t\t\t\t<\/div>\n\t\t\t\t\t<\/div>\n\t\t<\/div>\n\t\t\t\t\t\t\t<\/div>\n\t\t<\/section>\n\t\t\t\t<section class=\"elementor-section elementor-top-section elementor-element elementor-element-ad4eeea elementor-section-stretched elementor-section-height-min-height elementor-hidden-tablet elementor-hidden-phone elementor-section-boxed elementor-section-height-default elementor-section-items-middle\" data-id=\"ad4eeea\" data-element_type=\"section\" data-settings=\"{&quot;background_background&quot;:&quot;classic&quot;,&quot;stretch_section&quot;:&quot;section-stretched&quot;,&quot;_ha_eqh_enable&quot;:false}\">\n\t\t\t\t\t\t<div class=\"elementor-container elementor-column-gap-default\">\n\t\t\t\t\t<div class=\"elementor-column elementor-col-100 elementor-top-column elementor-element elementor-element-7243695\" data-id=\"7243695\" data-element_type=\"column\">\n\t\t\t<div class=\"elementor-widget-wrap elementor-element-populated\">\n\t\t\t\t\t\t\t\t<div class=\"elementor-element elementor-element-d191921 elementor-widget elementor-widget-text-editor\" data-id=\"d191921\" data-element_type=\"widget\" data-widget_type=\"text-editor.default\">\n\t\t\t\t<div class=\"elementor-widget-container\">\n\t\t\t\t\t\t\t\t\t\t\t\t\t<\/div>\n\t\t\t\t<\/div>\n\t\t\t\t<div class=\"elementor-element elementor-element-46b9b3c elementor-widget elementor-widget-text-editor\" data-id=\"46b9b3c\" data-element_type=\"widget\" data-widget_type=\"text-editor.default\">\n\t\t\t\t<div class=\"elementor-widget-container\">\n\t\t\t\t\t\t\t<p>Portabilidade de Opera\u00e7\u00f5es de Cr\u00e9dito<\/p>\t\t\t\t\t\t<\/div>\n\t\t\t\t<\/div>\n\t\t\t\t<div class=\"elementor-element elementor-element-5e016b9 elementor-widget elementor-widget-text-editor\" data-id=\"5e016b9\" data-element_type=\"widget\" data-widget_type=\"text-editor.default\">\n\t\t\t\t<div class=\"elementor-widget-container\">\n\t\t\t\t\t\t\t<p>Caso haja necessidade de realizar a Portabilidade de Opera\u00e7\u00f5es de Cheque Empresa, Fibra F\u00e1cil e Capital de Giro, entre em contato com a gente atrav\u00e9s do e-mail <strong>relacionamento@bancofibra.com.br<\/strong>.<\/p>\t\t\t\t\t\t<\/div>\n\t\t\t\t<\/div>\n\t\t\t\t\t<\/div>\n\t\t<\/div>\n\t\t\t\t\t\t\t<\/div>\n\t\t<\/section>\n\t\t\t\t<section class=\"elementor-section elementor-top-section elementor-element elementor-element-b1de92c elementor-section-stretched elementor-section-boxed elementor-section-height-default elementor-section-height-default\" data-id=\"b1de92c\" data-element_type=\"section\" data-settings=\"{&quot;stretch_section&quot;:&quot;section-stretched&quot;,&quot;background_background&quot;:&quot;classic&quot;}\">\n\t\t\t\t\t\t<div class=\"elementor-container elementor-column-gap-no\">\n\t\t\t\t\t<div class=\"elementor-column elementor-col-50 elementor-top-column elementor-element elementor-element-360555d\" data-id=\"360555d\" data-element_type=\"column\">\n\t\t\t<div class=\"elementor-widget-wrap elementor-element-populated\">\n\t\t\t\t\t\t\t\t<div class=\"elementor-element elementor-element-a9565d7 elementor-widget elementor-widget-text-editor\" data-id=\"a9565d7\" data-element_type=\"widget\" data-widget_type=\"text-editor.default\">\n\t\t\t\t<div class=\"elementor-widget-container\">\n\t\t\t\t\t\t\t<p>Quer ser cliente?<\/p>\t\t\t\t\t\t<\/div>\n\t\t\t\t<\/div>\n\t\t\t\t<div class=\"elementor-element elementor-element-a8e5807 elementor-widget elementor-widget-text-editor\" data-id=\"a8e5807\" data-element_type=\"widget\" data-widget_type=\"text-editor.default\">\n\t\t\t\t<div class=\"elementor-widget-container\">\n\t\t\t\t\t\t\t<p>Entre em contato com nossos especialistas que encontraremos a melhor solu\u00e7\u00e3o para a sua empresa.<\/p>\t\t\t\t\t\t<\/div>\n\t\t\t\t<\/div>\n\t\t\t\t\t<\/div>\n\t\t<\/div>\n\t\t\t\t<div class=\"elementor-column elementor-col-50 elementor-top-column elementor-element elementor-element-d905a98\" data-id=\"d905a98\" data-element_type=\"column\">\n\t\t\t<div class=\"elementor-widget-wrap elementor-element-populated\">\n\t\t\t\t\t\t\t\t<div data-ha-element-link=\"{&quot;url&quot;:&quot;\\\/gerente-comercial\\\/&quot;,&quot;is_external&quot;:&quot;&quot;,&quot;nofollow&quot;:&quot;&quot;,&quot;custom_attributes&quot;:&quot;&quot;}\" style=\"cursor: pointer\" class=\"elementor-element elementor-element-9143c5e elementor-mobile-align-left elementor-hidden-desktop elementor-widget elementor-widget-button\" data-id=\"9143c5e\" data-element_type=\"widget\" data-widget_type=\"button.default\">\n\t\t\t\t<div class=\"elementor-widget-container\">\n\t\t\t\t\t<div class=\"elementor-button-wrapper\">\n\t\t\t<a class=\"elementor-button elementor-button-link elementor-size-sm\" href=\"#\">\n\t\t\t\t\t\t<span class=\"elementor-button-content-wrapper\">\n\t\t\t\t\t\t<span class=\"elementor-button-text\">Fale com um Gerente<\/span>\n\t\t<\/span>\n\t\t\t\t\t<\/a>\n\t\t<\/div>\n\t\t\t\t<\/div>\n\t\t\t\t<\/div>\n\t\t\t\t<div data-ha-element-link=\"{&quot;url&quot;:&quot;\\\/gerente-comercial\\\/&quot;,&quot;is_external&quot;:&quot;&quot;,&quot;nofollow&quot;:&quot;&quot;,&quot;custom_attributes&quot;:&quot;&quot;}\" style=\"cursor: pointer\" class=\"elementor-element elementor-element-6b7fa30 elementor-mobile-align-center elementor-hidden-tablet elementor-hidden-phone elementor-widget elementor-widget-button\" data-id=\"6b7fa30\" data-element_type=\"widget\" data-widget_type=\"button.default\">\n\t\t\t\t<div class=\"elementor-widget-container\">\n\t\t\t\t\t<div class=\"elementor-button-wrapper\">\n\t\t\t<a class=\"elementor-button elementor-button-link elementor-size-sm\" href=\"#\">\n\t\t\t\t\t\t<span class=\"elementor-button-content-wrapper\">\n\t\t\t\t\t\t<span class=\"elementor-button-text\">Fale com um Gerente Comercial<\/span>\n\t\t<\/span>\n\t\t\t\t\t<\/a>\n\t\t<\/div>\n\t\t\t\t<\/div>\n\t\t\t\t<\/div>\n\t\t\t\t\t<\/div>\n\t\t<\/div>\n\t\t\t\t\t\t\t<\/div>\n\t\t<\/section>\n\t\t\t\t\t\t\t<\/div>","protected":false},"excerpt":{"rendered":"<p>Portabilidade de Opera\u00e7\u00f5es de Cr\u00e9dito Caso haja necessidade de realizar a Portabilidade de Opera\u00e7\u00f5es de Cheque Empresa, Fibra F\u00e1cil e Capital de Giro, entre em contato com a gente atrav\u00e9s<a href=\"https:\/\/bancofibra.com.br\/en\/portabilidade_oc\/\" class=\"exp-read-more exp-read-more-dots\">&#8230;<\/a><\/p>","protected":false},"author":10,"featured_media":0,"parent":0,"menu_order":0,"comment_status":"closed","ping_status":"closed","template":"elementor_header_footer","meta":[],"yoast_head":"<!-- This site is optimized with the Yoast SEO plugin v20.13 - https:\/\/yoast.com\/wordpress\/plugins\/seo\/ -->\n<title>Portabilidade de Opera\u00e7\u00f5es de Cr\u00e9dito | Banco Fibra<\/title>\n<meta name=\"description\" content=\"Garante os recebimentos e pagamentos no com\u00e9rcio exterior por meio da nossa atua\u00e7\u00e3o como banco remetente ou banco cobrador. Acesse e saiba mais!\" \/>\n<meta name=\"robots\" content=\"index, follow, max-snippet:-1, max-image-preview:large, max-video-preview:-1\" \/>\n<link rel=\"canonical\" href=\"https:\/\/bancofibra.com.br\/en\/portabilidade_oc\/\" \/>\n<meta property=\"og:locale\" content=\"en_US\" \/>\n<meta property=\"og:type\" content=\"article\" \/>\n<meta property=\"og:title\" content=\"Portabilidade de Opera\u00e7\u00f5es de Cr\u00e9dito | Banco Fibra\" \/>\n<meta property=\"og:description\" content=\"Garante os recebimentos e pagamentos no com\u00e9rcio exterior por meio da nossa atua\u00e7\u00e3o como banco remetente ou banco cobrador. Acesse e saiba mais!\" \/>\n<meta property=\"og:url\" content=\"https:\/\/bancofibra.com.br\/en\/portabilidade_oc\/\" \/>\n<meta property=\"og:site_name\" content=\"Banco Fibra\" \/>\n<meta property=\"article:modified_time\" content=\"2023-09-28T20:21:08+00:00\" \/>\n<meta name=\"twitter:card\" content=\"summary_large_image\" \/>\n<meta name=\"twitter:label1\" content=\"Est. reading time\" \/>\n\t<meta name=\"twitter:data1\" content=\"1 minute\" \/>\n<script type=\"application\/ld+json\" class=\"yoast-schema-graph\">{\"@context\":\"https:\/\/schema.org\",\"@graph\":[{\"@type\":\"WebPage\",\"@id\":\"https:\/\/bancofibra.com.br\/en\/portabilidade_oc\/\",\"url\":\"https:\/\/bancofibra.com.br\/en\/portabilidade_oc\/\",\"name\":\"Portabilidade de Opera\u00e7\u00f5es de Cr\u00e9dito | Banco Fibra\",\"isPartOf\":{\"@id\":\"https:\/\/bancofibra.com.br\/#website\"},\"datePublished\":\"2023-09-21T21:11:11+00:00\",\"dateModified\":\"2023-09-28T20:21:08+00:00\",\"description\":\"Garante os recebimentos e pagamentos no com\u00e9rcio exterior por meio da nossa atua\u00e7\u00e3o como banco remetente ou banco cobrador. Acesse e saiba mais!\",\"breadcrumb\":{\"@id\":\"https:\/\/bancofibra.com.br\/en\/portabilidade_oc\/#breadcrumb\"},\"inLanguage\":\"en-US\",\"potentialAction\":[{\"@type\":\"ReadAction\",\"target\":[\"https:\/\/bancofibra.com.br\/en\/portabilidade_oc\/\"]}]},{\"@type\":\"BreadcrumbList\",\"@id\":\"https:\/\/bancofibra.com.br\/en\/portabilidade_oc\/#breadcrumb\",\"itemListElement\":[{\"@type\":\"ListItem\",\"position\":1,\"name\":\"Home\",\"item\":\"https:\/\/bancofibra.com.br\/en\/\"},{\"@type\":\"ListItem\",\"position\":2,\"name\":\"Portabilidade de Opera\u00e7\u00f5es de Cr\u00e9dito\"}]},{\"@type\":\"WebSite\",\"@id\":\"https:\/\/bancofibra.com.br\/#website\",\"url\":\"https:\/\/bancofibra.com.br\/\",\"name\":\"Banco Fibra\",\"description\":\"Sintonizados com Voc\u00ea\",\"potentialAction\":[{\"@type\":\"SearchAction\",\"target\":{\"@type\":\"EntryPoint\",\"urlTemplate\":\"https:\/\/bancofibra.com.br\/?s={search_term_string}\"},\"query-input\":\"required name=search_term_string\"}],\"inLanguage\":\"en-US\"}]}<\/script>\n<!-- \/ Yoast SEO plugin. -->","yoast_head_json":{"title":"Portabilidade de Opera\u00e7\u00f5es de Cr\u00e9dito | Banco Fibra","description":"Garante os recebimentos e pagamentos no com\u00e9rcio exterior por meio da nossa atua\u00e7\u00e3o como banco remetente ou banco cobrador. Acesse e saiba mais!","robots":{"index":"index","follow":"follow","max-snippet":"max-snippet:-1","max-image-preview":"max-image-preview:large","max-video-preview":"max-video-preview:-1"},"canonical":"https:\/\/bancofibra.com.br\/en\/portabilidade_oc\/","og_locale":"en_US","og_type":"article","og_title":"Portabilidade de Opera\u00e7\u00f5es de Cr\u00e9dito | Banco Fibra","og_description":"Garante os recebimentos e pagamentos no com\u00e9rcio exterior por meio da nossa atua\u00e7\u00e3o como banco remetente ou banco cobrador. Acesse e saiba mais!","og_url":"https:\/\/bancofibra.com.br\/en\/portabilidade_oc\/","og_site_name":"Banco Fibra","article_modified_time":"2023-09-28T20:21:08+00:00","twitter_card":"summary_large_image","twitter_misc":{"Est. reading time":"1 minute"},"schema":{"@context":"https:\/\/schema.org","@graph":[{"@type":"WebPage","@id":"https:\/\/bancofibra.com.br\/en\/portabilidade_oc\/","url":"https:\/\/bancofibra.com.br\/en\/portabilidade_oc\/","name":"Portabilidade de Opera\u00e7\u00f5es de Cr\u00e9dito | Banco Fibra","isPartOf":{"@id":"https:\/\/bancofibra.com.br\/#website"},"datePublished":"2023-09-21T21:11:11+00:00","dateModified":"2023-09-28T20:21:08+00:00","description":"Garante os recebimentos e pagamentos no com\u00e9rcio exterior por meio da nossa atua\u00e7\u00e3o como banco remetente ou banco cobrador. Acesse e saiba mais!","breadcrumb":{"@id":"https:\/\/bancofibra.com.br\/en\/portabilidade_oc\/#breadcrumb"},"inLanguage":"en-US","potentialAction":[{"@type":"ReadAction","target":["https:\/\/bancofibra.com.br\/en\/portabilidade_oc\/"]}]},{"@type":"BreadcrumbList","@id":"https:\/\/bancofibra.com.br\/en\/portabilidade_oc\/#breadcrumb","itemListElement":[{"@type":"ListItem","position":1,"name":"Home","item":"https:\/\/bancofibra.com.br\/en\/"},{"@type":"ListItem","position":2,"name":"Portabilidade de Opera\u00e7\u00f5es de Cr\u00e9dito"}]},{"@type":"WebSite","@id":"https:\/\/bancofibra.com.br\/#website","url":"https:\/\/bancofibra.com.br\/","name":"Banco Fibra","description":"Sintonizados com Voc\u00ea","potentialAction":[{"@type":"SearchAction","target":{"@type":"EntryPoint","urlTemplate":"https:\/\/bancofibra.com.br\/?s={search_term_string}"},"query-input":"required name=search_term_string"}],"inLanguage":"en-US"}]}},"_links":{"self":[{"href":"https:\/\/bancofibra.com.br\/en\/wp-json\/wp\/v2\/pages\/21879"}],"collection":[{"href":"https:\/\/bancofibra.com.br\/en\/wp-json\/wp\/v2\/pages"}],"about":[{"href":"https:\/\/bancofibra.com.br\/en\/wp-json\/wp\/v2\/types\/page"}],"author":[{"embeddable":true,"href":"https:\/\/bancofibra.com.br\/en\/wp-json\/wp\/v2\/users\/10"}],"replies":[{"embeddable":true,"href":"https:\/\/bancofibra.com.br\/en\/wp-json\/wp\/v2\/comments?post=21879"}],"version-history":[{"count":26,"href":"https:\/\/bancofibra.com.br\/en\/wp-json\/wp\/v2\/pages\/21879\/revisions"}],"predecessor-version":[{"id":21928,"href":"https:\/\/bancofibra.com.br\/en\/wp-json\/wp\/v2\/pages\/21879\/revisions\/21928"}],"wp:attachment":[{"href":"https:\/\/bancofibra.com.br\/en\/wp-json\/wp\/v2\/media?parent=21879"}],"curies":[{"name":"wp","href":"https:\/\/api.w.org\/{rel}","templated":true}]}}