{"id":22032,"date":"2023-10-25T17:14:49","date_gmt":"2023-10-25T17:14:49","guid":{"rendered":"https:\/\/bancofibra.com.br\/?page_id=22032"},"modified":"2023-12-12T20:03:51","modified_gmt":"2023-12-12T20:03:51","slug":"investimentos","status":"publish","type":"page","link":"https:\/\/bancofibra.com.br\/en\/investimentos\/","title":{"rendered":"Plataforma de Investimentos"},"content":{"rendered":"<div data-elementor-type=\"wp-page\" data-elementor-id=\"22032\" class=\"elementor elementor-22032\">\n\t\t\t\t\t\t\t\t\t<section class=\"elementor-section elementor-top-section elementor-element elementor-element-ad4eeea elementor-section-stretched elementor-section-height-min-height elementor-hidden-desktop elementor-section-boxed elementor-section-height-default elementor-section-items-middle\" data-id=\"ad4eeea\" data-element_type=\"section\" data-settings=\"{&quot;background_background&quot;:&quot;classic&quot;,&quot;stretch_section&quot;:&quot;section-stretched&quot;,&quot;_ha_eqh_enable&quot;:false}\">\n\t\t\t\t\t\t<div class=\"elementor-container elementor-column-gap-default\">\n\t\t\t\t\t<div class=\"elementor-column elementor-col-100 elementor-top-column elementor-element elementor-element-7243695\" data-id=\"7243695\" data-element_type=\"column\">\n\t\t\t<div class=\"elementor-widget-wrap elementor-element-populated\">\n\t\t\t\t\t\t\t\t<div class=\"elementor-element elementor-element-15816c0 elementor-widget elementor-widget-text-editor\" data-id=\"15816c0\" data-element_type=\"widget\" data-widget_type=\"text-editor.default\">\n\t\t\t\t<div class=\"elementor-widget-container\">\n\t\t\t\t\t\t\t<p>Plataforma de Investimentos<\/p>\t\t\t\t\t\t<\/div>\n\t\t\t\t<\/div>\n\t\t\t\t\t<\/div>\n\t\t<\/div>\n\t\t\t\t\t\t\t<\/div>\n\t\t<\/section>\n\t\t\t\t<section class=\"elementor-section elementor-top-section elementor-element elementor-element-a3c3b17 elementor-section-stretched elementor-section-height-min-height elementor-section-boxed elementor-section-height-default elementor-section-items-middle\" data-id=\"a3c3b17\" data-element_type=\"section\" data-settings=\"{&quot;background_background&quot;:&quot;classic&quot;,&quot;stretch_section&quot;:&quot;section-stretched&quot;,&quot;_ha_eqh_enable&quot;:false}\">\n\t\t\t\t\t\t<div class=\"elementor-container elementor-column-gap-default\">\n\t\t\t\t\t<div class=\"elementor-column elementor-col-100 elementor-top-column elementor-element elementor-element-b1cdc5f\" data-id=\"b1cdc5f\" data-element_type=\"column\">\n\t\t\t<div class=\"elementor-widget-wrap elementor-element-populated\">\n\t\t\t\t\t\t\t\t<div class=\"elementor-element elementor-element-50c8c55 elementor-hidden-tablet elementor-hidden-mobile elementor-widget elementor-widget-text-editor\" data-id=\"50c8c55\" data-element_type=\"widget\" data-widget_type=\"text-editor.default\">\n\t\t\t\t<div class=\"elementor-widget-container\">\n\t\t\t\t\t\t\t<p>Plataforma de Investimentos<\/p>\t\t\t\t\t\t<\/div>\n\t\t\t\t<\/div>\n\t\t\t\t<div class=\"elementor-element elementor-element-04f34f4 elementor-icon-list--layout-traditional elementor-list-item-link-full_width elementor-widget elementor-widget-icon-list\" data-id=\"04f34f4\" data-element_type=\"widget\" data-widget_type=\"icon-list.default\">\n\t\t\t\t<div class=\"elementor-widget-container\">\n\t\t\t\t\t<ul class=\"elementor-icon-list-items\">\n\t\t\t\t\t\t\t<li class=\"elementor-icon-list-item\">\n\t\t\t\t\t\t\t\t\t\t\t<span class=\"elementor-icon-list-icon\">\n\t\t\t\t\t\t\t<i aria-hidden=\"true\" class=\"fas fa-check\"><\/i>\t\t\t\t\t\t<\/span>\n\t\t\t\t\t\t\t\t\t\t<span class=\"elementor-icon-list-text\">Atendimento 100% digital atrav\u00e9s do email <a href=\"mailto:atendimentodigital@bancofibra.com.br\" style=\"color:#fff\"><b>atendimentodigital@bancofibra.com.br<\/b><\/a>. N\u00e3o temos assessores de investimento.<\/span>\n\t\t\t\t\t\t\t\t\t<\/li>\n\t\t\t\t\t\t\t\t<li class=\"elementor-icon-list-item\">\n\t\t\t\t\t\t\t\t\t\t\t<span class=\"elementor-icon-list-icon\">\n\t\t\t\t\t\t\t<i aria-hidden=\"true\" class=\"fas fa-check\"><\/i>\t\t\t\t\t\t<\/span>\n\t\t\t\t\t\t\t\t\t\t<span class=\"elementor-icon-list-text\">Produtos dispon\u00edveis: CDB e LCA* (*limitado ao lastro dispon\u00edvel).<\/span>\n\t\t\t\t\t\t\t\t\t<\/li>\n\t\t\t\t\t\t\t\t<li class=\"elementor-icon-list-item\">\n\t\t\t\t\t\t\t\t\t\t\t<span class=\"elementor-icon-list-icon\">\n\t\t\t\t\t\t\t<i aria-hidden=\"true\" class=\"fas fa-check\"><\/i>\t\t\t\t\t\t<\/span>\n\t\t\t\t\t\t\t\t\t\t<span class=\"elementor-icon-list-text\">As taxas, prazos e demais condi\u00e7\u00f5es de aplica\u00e7\u00e3o podem ser alteradas a cada dia. Para saber exatamente as ofertas dispon\u00edveis no momento da realiza\u00e7\u00e3o do investimento \u00e9 preciso ter a conta aberta no Fibra. <\/span>\n\t\t\t\t\t\t\t\t\t<\/li>\n\t\t\t\t\t\t\t\t<li class=\"elementor-icon-list-item\">\n\t\t\t\t\t\t\t\t\t\t\t<span class=\"elementor-icon-list-icon\">\n\t\t\t\t\t\t\t<i aria-hidden=\"true\" class=\"fas fa-check\"><\/i>\t\t\t\t\t\t<\/span>\n\t\t\t\t\t\t\t\t\t\t<span class=\"elementor-icon-list-text\">Como refer\u00eancia, em 25\/10\/2023, h\u00e1 CDB com vencimento em 369 dias com taxa p\u00f3s de 113% do CDI at\u00e9 2193 dias com taxa p\u00f3s de 116% do CDI. E LCA com vencimento em 124 dias com 107% do CDI at\u00e9 1097 dias com 115% do CDI.<\/span>\n\t\t\t\t\t\t\t\t\t<\/li>\n\t\t\t\t\t\t<\/ul>\n\t\t\t\t<\/div>\n\t\t\t\t<\/div>\n\t\t\t\t\t<\/div>\n\t\t<\/div>\n\t\t\t\t\t\t\t<\/div>\n\t\t<\/section>\n\t\t\t\t\t\t\t<\/div>","protected":false},"excerpt":{"rendered":"<p>Plataforma de Investimentos Plataforma de Investimentos Atendimento 100% digital atrav\u00e9s do email atendimentodigital@bancofibra.com.br. N\u00e3o temos assessores de investimento. Produtos dispon\u00edveis: CDB e LCA* (*limitado ao lastro dispon\u00edvel). As taxas, prazos<a href=\"https:\/\/bancofibra.com.br\/en\/investimentos\/\" class=\"exp-read-more exp-read-more-dots\">&#8230;<\/a><\/p>","protected":false},"author":10,"featured_media":0,"parent":0,"menu_order":0,"comment_status":"closed","ping_status":"closed","template":"elementor_header_footer","meta":[],"yoast_head":"<!-- This site is optimized with the Yoast SEO plugin v20.13 - https:\/\/yoast.com\/wordpress\/plugins\/seo\/ -->\n<title>Plataforma de Investimentos | Banco Fibra<\/title>\n<meta name=\"description\" content=\"Repassamos os recursos do Fundo de Defesa da Economia Cafeeira (FUNCAF\u00c9), destinados ao financiamento da cadeia de produ\u00e7\u00e3o do caf\u00e9. Saiba mais!\" \/>\n<meta name=\"robots\" content=\"index, follow, max-snippet:-1, max-image-preview:large, max-video-preview:-1\" \/>\n<link rel=\"canonical\" href=\"https:\/\/bancofibra.com.br\/en\/investimentos\/\" \/>\n<meta property=\"og:locale\" content=\"en_US\" \/>\n<meta property=\"og:type\" content=\"article\" \/>\n<meta property=\"og:title\" content=\"Plataforma de Investimentos | Banco Fibra\" \/>\n<meta property=\"og:description\" content=\"Repassamos os recursos do Fundo de Defesa da Economia Cafeeira (FUNCAF\u00c9), destinados ao financiamento da cadeia de produ\u00e7\u00e3o do caf\u00e9. Saiba mais!\" \/>\n<meta property=\"og:url\" content=\"https:\/\/bancofibra.com.br\/en\/investimentos\/\" \/>\n<meta property=\"og:site_name\" content=\"Banco Fibra\" \/>\n<meta property=\"article:modified_time\" content=\"2023-12-12T20:03:51+00:00\" \/>\n<meta property=\"og:image\" content=\"https:\/\/bancofibra.com.br\/wp-content\/uploads\/2022\/03\/cbd.jpg\" \/>\n<meta name=\"twitter:card\" content=\"summary_large_image\" \/>\n<meta name=\"twitter:label1\" content=\"Est. reading time\" \/>\n\t<meta name=\"twitter:data1\" content=\"2 minutes\" \/>\n<script type=\"application\/ld+json\" class=\"yoast-schema-graph\">{\"@context\":\"https:\/\/schema.org\",\"@graph\":[{\"@type\":\"WebPage\",\"@id\":\"https:\/\/bancofibra.com.br\/en\/investimentos\/\",\"url\":\"https:\/\/bancofibra.com.br\/en\/investimentos\/\",\"name\":\"Plataforma de Investimentos | Banco Fibra\",\"isPartOf\":{\"@id\":\"https:\/\/bancofibra.com.br\/#website\"},\"datePublished\":\"2023-10-25T17:14:49+00:00\",\"dateModified\":\"2023-12-12T20:03:51+00:00\",\"description\":\"Repassamos os recursos do Fundo de Defesa da Economia Cafeeira (FUNCAF\u00c9), destinados ao financiamento da cadeia de produ\u00e7\u00e3o do caf\u00e9. Saiba mais!\",\"breadcrumb\":{\"@id\":\"https:\/\/bancofibra.com.br\/en\/investimentos\/#breadcrumb\"},\"inLanguage\":\"en-US\",\"potentialAction\":[{\"@type\":\"ReadAction\",\"target\":[\"https:\/\/bancofibra.com.br\/en\/investimentos\/\"]}]},{\"@type\":\"BreadcrumbList\",\"@id\":\"https:\/\/bancofibra.com.br\/en\/investimentos\/#breadcrumb\",\"itemListElement\":[{\"@type\":\"ListItem\",\"position\":1,\"name\":\"Home\",\"item\":\"https:\/\/bancofibra.com.br\/en\/\"},{\"@type\":\"ListItem\",\"position\":2,\"name\":\"Plataforma de Investimentos\"}]},{\"@type\":\"WebSite\",\"@id\":\"https:\/\/bancofibra.com.br\/#website\",\"url\":\"https:\/\/bancofibra.com.br\/\",\"name\":\"Banco Fibra\",\"description\":\"Sintonizados com Voc\u00ea\",\"potentialAction\":[{\"@type\":\"SearchAction\",\"target\":{\"@type\":\"EntryPoint\",\"urlTemplate\":\"https:\/\/bancofibra.com.br\/?s={search_term_string}\"},\"query-input\":\"required name=search_term_string\"}],\"inLanguage\":\"en-US\"}]}<\/script>\n<!-- \/ Yoast SEO plugin. -->","yoast_head_json":{"title":"Plataforma de Investimentos | Banco Fibra","description":"Repassamos os recursos do Fundo de Defesa da Economia Cafeeira (FUNCAF\u00c9), destinados ao financiamento da cadeia de produ\u00e7\u00e3o do caf\u00e9. Saiba mais!","robots":{"index":"index","follow":"follow","max-snippet":"max-snippet:-1","max-image-preview":"max-image-preview:large","max-video-preview":"max-video-preview:-1"},"canonical":"https:\/\/bancofibra.com.br\/en\/investimentos\/","og_locale":"en_US","og_type":"article","og_title":"Plataforma de Investimentos | Banco Fibra","og_description":"Repassamos os recursos do Fundo de Defesa da Economia Cafeeira (FUNCAF\u00c9), destinados ao financiamento da cadeia de produ\u00e7\u00e3o do caf\u00e9. Saiba mais!","og_url":"https:\/\/bancofibra.com.br\/en\/investimentos\/","og_site_name":"Banco Fibra","article_modified_time":"2023-12-12T20:03:51+00:00","og_image":[{"url":"https:\/\/bancofibra.com.br\/wp-content\/uploads\/2022\/03\/cbd.jpg"}],"twitter_card":"summary_large_image","twitter_misc":{"Est. reading time":"2 minutes"},"schema":{"@context":"https:\/\/schema.org","@graph":[{"@type":"WebPage","@id":"https:\/\/bancofibra.com.br\/en\/investimentos\/","url":"https:\/\/bancofibra.com.br\/en\/investimentos\/","name":"Plataforma de Investimentos | Banco Fibra","isPartOf":{"@id":"https:\/\/bancofibra.com.br\/#website"},"datePublished":"2023-10-25T17:14:49+00:00","dateModified":"2023-12-12T20:03:51+00:00","description":"Repassamos os recursos do Fundo de Defesa da Economia Cafeeira (FUNCAF\u00c9), destinados ao financiamento da cadeia de produ\u00e7\u00e3o do caf\u00e9. Saiba mais!","breadcrumb":{"@id":"https:\/\/bancofibra.com.br\/en\/investimentos\/#breadcrumb"},"inLanguage":"en-US","potentialAction":[{"@type":"ReadAction","target":["https:\/\/bancofibra.com.br\/en\/investimentos\/"]}]},{"@type":"BreadcrumbList","@id":"https:\/\/bancofibra.com.br\/en\/investimentos\/#breadcrumb","itemListElement":[{"@type":"ListItem","position":1,"name":"Home","item":"https:\/\/bancofibra.com.br\/en\/"},{"@type":"ListItem","position":2,"name":"Plataforma de Investimentos"}]},{"@type":"WebSite","@id":"https:\/\/bancofibra.com.br\/#website","url":"https:\/\/bancofibra.com.br\/","name":"Banco Fibra","description":"Sintonizados com Voc\u00ea","potentialAction":[{"@type":"SearchAction","target":{"@type":"EntryPoint","urlTemplate":"https:\/\/bancofibra.com.br\/?s={search_term_string}"},"query-input":"required name=search_term_string"}],"inLanguage":"en-US"}]}},"_links":{"self":[{"href":"https:\/\/bancofibra.com.br\/en\/wp-json\/wp\/v2\/pages\/22032"}],"collection":[{"href":"https:\/\/bancofibra.com.br\/en\/wp-json\/wp\/v2\/pages"}],"about":[{"href":"https:\/\/bancofibra.com.br\/en\/wp-json\/wp\/v2\/types\/page"}],"author":[{"embeddable":true,"href":"https:\/\/bancofibra.com.br\/en\/wp-json\/wp\/v2\/users\/10"}],"replies":[{"embeddable":true,"href":"https:\/\/bancofibra.com.br\/en\/wp-json\/wp\/v2\/comments?post=22032"}],"version-history":[{"count":83,"href":"https:\/\/bancofibra.com.br\/en\/wp-json\/wp\/v2\/pages\/22032\/revisions"}],"predecessor-version":[{"id":22269,"href":"https:\/\/bancofibra.com.br\/en\/wp-json\/wp\/v2\/pages\/22032\/revisions\/22269"}],"wp:attachment":[{"href":"https:\/\/bancofibra.com.br\/en\/wp-json\/wp\/v2\/media?parent=22032"}],"curies":[{"name":"wp","href":"https:\/\/api.w.org\/{rel}","templated":true}]}}