{"id":24934,"date":"2025-09-02T15:18:35","date_gmt":"2025-09-02T15:18:35","guid":{"rendered":"https:\/\/bancofibra.com.br\/?page_id=24934"},"modified":"2025-09-03T14:05:12","modified_gmt":"2025-09-03T14:05:12","slug":"portfolio-cdb","status":"publish","type":"page","link":"https:\/\/bancofibra.com.br\/en\/portfolio-cdb\/","title":{"rendered":"Investimentos &#8211; CDB"},"content":{"rendered":"<div data-elementor-type=\"wp-page\" data-elementor-id=\"24934\" class=\"elementor elementor-24934\">\n\t\t\t\t\t\t\t\t\t<section class=\"elementor-section elementor-top-section elementor-element elementor-element-28add5e elementor-section-stretched elementor-hidden-desktop elementor-section-boxed elementor-section-height-default elementor-section-height-default\" data-id=\"28add5e\" data-element_type=\"section\" data-settings=\"{&quot;background_background&quot;:&quot;classic&quot;,&quot;stretch_section&quot;:&quot;section-stretched&quot;,&quot;_ha_eqh_enable&quot;:false}\">\n\t\t\t\t\t\t<div class=\"elementor-container elementor-column-gap-no\">\n\t\t\t\t\t<div class=\"elementor-column elementor-col-100 elementor-top-column elementor-element elementor-element-5cfb122\" data-id=\"5cfb122\" data-element_type=\"column\">\n\t\t\t<div class=\"elementor-widget-wrap elementor-element-populated\">\n\t\t\t\t\t\t\t\t<div class=\"elementor-element elementor-element-df532b5 elementor-widget elementor-widget-text-editor\" data-id=\"df532b5\" data-element_type=\"widget\" data-widget_type=\"text-editor.default\">\n\t\t\t\t<div class=\"elementor-widget-container\">\n\t\t\t\t\t\t\tCDB (Certificado de Dep\u00f3sito Banc\u00e1rio)\t\t\t\t\t\t<\/div>\n\t\t\t\t<\/div>\n\t\t\t\t<div class=\"elementor-element elementor-element-9b77066 elementor-widget elementor-widget-text-editor\" data-id=\"9b77066\" data-element_type=\"widget\" data-widget_type=\"text-editor.default\">\n\t\t\t\t<div class=\"elementor-widget-container\">\n\t\t\t\t\t\t\t<p>Invista em t\u00edtulos banc\u00e1rios com a mesma seguran\u00e7a da poupan\u00e7a e maior rentabilidade.<\/p>\t\t\t\t\t\t<\/div>\n\t\t\t\t<\/div>\n\t\t\t\t<div class=\"elementor-element elementor-element-5a8954d elementor-mobile-align-left elementor-widget elementor-widget-button\" data-id=\"5a8954d\" data-element_type=\"widget\" data-widget_type=\"button.default\">\n\t\t\t\t<div class=\"elementor-widget-container\">\n\t\t\t\t\t<div class=\"elementor-button-wrapper\">\n\t\t\t<a class=\"elementor-button elementor-button-link elementor-size-sm\" href=\"https:\/\/investimento.bancofibra.com.br\/\" target=\"_blank\">\n\t\t\t\t\t\t<span class=\"elementor-button-content-wrapper\">\n\t\t\t\t\t\t<span class=\"elementor-button-text\">I want to invest<\/span>\n\t\t<\/span>\n\t\t\t\t\t<\/a>\n\t\t<\/div>\n\t\t\t\t<\/div>\n\t\t\t\t<\/div>\n\t\t\t\t\t<\/div>\n\t\t<\/div>\n\t\t\t\t\t\t\t<\/div>\n\t\t<\/section>\n\t\t\t\t<section class=\"elementor-section elementor-top-section elementor-element elementor-element-ad4eeea elementor-section-stretched elementor-section-height-min-height elementor-hidden-tablet elementor-hidden-phone elementor-section-boxed elementor-section-height-default elementor-section-items-middle\" data-id=\"ad4eeea\" data-element_type=\"section\" data-settings=\"{&quot;background_background&quot;:&quot;classic&quot;,&quot;stretch_section&quot;:&quot;section-stretched&quot;,&quot;_ha_eqh_enable&quot;:false}\">\n\t\t\t\t\t\t\t<div class=\"elementor-background-overlay\"><\/div>\n\t\t\t\t\t\t\t<div class=\"elementor-container elementor-column-gap-default\">\n\t\t\t\t\t<div class=\"elementor-column elementor-col-100 elementor-top-column elementor-element elementor-element-7243695\" data-id=\"7243695\" data-element_type=\"column\">\n\t\t\t<div class=\"elementor-widget-wrap elementor-element-populated\">\n\t\t\t\t\t\t\t\t<div class=\"elementor-element elementor-element-46b9b3c elementor-widget elementor-widget-text-editor\" data-id=\"46b9b3c\" data-element_type=\"widget\" data-widget_type=\"text-editor.default\">\n\t\t\t\t<div class=\"elementor-widget-container\">\n\t\t\t\t\t\t\tBank Deposit Certificates (CDB)\t\t\t\t\t\t<\/div>\n\t\t\t\t<\/div>\n\t\t\t\t<div class=\"elementor-element elementor-element-b4d7879 elementor-widget elementor-widget-text-editor\" data-id=\"b4d7879\" data-element_type=\"widget\" data-widget_type=\"text-editor.default\">\n\t\t\t\t<div class=\"elementor-widget-container\">\n\t\t\t\t\t\t\t<p>(Certificado de Dep\u00f3sito Banc\u00e1rio)\u00a0<\/p>\t\t\t\t\t\t<\/div>\n\t\t\t\t<\/div>\n\t\t\t\t<div class=\"elementor-element elementor-element-6a45eb7 elementor-mobile-align-left elementor-widget elementor-widget-button\" data-id=\"6a45eb7\" data-element_type=\"widget\" data-widget_type=\"button.default\">\n\t\t\t\t<div class=\"elementor-widget-container\">\n\t\t\t\t\t<div class=\"elementor-button-wrapper\">\n\t\t\t<a class=\"elementor-button elementor-button-link elementor-size-sm\" href=\"https:\/\/investimento.bancofibra.com.br\/\" target=\"_blank\">\n\t\t\t\t\t\t<span class=\"elementor-button-content-wrapper\">\n\t\t\t\t\t\t<span class=\"elementor-button-text\">I want to invest<\/span>\n\t\t<\/span>\n\t\t\t\t\t<\/a>\n\t\t<\/div>\n\t\t\t\t<\/div>\n\t\t\t\t<\/div>\n\t\t\t\t\t<\/div>\n\t\t<\/div>\n\t\t\t\t\t\t\t<\/div>\n\t\t<\/section>\n\t\t\t\t<section class=\"elementor-section elementor-top-section elementor-element elementor-element-ec72e24 elementor-section-height-min-height elementor-section-boxed elementor-section-height-default elementor-section-items-middle\" data-id=\"ec72e24\" data-element_type=\"section\" data-settings=\"{&quot;_ha_eqh_enable&quot;:false}\">\n\t\t\t\t\t\t<div class=\"elementor-container elementor-column-gap-default\">\n\t\t\t\t\t<div class=\"elementor-column elementor-col-100 elementor-top-column elementor-element elementor-element-29600e9\" data-id=\"29600e9\" data-element_type=\"column\">\n\t\t\t<div class=\"elementor-widget-wrap elementor-element-populated\">\n\t\t\t\t\t\t\t\t<div class=\"elementor-element elementor-element-4d225cb elementor-widget elementor-widget-text-editor\" data-id=\"4d225cb\" data-element_type=\"widget\" data-widget_type=\"text-editor.default\">\n\t\t\t\t<div class=\"elementor-widget-container\">\n\t\t\t\t\t\t\tCertificado de Dep\u00f3sito Banc\u00e1rio (CDB) \u00e9 um t\u00edtulo de investimento de renda fixa, em que voc\u00ea aplica seu dinheiro em uma institui\u00e7\u00e3o financeira e, em troca, tem o direito de receber o valor que investiu, acrescido da rentabilidade prevista no CDB em uma data predefinida. Seu rendimento pode ser referenciado em uma taxa pr\u00e9-fixada ou em uma taxa p\u00f3s-fixada, em que o rendimento \u00e9 atrelado \u00e0 varia\u00e7\u00e3o de um \u00edndice ou indicador, como por exemplo o CDI ou o IPCA.\t\t\t\t\t\t<\/div>\n\t\t\t\t<\/div>\n\t\t\t\t\t<\/div>\n\t\t<\/div>\n\t\t\t\t\t\t\t<\/div>\n\t\t<\/section>\n\t\t\t\t<section class=\"elementor-section elementor-top-section elementor-element elementor-element-9c71a13 elementor-section-height-min-height elementor-section-boxed elementor-section-height-default elementor-section-items-middle\" data-id=\"9c71a13\" data-element_type=\"section\" data-settings=\"{&quot;_ha_eqh_enable&quot;:false}\">\n\t\t\t\t\t\t<div class=\"elementor-container elementor-column-gap-default\">\n\t\t\t\t\t<div class=\"elementor-column elementor-col-50 elementor-top-column elementor-element elementor-element-6e664a6\" data-id=\"6e664a6\" data-element_type=\"column\">\n\t\t\t<div class=\"elementor-widget-wrap elementor-element-populated\">\n\t\t\t\t\t\t\t\t<div class=\"elementor-element elementor-element-b7bbb35 elementor-widget elementor-widget-image\" data-id=\"b7bbb35\" data-element_type=\"widget\" data-widget_type=\"image.default\">\n\t\t\t\t<div class=\"elementor-widget-container\">\n\t\t\t\t\t\t\t\t\t\t\t\t\t\t\t<img decoding=\"async\" width=\"600\" height=\"446\" src=\"https:\/\/bancofibra.com.br\/wp-content\/uploads\/2022\/03\/03.png\" class=\"attachment-medium_large size-medium_large wp-image-17002\" alt=\"\" loading=\"lazy\" srcset=\"https:\/\/bancofibra.com.br\/wp-content\/uploads\/2022\/03\/03.png 600w, https:\/\/bancofibra.com.br\/wp-content\/uploads\/2022\/03\/03-300x223.png 300w, https:\/\/bancofibra.com.br\/wp-content\/uploads\/2022\/03\/03-16x12.png 16w, https:\/\/bancofibra.com.br\/wp-content\/uploads\/2022\/03\/03-67x50.png 67w, https:\/\/bancofibra.com.br\/wp-content\/uploads\/2022\/03\/03-50x37.png 50w\" sizes=\"(max-width: 600px) 100vw, 600px\" \/>\t\t\t\t\t\t\t\t\t\t\t\t\t\t\t<\/div>\n\t\t\t\t<\/div>\n\t\t\t\t\t<\/div>\n\t\t<\/div>\n\t\t\t\t<div class=\"elementor-column elementor-col-50 elementor-top-column elementor-element elementor-element-bd97b6c\" data-id=\"bd97b6c\" data-element_type=\"column\">\n\t\t\t<div class=\"elementor-widget-wrap elementor-element-populated\">\n\t\t\t\t\t\t\t\t<div class=\"elementor-element elementor-element-a80e07d elementor-widget elementor-widget-heading\" data-id=\"a80e07d\" data-element_type=\"widget\" data-widget_type=\"heading.default\">\n\t\t\t\t<div class=\"elementor-widget-container\">\n\t\t\t<h2 class=\"elementor-heading-title elementor-size-default\">O que voc\u00ea precisa saber<\/h2>\t\t<\/div>\n\t\t\t\t<\/div>\n\t\t\t\t<div class=\"elementor-element elementor-element-ccf3ac7 elementor--h-position-center elementor--v-position-middle elementor-arrows-position-inside elementor-pagination-position-inside elementor-widget elementor-widget-slides\" data-id=\"ccf3ac7\" data-element_type=\"widget\" data-settings=\"{&quot;transition&quot;:&quot;fade&quot;,&quot;navigation&quot;:&quot;both&quot;,&quot;infinite&quot;:&quot;yes&quot;,&quot;transition_speed&quot;:500}\" data-widget_type=\"slides.default\">\n\t\t\t\t<div class=\"elementor-widget-container\">\n\t\t\t\t\t<div class=\"elementor-swiper\">\n\t\t\t<div class=\"elementor-slides-wrapper elementor-main-swiper swiper-container\" dir=\"ltr\" data-animation=\"\">\n\t\t\t\t<div class=\"swiper-wrapper elementor-slides\">\n\t\t\t\t\t\t\t\t\t\t<div class=\"elementor-repeater-item-8657b07 swiper-slide\"><div class=\"swiper-slide-bg\"><\/div><div class=\"swiper-slide-inner\" ><div class=\"swiper-slide-contents\"><div class=\"elementor-slide-description\">O CDB \u00e9 classificado como investimento para investidores com perfil conservador, quando contar com prazo de at\u00e9 tr\u00eas anos, e com perfil moderado, quando contar com prazo maior do que tr\u00eas anos. Esta classifica\u00e7\u00e3o pode ser alterada de acordo com outras caracter\u00edsticas e fatores de risco dos CDBs, como risco de cr\u00e9dito do emissor, risco de liquidez e riscos de mercado, inerentes \u00e0s oscila\u00e7\u00f5es de \u00edndices e pre\u00e7os.<\/div><\/div><\/div><\/div><div class=\"elementor-repeater-item-e4041c4 swiper-slide\"><div class=\"swiper-slide-bg\"><\/div><div class=\"swiper-slide-inner\" ><div class=\"swiper-slide-contents\"><div class=\"elementor-slide-description\">As informa\u00e7\u00f5es sobre rentabilidade, prazos, car\u00eancia, regate e demais caracter\u00edsticas de cada CDB estar\u00e3o dispon\u00edveis ao investidor no momento da aplica\u00e7\u00e3o.<\/div><\/div><\/div><\/div><div class=\"elementor-repeater-item-c08a66c swiper-slide\"><div class=\"swiper-slide-bg\"><\/div><div class=\"swiper-slide-inner\" ><div class=\"swiper-slide-contents\"><div class=\"elementor-slide-description\">O hor\u00e1rio limite para investimentos na mesma data \u00e9 at\u00e9 \u00e0s 14h, ap\u00f3s este hor\u00e1rio ser\u00e1 processado no pr\u00f3ximo dia \u00fatil.<\/div><\/div><\/div><\/div><div class=\"elementor-repeater-item-4526b35 swiper-slide\"><div class=\"swiper-slide-bg\"><\/div><div class=\"swiper-slide-inner\" ><div class=\"swiper-slide-contents\"><div class=\"elementor-slide-description\">Sobre o rendimento das aplica\u00e7\u00f5es em CDB incidir\u00e1 o Imposto de Renda(\u201cIR\u201d), de acordo com a tabela regressiva, e o Imposto sobre Opera\u00e7\u00f5es Financeiras (\u201cIOF\u201d) para opera\u00e7\u00f5es inferiores a 30 (trinta) dias. Para investimentos com prazos superiores a 30 (trinta) dias, a al\u00edquota do IOF \u00e9 zero.<\/div><\/div><\/div><\/div><div class=\"elementor-repeater-item-bf9d7d3 swiper-slide\"><div class=\"swiper-slide-bg\"><\/div><div class=\"swiper-slide-inner\" ><div class=\"swiper-slide-contents\"><div class=\"elementor-slide-description\">As aplica\u00e7\u00f5es em CDBs s\u00e3o garantidas pelo Fundo Garantidor de Cr\u00e9dito (FGC), para valores at\u00e9 R$ 250 mil por CPF ou CNPJ, por conjunto de dep\u00f3sitos e investimentos em cada institui\u00e7\u00e3o ou conglomerado financeiro. Esse valor \u00e9 limitado ao teto de R$ 1 milh\u00e3o a cada per\u00edodo de 4 anos, para garantias pagas para cada CPF ou CNPJ. \n\n<\/div><\/div><\/div><\/div><div class=\"elementor-repeater-item-fb07d30 swiper-slide\"><div class=\"swiper-slide-bg\"><\/div><div class=\"swiper-slide-inner\" ><div class=\"swiper-slide-contents\"><div class=\"elementor-slide-description\">O Banco Fibra n\u00e3o \u00e9 remunerado pela distribui\u00e7\u00e3o dos CDBs de sua emiss\u00e3o.<\/div><\/div><\/div><\/div>\t\t\t\t<\/div>\n\t\t\t\t\t\t\t\t\t\t\t\t\t\t\t<div class=\"swiper-pagination\"><\/div>\n\t\t\t\t\t\t\t\t\t\t\t\t\t\t\t\t<div class=\"elementor-swiper-button elementor-swiper-button-prev\">\n\t\t\t\t\t\t\t<i aria-hidden=\"true\" class=\"eicon-chevron-left\"><\/i>\t\t\t\t\t\t\t<span class=\"elementor-screen-only\">Previous<\/span>\n\t\t\t\t\t\t<\/div>\n\t\t\t\t\t\t<div class=\"elementor-swiper-button elementor-swiper-button-next\">\n\t\t\t\t\t\t\t<i aria-hidden=\"true\" class=\"eicon-chevron-right\"><\/i>\t\t\t\t\t\t\t<span class=\"elementor-screen-only\">Next<\/span>\n\t\t\t\t\t\t<\/div>\n\t\t\t\t\t\t\t\t\t\t\t\t<\/div>\n\t\t<\/div>\n\t\t\t\t<\/div>\n\t\t\t\t<\/div>\n\t\t\t\t\t<\/div>\n\t\t<\/div>\n\t\t\t\t\t\t\t<\/div>\n\t\t<\/section>\n\t\t\t\t<section class=\"elementor-section elementor-top-section elementor-element elementor-element-330b3dd elementor-section-stretched elementor-section-height-min-height elementor-section-boxed elementor-section-height-default elementor-section-items-middle\" data-id=\"330b3dd\" data-element_type=\"section\" data-settings=\"{&quot;stretch_section&quot;:&quot;section-stretched&quot;,&quot;background_background&quot;:&quot;classic&quot;,&quot;_ha_eqh_enable&quot;:false}\">\n\t\t\t\t\t\t<div class=\"elementor-container elementor-column-gap-default\">\n\t\t\t\t\t<div class=\"elementor-column elementor-col-20 elementor-top-column elementor-element elementor-element-8073ddf\" data-id=\"8073ddf\" data-element_type=\"column\">\n\t\t\t<div class=\"elementor-widget-wrap elementor-element-populated\">\n\t\t\t\t\t\t\t\t<div data-ha-element-link=\"{&quot;url&quot;:&quot;\\\/perfil-investidor\\\/&quot;,&quot;is_external&quot;:&quot;&quot;,&quot;nofollow&quot;:&quot;&quot;,&quot;custom_attributes&quot;:&quot;&quot;}\" style=\"cursor: pointer\" class=\"elementor-element elementor-element-7ba8cf9 ha-css-transform-yes animated-fast elementor-widget-tablet__width-initial elementor-widget-mobile__width-initial ha-infobox-media-dir-top elementor-invisible elementor-widget elementor-widget-ha-infobox happy-addon ha-infobox\" data-id=\"7ba8cf9\" data-element_type=\"widget\" data-settings=\"{&quot;_animation&quot;:&quot;fadeInUp&quot;}\" data-widget_type=\"ha-infobox.default\">\n\t\t\t\t<div class=\"elementor-widget-container\">\n\t\t\t\n\t\t\n\t\t<div class=\"ha-infobox-body\">\n\t\t\t<h2 class=\"ha-infobox-title\">Perfil do investidor<\/h2>\n\t\t\t\n\t\t\t\t\t<\/div>\n\t\t\t\t<\/div>\n\t\t\t\t<\/div>\n\t\t\t\t\t<\/div>\n\t\t<\/div>\n\t\t\t\t<div class=\"elementor-column elementor-col-20 elementor-top-column elementor-element elementor-element-de4f4a4\" data-id=\"de4f4a4\" data-element_type=\"column\">\n\t\t\t<div class=\"elementor-widget-wrap elementor-element-populated\">\n\t\t\t\t\t\t\t\t<div data-ha-element-link=\"{&quot;url&quot;:&quot;https:\\\/\\\/investimento.bancofibra.com.br\\\/&quot;,&quot;is_external&quot;:&quot;on&quot;,&quot;nofollow&quot;:&quot;&quot;,&quot;custom_attributes&quot;:&quot;&quot;}\" style=\"cursor: pointer\" class=\"elementor-element elementor-element-ad2daa1 ha-css-transform-yes animated-fast ha-infobox-media-dir-top elementor-invisible elementor-widget elementor-widget-ha-infobox happy-addon ha-infobox\" data-id=\"ad2daa1\" data-element_type=\"widget\" data-settings=\"{&quot;_animation&quot;:&quot;fadeInUp&quot;}\" data-widget_type=\"ha-infobox.default\">\n\t\t\t\t<div class=\"elementor-widget-container\">\n\t\t\t\n\t\t\n\t\t<div class=\"ha-infobox-body\">\n\t\t\t<h2 class=\"ha-infobox-title\">I want to invest<\/h2>\n\t\t\t\n\t\t\t\t\t<\/div>\n\t\t\t\t<\/div>\n\t\t\t\t<\/div>\n\t\t\t\t\t<\/div>\n\t\t<\/div>\n\t\t\t\t<div class=\"elementor-column elementor-col-20 elementor-top-column elementor-element elementor-element-4a6ac47\" data-id=\"4a6ac47\" data-element_type=\"column\">\n\t\t\t<div class=\"elementor-widget-wrap elementor-element-populated\">\n\t\t\t\t\t\t\t\t<div data-ha-element-link=\"{&quot;url&quot;:&quot;\\\/wp-content\\\/uploads\\\/2022\\\/07\\\/REGRAS-DE-TRANSPARENCIA-DISTRIBUIDOR.pdf&quot;,&quot;is_external&quot;:&quot;on&quot;,&quot;nofollow&quot;:&quot;&quot;,&quot;custom_attributes&quot;:&quot;&quot;}\" style=\"cursor: pointer\" class=\"elementor-element elementor-element-43553d5 ha-css-transform-yes animated-fast ha-infobox-media-dir-top elementor-invisible elementor-widget elementor-widget-ha-infobox happy-addon ha-infobox\" data-id=\"43553d5\" data-element_type=\"widget\" data-settings=\"{&quot;_animation&quot;:&quot;fadeInUp&quot;}\" data-widget_type=\"ha-infobox.default\">\n\t\t\t\t<div class=\"elementor-widget-container\">\n\t\t\t\n\t\t\n\t\t<div class=\"ha-infobox-body\">\n\t\t\t<h2 class=\"ha-infobox-title\">Regras de transpar\u00eancia na remunera\u00e7\u00e3o<\/h2>\n\t\t\t\n\t\t\t\t\t<\/div>\n\t\t\t\t<\/div>\n\t\t\t\t<\/div>\n\t\t\t\t\t<\/div>\n\t\t<\/div>\n\t\t\t\t<div class=\"elementor-column elementor-col-20 elementor-top-column elementor-element elementor-element-ad65275\" data-id=\"ad65275\" data-element_type=\"column\">\n\t\t\t<div class=\"elementor-widget-wrap elementor-element-populated\">\n\t\t\t\t\t\t\t\t<div data-ha-element-link=\"{&quot;url&quot;:&quot;https:\\\/\\\/siteinstitucional-prod.s3.amazonaws.com\\\/wp-content\\\/uploads\\\/2023\\\/10\\\/27221527\\\/Condicoes-Gerais-PF-2021-1.pdf&quot;,&quot;is_external&quot;:&quot;on&quot;,&quot;nofollow&quot;:&quot;&quot;,&quot;custom_attributes&quot;:&quot;&quot;}\" style=\"cursor: pointer\" class=\"elementor-element elementor-element-607603b ha-css-transform-yes animated-fast ha-infobox-media-dir-top elementor-invisible elementor-widget elementor-widget-ha-infobox happy-addon ha-infobox\" data-id=\"607603b\" data-element_type=\"widget\" data-settings=\"{&quot;_animation&quot;:&quot;fadeInUp&quot;}\" data-widget_type=\"ha-infobox.default\">\n\t\t\t\t<div class=\"elementor-widget-container\">\n\t\t\t\n\t\t\n\t\t<div class=\"ha-infobox-body\">\n\t\t\t<h2 class=\"ha-infobox-title\">Condi\u00e7\u00f5es Gerais<\/h2>\n\t\t\t\n\t\t\t\t\t<\/div>\n\t\t\t\t<\/div>\n\t\t\t\t<\/div>\n\t\t\t\t\t<\/div>\n\t\t<\/div>\n\t\t\t\t<div class=\"elementor-column elementor-col-20 elementor-top-column elementor-element elementor-element-a46032c\" data-id=\"a46032c\" data-element_type=\"column\">\n\t\t\t<div class=\"elementor-widget-wrap elementor-element-populated\">\n\t\t\t\t\t\t\t\t<div data-ha-element-link=\"{&quot;url&quot;:&quot;https:\\\/\\\/www.fgc.org.br\\\/sobre-garantia-fgc&quot;,&quot;is_external&quot;:&quot;on&quot;,&quot;nofollow&quot;:&quot;&quot;,&quot;custom_attributes&quot;:&quot;&quot;}\" style=\"cursor: pointer\" class=\"elementor-element elementor-element-106814a ha-css-transform-yes animated-fast ha-infobox-media-dir-top elementor-invisible elementor-widget elementor-widget-ha-infobox happy-addon ha-infobox\" data-id=\"106814a\" data-element_type=\"widget\" data-settings=\"{&quot;_animation&quot;:&quot;fadeInUp&quot;}\" data-widget_type=\"ha-infobox.default\">\n\t\t\t\t<div class=\"elementor-widget-container\">\n\t\t\t\n\t\t\n\t\t<div class=\"ha-infobox-body\">\n\t\t\t<h2 class=\"ha-infobox-title\">Canal FGC<\/h2>\n\t\t\t\n\t\t\t\t\t<\/div>\n\t\t\t\t<\/div>\n\t\t\t\t<\/div>\n\t\t\t\t\t<\/div>\n\t\t<\/div>\n\t\t\t\t\t\t\t<\/div>\n\t\t<\/section>\n\t\t\t\t\t\t\t<\/div>","protected":false},"excerpt":{"rendered":"<p>CDB (Certificado de Dep\u00f3sito Banc\u00e1rio) Invista em t\u00edtulos banc\u00e1rios com a mesma seguran\u00e7a da poupan\u00e7a e maior rentabilidade. Quero investir CDB (Certificado de Dep\u00f3sito Banc\u00e1rio)\u00a0 Quero investir Certificado de Dep\u00f3sito<a href=\"https:\/\/bancofibra.com.br\/en\/portfolio-cdb\/\" class=\"exp-read-more exp-read-more-dots\">&#8230;<\/a><\/p>","protected":false},"author":10,"featured_media":0,"parent":0,"menu_order":0,"comment_status":"closed","ping_status":"closed","template":"elementor_header_footer","meta":[],"yoast_head":"<!-- This site is optimized with the Yoast SEO plugin v20.13 - https:\/\/yoast.com\/wordpress\/plugins\/seo\/ -->\n<title>Investimentos - CDB | Banco Fibra<\/title>\n<meta name=\"robots\" content=\"index, follow, max-snippet:-1, max-image-preview:large, max-video-preview:-1\" \/>\n<link rel=\"canonical\" href=\"https:\/\/bancofibra.com.br\/en\/portfolio-cdb\/\" \/>\n<meta property=\"og:locale\" content=\"en_US\" \/>\n<meta property=\"og:type\" content=\"article\" \/>\n<meta property=\"og:title\" content=\"Investimentos - CDB | Banco Fibra\" \/>\n<meta property=\"og:description\" content=\"CDB (Certificado de Dep\u00f3sito Banc\u00e1rio) Invista em t\u00edtulos banc\u00e1rios com a mesma seguran\u00e7a da poupan\u00e7a e maior rentabilidade. Quero investir CDB (Certificado de Dep\u00f3sito Banc\u00e1rio)\u00a0 Quero investir Certificado de Dep\u00f3sito...\" \/>\n<meta property=\"og:url\" content=\"https:\/\/bancofibra.com.br\/en\/portfolio-cdb\/\" \/>\n<meta property=\"og:site_name\" content=\"Banco Fibra\" \/>\n<meta property=\"article:modified_time\" content=\"2025-09-03T14:05:12+00:00\" \/>\n<meta property=\"og:image\" content=\"http:\/\/bancofibra.com.br\/wp-content\/uploads\/2020\/03\/icone_dinheiro.svg\" \/>\n<meta name=\"twitter:card\" content=\"summary_large_image\" \/>\n<meta name=\"twitter:label1\" content=\"Est. reading time\" \/>\n\t<meta name=\"twitter:data1\" content=\"6 minutes\" \/>\n<script type=\"application\/ld+json\" class=\"yoast-schema-graph\">{\"@context\":\"https:\/\/schema.org\",\"@graph\":[{\"@type\":\"WebPage\",\"@id\":\"https:\/\/bancofibra.com.br\/en\/portfolio-cdb\/\",\"url\":\"https:\/\/bancofibra.com.br\/en\/portfolio-cdb\/\",\"name\":\"Investimentos - CDB | Banco Fibra\",\"isPartOf\":{\"@id\":\"https:\/\/bancofibra.com.br\/#website\"},\"datePublished\":\"2025-09-02T15:18:35+00:00\",\"dateModified\":\"2025-09-03T14:05:12+00:00\",\"breadcrumb\":{\"@id\":\"https:\/\/bancofibra.com.br\/en\/portfolio-cdb\/#breadcrumb\"},\"inLanguage\":\"en-US\",\"potentialAction\":[{\"@type\":\"ReadAction\",\"target\":[\"https:\/\/bancofibra.com.br\/en\/portfolio-cdb\/\"]}]},{\"@type\":\"BreadcrumbList\",\"@id\":\"https:\/\/bancofibra.com.br\/en\/portfolio-cdb\/#breadcrumb\",\"itemListElement\":[{\"@type\":\"ListItem\",\"position\":1,\"name\":\"Home\",\"item\":\"https:\/\/bancofibra.com.br\/en\/\"},{\"@type\":\"ListItem\",\"position\":2,\"name\":\"Investimentos &#8211; CDB\"}]},{\"@type\":\"WebSite\",\"@id\":\"https:\/\/bancofibra.com.br\/#website\",\"url\":\"https:\/\/bancofibra.com.br\/\",\"name\":\"Banco Fibra\",\"description\":\"Sintonizados com Voc\u00ea\",\"potentialAction\":[{\"@type\":\"SearchAction\",\"target\":{\"@type\":\"EntryPoint\",\"urlTemplate\":\"https:\/\/bancofibra.com.br\/?s={search_term_string}\"},\"query-input\":\"required name=search_term_string\"}],\"inLanguage\":\"en-US\"}]}<\/script>\n<!-- \/ Yoast SEO plugin. -->","yoast_head_json":{"title":"Investimentos - CDB | Banco Fibra","robots":{"index":"index","follow":"follow","max-snippet":"max-snippet:-1","max-image-preview":"max-image-preview:large","max-video-preview":"max-video-preview:-1"},"canonical":"https:\/\/bancofibra.com.br\/en\/portfolio-cdb\/","og_locale":"en_US","og_type":"article","og_title":"Investimentos - CDB | Banco Fibra","og_description":"CDB (Certificado de Dep\u00f3sito Banc\u00e1rio) Invista em t\u00edtulos banc\u00e1rios com a mesma seguran\u00e7a da poupan\u00e7a e maior rentabilidade. Quero investir CDB (Certificado de Dep\u00f3sito Banc\u00e1rio)\u00a0 Quero investir Certificado de Dep\u00f3sito...","og_url":"https:\/\/bancofibra.com.br\/en\/portfolio-cdb\/","og_site_name":"Banco Fibra","article_modified_time":"2025-09-03T14:05:12+00:00","og_image":[{"url":"http:\/\/bancofibra.com.br\/wp-content\/uploads\/2020\/03\/icone_dinheiro.svg"}],"twitter_card":"summary_large_image","twitter_misc":{"Est. reading time":"6 minutes"},"schema":{"@context":"https:\/\/schema.org","@graph":[{"@type":"WebPage","@id":"https:\/\/bancofibra.com.br\/en\/portfolio-cdb\/","url":"https:\/\/bancofibra.com.br\/en\/portfolio-cdb\/","name":"Investimentos - CDB | Banco Fibra","isPartOf":{"@id":"https:\/\/bancofibra.com.br\/#website"},"datePublished":"2025-09-02T15:18:35+00:00","dateModified":"2025-09-03T14:05:12+00:00","breadcrumb":{"@id":"https:\/\/bancofibra.com.br\/en\/portfolio-cdb\/#breadcrumb"},"inLanguage":"en-US","potentialAction":[{"@type":"ReadAction","target":["https:\/\/bancofibra.com.br\/en\/portfolio-cdb\/"]}]},{"@type":"BreadcrumbList","@id":"https:\/\/bancofibra.com.br\/en\/portfolio-cdb\/#breadcrumb","itemListElement":[{"@type":"ListItem","position":1,"name":"Home","item":"https:\/\/bancofibra.com.br\/en\/"},{"@type":"ListItem","position":2,"name":"Investimentos &#8211; CDB"}]},{"@type":"WebSite","@id":"https:\/\/bancofibra.com.br\/#website","url":"https:\/\/bancofibra.com.br\/","name":"Banco Fibra","description":"Sintonizados com Voc\u00ea","potentialAction":[{"@type":"SearchAction","target":{"@type":"EntryPoint","urlTemplate":"https:\/\/bancofibra.com.br\/?s={search_term_string}"},"query-input":"required name=search_term_string"}],"inLanguage":"en-US"}]}},"_links":{"self":[{"href":"https:\/\/bancofibra.com.br\/en\/wp-json\/wp\/v2\/pages\/24934"}],"collection":[{"href":"https:\/\/bancofibra.com.br\/en\/wp-json\/wp\/v2\/pages"}],"about":[{"href":"https:\/\/bancofibra.com.br\/en\/wp-json\/wp\/v2\/types\/page"}],"author":[{"embeddable":true,"href":"https:\/\/bancofibra.com.br\/en\/wp-json\/wp\/v2\/users\/10"}],"replies":[{"embeddable":true,"href":"https:\/\/bancofibra.com.br\/en\/wp-json\/wp\/v2\/comments?post=24934"}],"version-history":[{"count":5,"href":"https:\/\/bancofibra.com.br\/en\/wp-json\/wp\/v2\/pages\/24934\/revisions"}],"predecessor-version":[{"id":24951,"href":"https:\/\/bancofibra.com.br\/en\/wp-json\/wp\/v2\/pages\/24934\/revisions\/24951"}],"wp:attachment":[{"href":"https:\/\/bancofibra.com.br\/en\/wp-json\/wp\/v2\/media?parent=24934"}],"curies":[{"name":"wp","href":"https:\/\/api.w.org\/{rel}","templated":true}]}}