{"id":26071,"date":"2026-01-14T11:50:28","date_gmt":"2026-01-14T14:50:28","guid":{"rendered":"https:\/\/bancofibra.com.br\/?page_id=26071"},"modified":"2026-02-24T15:15:29","modified_gmt":"2026-02-24T18:15:29","slug":"corretora","status":"publish","type":"page","link":"https:\/\/bancofibra.com.br\/en\/corretora\/","title":{"rendered":"Fibra Corretora"},"content":{"rendered":"<div data-elementor-type=\"wp-page\" data-elementor-id=\"26071\" class=\"elementor elementor-26071\">\n\t\t\t\t\t\t\t\t\t<section class=\"elementor-section elementor-top-section elementor-element elementor-element-1f853fb8 elementor-reverse-mobile elementor-section-boxed elementor-section-height-default elementor-section-height-default\" data-id=\"1f853fb8\" data-element_type=\"section\" data-settings=\"{&quot;background_background&quot;:&quot;classic&quot;,&quot;_ha_eqh_enable&quot;:false}\">\n\t\t\t\t\t\t<div class=\"elementor-container elementor-column-gap-default\">\n\t\t\t\t\t<div class=\"elementor-column elementor-col-50 elementor-top-column elementor-element elementor-element-665f12bf animated-fast elementor-invisible\" data-id=\"665f12bf\" data-element_type=\"column\" data-settings=\"{&quot;animation&quot;:&quot;fadeInUp&quot;}\">\n\t\t\t<div class=\"elementor-widget-wrap elementor-element-populated\">\n\t\t\t\t\t\t\t\t<div class=\"elementor-element elementor-element-5d8cec7 elementor-widget elementor-widget-heading\" data-id=\"5d8cec7\" data-element_type=\"widget\" data-widget_type=\"heading.default\">\n\t\t\t\t<div class=\"elementor-widget-container\">\n\t\t\t<h2 class=\"elementor-heading-title elementor-size-default\">FIBRA INSURANCE BROKER<\/h2>\t\t<\/div>\n\t\t\t\t<\/div>\n\t\t\t\t<div class=\"elementor-element elementor-element-3f5d9417 elementor-widget elementor-widget-heading\" data-id=\"3f5d9417\" data-element_type=\"widget\" data-widget_type=\"heading.default\">\n\t\t\t\t<div class=\"elementor-widget-container\">\n\t\t\t<h2 class=\"elementor-heading-title elementor-size-default\">Insurance solutions with agile, humanized, and a transparent services for your business!\n<\/h2>\t\t<\/div>\n\t\t\t\t<\/div>\n\t\t\t\t\t<\/div>\n\t\t<\/div>\n\t\t\t\t<div class=\"elementor-column elementor-col-50 elementor-top-column elementor-element elementor-element-46a297e9\" data-id=\"46a297e9\" data-element_type=\"column\">\n\t\t\t<div class=\"elementor-widget-wrap elementor-element-populated\">\n\t\t\t\t\t\t\t\t<div class=\"elementor-element elementor-element-62626535 elementor-widget elementor-widget-image\" data-id=\"62626535\" data-element_type=\"widget\" data-widget_type=\"image.default\">\n\t\t\t\t<div class=\"elementor-widget-container\">\n\t\t\t\t\t\t\t\t\t\t\t\t\t\t\t<img decoding=\"async\" width=\"2500\" height=\"1664\" src=\"https:\/\/siteinstitucional-prod.s3.amazonaws.com\/wp-content\/uploads\/2026\/01\/14115237\/Dobra-2.svg\" class=\"attachment-large size-large wp-image-26073\" alt=\"\" loading=\"lazy\" \/>\t\t\t\t\t\t\t\t\t\t\t\t\t\t\t<\/div>\n\t\t\t\t<\/div>\n\t\t\t\t\t<\/div>\n\t\t<\/div>\n\t\t\t\t\t\t\t<\/div>\n\t\t<\/section>\n\t\t\t\t<section class=\"elementor-section elementor-top-section elementor-element elementor-element-3886ed23 elementor-section-stretched elementor-section-boxed elementor-section-height-default elementor-section-height-default\" data-id=\"3886ed23\" data-element_type=\"section\" data-settings=\"{&quot;stretch_section&quot;:&quot;section-stretched&quot;,&quot;background_background&quot;:&quot;classic&quot;,&quot;_ha_eqh_enable&quot;:false}\">\n\t\t\t\t\t\t<div class=\"elementor-container elementor-column-gap-no\">\n\t\t\t\t\t<div class=\"elementor-column elementor-col-100 elementor-top-column elementor-element elementor-element-376f4c2f\" data-id=\"376f4c2f\" data-element_type=\"column\" data-settings=\"{&quot;background_background&quot;:&quot;classic&quot;}\">\n\t\t\t<div class=\"elementor-widget-wrap elementor-element-populated\">\n\t\t\t\t\t<div class=\"elementor-background-overlay\"><\/div>\n\t\t\t\t\t\t\t\t<div class=\"elementor-element elementor-element-628a995 elementor-widget elementor-widget-heading\" data-id=\"628a995\" data-element_type=\"widget\" data-widget_type=\"heading.default\">\n\t\t\t\t<div class=\"elementor-widget-container\">\n\t\t\t<h2 class=\"elementor-heading-title elementor-size-default\">OUR SOLUTIONS<\/h2>\t\t<\/div>\n\t\t\t\t<\/div>\n\t\t\t\t<div class=\"elementor-element elementor-element-fd8ee4a elementor-widget elementor-widget-heading\" data-id=\"fd8ee4a\" data-element_type=\"widget\" data-widget_type=\"heading.default\">\n\t\t\t\t<div class=\"elementor-widget-container\">\n\t\t\t<h2 class=\"elementor-heading-title elementor-size-default\">We work in partnership with other companies in the sector, offering effective advice on insurance and risk management, and the best protection solutions for your company.<\/h2>\t\t<\/div>\n\t\t\t\t<\/div>\n\t\t\t\t\t<\/div>\n\t\t<\/div>\n\t\t\t\t\t\t\t<\/div>\n\t\t<\/section>\n\t\t\t\t<section class=\"elementor-section elementor-top-section elementor-element elementor-element-b0e8214 elementor-section-boxed elementor-section-height-default elementor-section-height-default\" data-id=\"b0e8214\" data-element_type=\"section\" data-settings=\"{&quot;background_background&quot;:&quot;classic&quot;,&quot;_ha_eqh_enable&quot;:false}\">\n\t\t\t\t\t\t<div class=\"elementor-container elementor-column-gap-default\">\n\t\t\t\t\t<div class=\"elementor-column elementor-col-50 elementor-top-column elementor-element elementor-element-3b1d867\" data-id=\"3b1d867\" data-element_type=\"column\">\n\t\t\t<div class=\"elementor-widget-wrap elementor-element-populated\">\n\t\t\t\t\t\t\t\t<div class=\"elementor-element elementor-element-401e2f9 elementor-widget elementor-widget-image\" data-id=\"401e2f9\" data-element_type=\"widget\" data-widget_type=\"image.default\">\n\t\t\t\t<div class=\"elementor-widget-container\">\n\t\t\t\t\t\t\t\t\t\t\t\t\t\t\t<img decoding=\"async\" width=\"2500\" height=\"1664\" src=\"https:\/\/siteinstitucional-prod.s3.amazonaws.com\/wp-content\/uploads\/2026\/01\/14115512\/Dobra-4.svg\" class=\"attachment-full size-full wp-image-26074\" alt=\"\" loading=\"lazy\" \/>\t\t\t\t\t\t\t\t\t\t\t\t\t\t\t<\/div>\n\t\t\t\t<\/div>\n\t\t\t\t\t<\/div>\n\t\t<\/div>\n\t\t\t\t<div class=\"elementor-column elementor-col-50 elementor-top-column elementor-element elementor-element-aaa741a animated-fast elementor-invisible\" data-id=\"aaa741a\" data-element_type=\"column\" data-settings=\"{&quot;animation&quot;:&quot;fadeInUp&quot;}\">\n\t\t\t<div class=\"elementor-widget-wrap elementor-element-populated\">\n\t\t\t\t\t\t\t\t<div class=\"elementor-element elementor-element-45c73b5 elementor-widget elementor-widget-heading\" data-id=\"45c73b5\" data-element_type=\"widget\" data-widget_type=\"heading.default\">\n\t\t\t\t<div class=\"elementor-widget-container\">\n\t\t\t<h2 class=\"elementor-heading-title elementor-size-default\">CONTACT<\/h2>\t\t<\/div>\n\t\t\t\t<\/div>\n\t\t\t\t<div class=\"elementor-element elementor-element-8ca188c elementor-widget elementor-widget-heading\" data-id=\"8ca188c\" data-element_type=\"widget\" data-widget_type=\"heading.default\">\n\t\t\t\t<div class=\"elementor-widget-container\">\n\t\t\t<h2 class=\"elementor-heading-title elementor-size-default\">For more information, talk to our experts and get a price quotation!<\/h2>\t\t<\/div>\n\t\t\t\t<\/div>\n\t\t\t\t<div class=\"elementor-element elementor-element-2596c1d elementor-widget elementor-widget-text-editor\" data-id=\"2596c1d\" data-element_type=\"widget\" data-widget_type=\"text-editor.default\">\n\t\t\t\t<div class=\"elementor-widget-container\">\n\t\t\t\t\t\t\t<p><strong>Seguro Pessoa Fisica:<br \/>(11) 99638 6378 (WhatsApp)<br \/><\/strong><strong><br \/>Seguro Pessoa Jur\u00eddica:<br \/>(11) 99731 2741 (WhatsApp)<br \/><br \/><\/strong><span style=\"text-decoration: underline;\"><a href=\"mailto:cotacao@corretorafibra.com.br\">cotacao@corretorafibra.com.br<\/a><\/span><\/p>\t\t\t\t\t\t<\/div>\n\t\t\t\t<\/div>\n\t\t\t\t<div class=\"elementor-element elementor-element-4629b5d elementor-widget elementor-widget-text-editor\" data-id=\"4629b5d\" data-element_type=\"widget\" data-widget_type=\"text-editor.default\">\n\t\t\t\t<div class=\"elementor-widget-container\">\n\t\t\t\t\t\t\tFrom 09h to 18h (GMT \u2013 3:00), from Monday to Friday \u2013 except local holidays\t\t\t\t\t\t<\/div>\n\t\t\t\t<\/div>\n\t\t\t\t\t<\/div>\n\t\t<\/div>\n\t\t\t\t\t\t\t<\/div>\n\t\t<\/section>\n\t\t\t\t\t\t\t<\/div>","protected":false},"excerpt":{"rendered":"<p>FIBRA CORRETORA Solu\u00e7\u00f5es em seguro com atendimento \u00e1gil, humanizado e transparente para o seu neg\u00f3cio! NOSSAS SOLU\u00c7\u00d5ES Atuamos em parceria com outras empresas do segmento oferecendo uma efetiva assessoria em<a href=\"https:\/\/bancofibra.com.br\/en\/corretora\/\" class=\"exp-read-more exp-read-more-dots\">&#8230;<\/a><\/p>","protected":false},"author":10,"featured_media":0,"parent":0,"menu_order":0,"comment_status":"closed","ping_status":"closed","template":"elementor_header_footer","meta":[],"yoast_head":"<!-- This site is optimized with the Yoast SEO plugin v20.13 - https:\/\/yoast.com\/wordpress\/plugins\/seo\/ -->\n<title>Fibra Corretora | Banco Fibra<\/title>\n<meta name=\"robots\" content=\"index, follow, max-snippet:-1, max-image-preview:large, max-video-preview:-1\" \/>\n<link rel=\"canonical\" href=\"https:\/\/bancofibra.com.br\/en\/corretora\/\" \/>\n<meta property=\"og:locale\" content=\"en_US\" \/>\n<meta property=\"og:type\" content=\"article\" \/>\n<meta property=\"og:title\" content=\"Fibra Corretora | Banco Fibra\" \/>\n<meta property=\"og:description\" content=\"FIBRA CORRETORA Solu\u00e7\u00f5es em seguro com atendimento \u00e1gil, humanizado e transparente para o seu neg\u00f3cio! NOSSAS SOLU\u00c7\u00d5ES Atuamos em parceria com outras empresas do segmento oferecendo uma efetiva assessoria em...\" \/>\n<meta property=\"og:url\" content=\"https:\/\/bancofibra.com.br\/en\/corretora\/\" \/>\n<meta property=\"og:site_name\" content=\"Banco Fibra\" \/>\n<meta property=\"article:modified_time\" content=\"2026-02-24T18:15:29+00:00\" \/>\n<meta property=\"og:image\" content=\"https:\/\/bancofibra.com.br\/wp-content\/uploads\/2026\/01\/Dobra-2.svg\" \/>\n<meta name=\"twitter:card\" content=\"summary_large_image\" \/>\n<meta name=\"twitter:label1\" content=\"Est. reading time\" \/>\n\t<meta name=\"twitter:data1\" content=\"3 minutes\" \/>\n<script type=\"application\/ld+json\" class=\"yoast-schema-graph\">{\"@context\":\"https:\/\/schema.org\",\"@graph\":[{\"@type\":\"WebPage\",\"@id\":\"https:\/\/bancofibra.com.br\/en\/corretora\/\",\"url\":\"https:\/\/bancofibra.com.br\/en\/corretora\/\",\"name\":\"Fibra Corretora | Banco Fibra\",\"isPartOf\":{\"@id\":\"https:\/\/bancofibra.com.br\/#website\"},\"datePublished\":\"2026-01-14T14:50:28+00:00\",\"dateModified\":\"2026-02-24T18:15:29+00:00\",\"breadcrumb\":{\"@id\":\"https:\/\/bancofibra.com.br\/en\/corretora\/#breadcrumb\"},\"inLanguage\":\"en-US\",\"potentialAction\":[{\"@type\":\"ReadAction\",\"target\":[\"https:\/\/bancofibra.com.br\/en\/corretora\/\"]}]},{\"@type\":\"BreadcrumbList\",\"@id\":\"https:\/\/bancofibra.com.br\/en\/corretora\/#breadcrumb\",\"itemListElement\":[{\"@type\":\"ListItem\",\"position\":1,\"name\":\"Home\",\"item\":\"https:\/\/bancofibra.com.br\/en\/\"},{\"@type\":\"ListItem\",\"position\":2,\"name\":\"Fibra Corretora\"}]},{\"@type\":\"WebSite\",\"@id\":\"https:\/\/bancofibra.com.br\/#website\",\"url\":\"https:\/\/bancofibra.com.br\/\",\"name\":\"Banco Fibra\",\"description\":\"Sintonizados com Voc\u00ea\",\"potentialAction\":[{\"@type\":\"SearchAction\",\"target\":{\"@type\":\"EntryPoint\",\"urlTemplate\":\"https:\/\/bancofibra.com.br\/?s={search_term_string}\"},\"query-input\":\"required name=search_term_string\"}],\"inLanguage\":\"en-US\"}]}<\/script>\n<!-- \/ Yoast SEO plugin. -->","yoast_head_json":{"title":"Fibra Corretora | Banco Fibra","robots":{"index":"index","follow":"follow","max-snippet":"max-snippet:-1","max-image-preview":"max-image-preview:large","max-video-preview":"max-video-preview:-1"},"canonical":"https:\/\/bancofibra.com.br\/en\/corretora\/","og_locale":"en_US","og_type":"article","og_title":"Fibra Corretora | Banco Fibra","og_description":"FIBRA CORRETORA Solu\u00e7\u00f5es em seguro com atendimento \u00e1gil, humanizado e transparente para o seu neg\u00f3cio! NOSSAS SOLU\u00c7\u00d5ES Atuamos em parceria com outras empresas do segmento oferecendo uma efetiva assessoria em...","og_url":"https:\/\/bancofibra.com.br\/en\/corretora\/","og_site_name":"Banco Fibra","article_modified_time":"2026-02-24T18:15:29+00:00","og_image":[{"url":"https:\/\/bancofibra.com.br\/wp-content\/uploads\/2026\/01\/Dobra-2.svg"}],"twitter_card":"summary_large_image","twitter_misc":{"Est. reading time":"3 minutes"},"schema":{"@context":"https:\/\/schema.org","@graph":[{"@type":"WebPage","@id":"https:\/\/bancofibra.com.br\/en\/corretora\/","url":"https:\/\/bancofibra.com.br\/en\/corretora\/","name":"Fibra Corretora | Banco Fibra","isPartOf":{"@id":"https:\/\/bancofibra.com.br\/#website"},"datePublished":"2026-01-14T14:50:28+00:00","dateModified":"2026-02-24T18:15:29+00:00","breadcrumb":{"@id":"https:\/\/bancofibra.com.br\/en\/corretora\/#breadcrumb"},"inLanguage":"en-US","potentialAction":[{"@type":"ReadAction","target":["https:\/\/bancofibra.com.br\/en\/corretora\/"]}]},{"@type":"BreadcrumbList","@id":"https:\/\/bancofibra.com.br\/en\/corretora\/#breadcrumb","itemListElement":[{"@type":"ListItem","position":1,"name":"Home","item":"https:\/\/bancofibra.com.br\/en\/"},{"@type":"ListItem","position":2,"name":"Fibra Corretora"}]},{"@type":"WebSite","@id":"https:\/\/bancofibra.com.br\/#website","url":"https:\/\/bancofibra.com.br\/","name":"Banco Fibra","description":"Sintonizados com Voc\u00ea","potentialAction":[{"@type":"SearchAction","target":{"@type":"EntryPoint","urlTemplate":"https:\/\/bancofibra.com.br\/?s={search_term_string}"},"query-input":"required name=search_term_string"}],"inLanguage":"en-US"}]}},"_links":{"self":[{"href":"https:\/\/bancofibra.com.br\/en\/wp-json\/wp\/v2\/pages\/26071"}],"collection":[{"href":"https:\/\/bancofibra.com.br\/en\/wp-json\/wp\/v2\/pages"}],"about":[{"href":"https:\/\/bancofibra.com.br\/en\/wp-json\/wp\/v2\/types\/page"}],"author":[{"embeddable":true,"href":"https:\/\/bancofibra.com.br\/en\/wp-json\/wp\/v2\/users\/10"}],"replies":[{"embeddable":true,"href":"https:\/\/bancofibra.com.br\/en\/wp-json\/wp\/v2\/comments?post=26071"}],"version-history":[{"count":32,"href":"https:\/\/bancofibra.com.br\/en\/wp-json\/wp\/v2\/pages\/26071\/revisions"}],"predecessor-version":[{"id":26268,"href":"https:\/\/bancofibra.com.br\/en\/wp-json\/wp\/v2\/pages\/26071\/revisions\/26268"}],"wp:attachment":[{"href":"https:\/\/bancofibra.com.br\/en\/wp-json\/wp\/v2\/media?parent=26071"}],"curies":[{"name":"wp","href":"https:\/\/api.w.org\/{rel}","templated":true}]}}