{"id":6531,"date":"2020-03-17T19:18:35","date_gmt":"2020-03-17T19:18:35","guid":{"rendered":"https:\/\/bancofibra.com.br\/?page_id=6531"},"modified":"2020-12-21T21:53:54","modified_gmt":"2020-12-21T21:53:54","slug":"src","status":"publish","type":"page","link":"https:\/\/bancofibra.com.br\/en\/src\/","title":{"rendered":"SRC"},"content":{"rendered":"<div  class=\"tatsu-fd1Bq2XfY tatsu-section  tatsu-bg-overlay   tatsu-clearfix\" data-title=\"\"  data-headerscheme=\"background--dark\"><div class='tatsu-section-pad clearfix' data-padding='{\"d\":\"60px 0px 73px 0px\"}' data-padding-top='60px'><div class=\"tatsu-row-wrap  tatsu-wrap tatsu-row-one-col tatsu-row-has-one-cols tatsu-medium-gutter tatsu-reg-cols  tatsu-clearfix tatsu-9ylbh1U0Jo\" ><div  class=\"tatsu-row\" ><div  class=\"tatsu-column  tatsu-bg-overlay tatsu-one-col tatsu-column-image-none tatsu-column-effect-none  tatsu-G3V-c10YEg\"  data-parallax-speed=\"0\" style=\"\"><div class=\"tatsu-column-inner\" ><div class=\"tatsu-column-pad-wrap\"><div class=\"tatsu-column-pad\" ><div  class=\"tatsu-module tatsu-text-block-wrap tatsu-AxYgIVQ8o5\"><div class=\"tatsu-text-inner tatsu-align-center  clearfix\" ><style>.tatsu-AxYgIVQ8o5.tatsu-text-block-wrap .tatsu-text-inner{width: 100%;text-align: left;color: rgba(255,255,255,1) ;}.tatsu-AxYgIVQ8o5.tatsu-text-block-wrap{margin: 0px 0px 60px 0px;}.tatsu-AxYgIVQ8o5 .tatsu-text-inner *{color: rgba(255,255,255,1) ;}.tatsu-AxYgIVQ8o5.tatsu-text-block-wrap .tatsu-text-inner *{font-family : \"DMSerifText-Regular\",-apple-system,BlinkMacSystemFont,'Segoe UI',Roboto,Oxygen-Sans,Ubuntu,Cantarell,'Helvetica Neue',sans-serif;font-size : 56px;line-height : 58px;}<\/style>\n<p>CREDIT INFORMATION SYSTEM (SCR)<\/p>\n<\/div><\/div><\/div><\/div><div class = \"tatsu-column-bg-image-wrap\"><div class = \"tatsu-column-bg-image\" ><\/div><\/div><div class=\"tatsu-overlay tatsu-column-overlay tatsu-animate-none\" ><\/div><\/div><style>.tatsu-row > .tatsu-G3V-c10YEg.tatsu-column{width: 100%;}.tatsu-G3V-c10YEg.tatsu-column > .tatsu-column-inner > .tatsu-column-overlay{mix-blend-mode: normal;}.tatsu-G3V-c10YEg > .tatsu-column-inner > .tatsu-top-divider{z-index: 9999;}.tatsu-G3V-c10YEg > .tatsu-column-inner > .tatsu-bottom-divider{z-index: 9999;}.tatsu-G3V-c10YEg > .tatsu-column-inner > .tatsu-left-divider{z-index: 9999;}.tatsu-G3V-c10YEg > .tatsu-column-inner > .tatsu-right-divider{z-index: 9999;}@media only screen and (max-width:1377px) {.tatsu-row > .tatsu-G3V-c10YEg.tatsu-column{width: 100%;}}@media only screen and (min-width:768px) and (max-width: 1024px) {.tatsu-row > .tatsu-G3V-c10YEg.tatsu-column{width: 100%;}}@media only screen and (max-width: 767px) {.tatsu-row > .tatsu-G3V-c10YEg.tatsu-column{width: 100%;}}<\/style><\/div><\/div><\/div><\/div><div class=\"tatsu-section-background-wrap\"><div class = \"tatsu-section-background\" ><\/div><\/div><div class=\"tatsu-overlay tatsu-section-overlay\"><\/div><style>.tatsu-fd1Bq2XfY.tatsu-section{background-color: rgba(8,42,77,1);}.tatsu-fd1Bq2XfY .tatsu-section-pad{padding: 60px 0px 73px 0px;}.tatsu-fd1Bq2XfY .tatsu-section-offset-wrap{transform: translateY(-0px);}.tatsu-fd1Bq2XfY > .tatsu-bottom-divider{z-index: 9999;}.tatsu-fd1Bq2XfY > .tatsu-top-divider{z-index: 9999;}.tatsu-fd1Bq2XfY .tatsu-section-overlay{mix-blend-mode: normal;}<\/style><\/div><div  class=\"tatsu-SMida76sdl tatsu-section  tatsu-bg-overlay   tatsu-clearfix\" data-title=\"\"  data-headerscheme=\"background--dark\"><div class='tatsu-section-pad clearfix' data-padding='{\"d\":\"89px 0px 90px 0px\"}' data-padding-top='89px'><div class=\"tatsu-row-wrap  tatsu-wrap tatsu-row-one-col tatsu-row-has-one-cols tatsu-medium-gutter tatsu-reg-cols  tatsu-clearfix tatsu-PfErhRyy1D\" ><div  class=\"tatsu-row\" ><div  class=\"tatsu-column  tatsu-bg-overlay tatsu-one-col tatsu-column-image-none tatsu-column-effect-none  tatsu-rIK5R5CNxe\"  data-parallax-speed=\"0\" style=\"\"><div class=\"tatsu-column-inner\" ><div class=\"tatsu-column-pad-wrap\"><div class=\"tatsu-column-pad\" ><div  class=\"tatsu-module tatsu-inline-text clearfix tatsu-9TCXqhrhwC\" ><style>.tatsu-9TCXqhrhwC .tatsu-inline-text-inner{width: 100%;text-align: left;}.tatsu-9TCXqhrhwC.tatsu-inline-text .tatsu-inline-text-inner *{text-transform : none;font-size : 22px;line-height : 29px;}@media only screen and (max-width: 767px) {.tatsu-9TCXqhrhwC .tatsu-inline-text-inner{width: 100%;}}<\/style><div class=\"tatsu-inline-text-inner tatsu-align-center\">\n<p><span style=\"color: #082a4d;\">ESCLARECIMENTO SOBRE O SCR<\/span><\/p>\n<\/div><\/div><div class=\"tatsu-row-wrap  tatsu-row-one-col tatsu-row-has-one-cols tatsu-medium-gutter tatsu-reg-cols tatsu-inner-row-wrap  tatsu-clearfix tatsu-kSWM0b2IDu\" ><div  class=\"tatsu-row\" ><div  class=\"tatsu-column  tatsu-bg-overlay tatsu-one-col tatsu-column-image- tatsu-column-effect-  tatsu-1z_XSu47hp\"  data-parallax-speed=\"0\" style=\"\"><div class=\"tatsu-column-inner\" ><div class=\"tatsu-column-pad-wrap\"><div class=\"tatsu-column-pad\" ><div  class=\"tatsu-module tatsu-inline-text clearfix tatsu-083dthj4hT\" ><style>.tatsu-083dthj4hT .tatsu-inline-text-inner{width: 100%;text-align: left;}.tatsu-083dthj4hT.tatsu-inline-text .tatsu-inline-text-inner *{font-family : \"DMSans-Medium\",-apple-system,BlinkMacSystemFont,'Segoe UI',Roboto,Oxygen-Sans,Ubuntu,Cantarell,'Helvetica Neue',sans-serif;font-size : 22px;line-height : 29px;}@media only screen and (max-width: 767px) {.tatsu-083dthj4hT .tatsu-inline-text-inner{width: 100%;}}<\/style><div class=\"tatsu-inline-text-inner tatsu-align-center\">\n<p><span style=\"color: #082a4d;\">&nbsp;1. Sobre o SCR:<\/span><\/p>\n<\/div><\/div><div  class=\"tatsu-module tatsu-text-block-wrap tatsu-4NATZKTZ7F  politicaTexto\"><div class=\"tatsu-text-inner tatsu-align-center  clearfix\" ><style>.tatsu-4NATZKTZ7F.tatsu-text-block-wrap .tatsu-text-inner{width: 100%;text-align: left;color: rgba(73,80,87,1) ;}.tatsu-4NATZKTZ7F .tatsu-text-inner *{color: rgba(73,80,87,1) ;}.tatsu-4NATZKTZ7F.tatsu-text-block-wrap .tatsu-text-inner *{font-family : \"DMSans-Medium\",-apple-system,BlinkMacSystemFont,'Segoe UI',Roboto,Oxygen-Sans,Ubuntu,Cantarell,'Helvetica Neue',sans-serif;text-transform : none;font-size : 22px;line-height : 29px;}<\/style>\n<p>O Sistema de Informa\u00e7\u00f5es de Cr\u00e9dito do Banco Central do Brasil \u2013 SCR \u00e9 um banco de dados para registro e consulta de informa\u00e7\u00f5es sobre opera\u00e7\u00f5es de cr\u00e9dito contratadas contra\u00eddas, garantias outorgadas e limites de cr\u00e9dito concedidos por institui\u00e7\u00f5es financeiras a pessoas f\u00edsicas e jur\u00eddicas.<\/p>\n<\/div><\/div><div  class=\"tatsu-module tatsu-inline-text clearfix tatsu-ERydT3nWMJ\" ><style>.tatsu-ERydT3nWMJ .tatsu-inline-text-inner{width: 100%;text-align: left;}.tatsu-ERydT3nWMJ.tatsu-inline-text .tatsu-inline-text-inner *{font-family : \"DMSans-Medium\",-apple-system,BlinkMacSystemFont,'Segoe UI',Roboto,Oxygen-Sans,Ubuntu,Cantarell,'Helvetica Neue',sans-serif;font-size : 22px;line-height : 29px;}@media only screen and (max-width: 767px) {.tatsu-ERydT3nWMJ .tatsu-inline-text-inner{width: 100%;}}<\/style><div class=\"tatsu-inline-text-inner tatsu-align-center\">\n<p><span style=\"color: #082a4d;\">&nbsp;2. Finalidade e Uso das Informa\u00e7\u00f5es:<\/span><\/p>\n<\/div><\/div><\/div><\/div><div class = \"tatsu-column-bg-image-wrap\"><div class = \"tatsu-column-bg-image\" ><\/div><\/div><div class=\"tatsu-overlay tatsu-column-overlay tatsu-animate-none\" ><\/div><\/div><style>.tatsu-row > .tatsu-1z_XSu47hp.tatsu-column{width: 100%;}.tatsu-1z_XSu47hp.tatsu-column > .tatsu-column-inner > .tatsu-column-overlay{mix-blend-mode: normal;}.tatsu-1z_XSu47hp > .tatsu-column-inner > .tatsu-top-divider{z-index: 9999;}.tatsu-1z_XSu47hp > .tatsu-column-inner > .tatsu-bottom-divider{z-index: 9999;}.tatsu-1z_XSu47hp > .tatsu-column-inner > .tatsu-left-divider{z-index: 9999;}.tatsu-1z_XSu47hp > .tatsu-column-inner > .tatsu-right-divider{z-index: 9999;}@media only screen and (max-width:1377px) {.tatsu-row > .tatsu-1z_XSu47hp.tatsu-column{width: 100%;}}@media only screen and (min-width:768px) and (max-width: 1024px) {.tatsu-row > .tatsu-1z_XSu47hp.tatsu-column{width: 100%;}}@media only screen and (max-width: 767px) {.tatsu-row > .tatsu-1z_XSu47hp.tatsu-column{width: 100%;}}<\/style><\/div><\/div><\/div><div  class=\"tatsu-module tatsu-text-block-wrap tatsu-3beHEjFBDk  politicaTexto\"><div class=\"tatsu-text-inner tatsu-align-center  clearfix\" ><style>.tatsu-3beHEjFBDk.tatsu-text-block-wrap .tatsu-text-inner{width: 100%;text-align: left;color: rgba(73,80,87,1) ;}.tatsu-3beHEjFBDk .tatsu-text-inner *{color: rgba(73,80,87,1) ;}.tatsu-3beHEjFBDk.tatsu-text-block-wrap .tatsu-text-inner *{font-family : \"DMSans-Medium\",-apple-system,BlinkMacSystemFont,'Segoe UI',Roboto,Oxygen-Sans,Ubuntu,Cantarell,'Helvetica Neue',sans-serif;text-transform : none;font-size : 22px;line-height : 29px;}<\/style>\n<p>A implementa\u00e7\u00e3o do SCR tem como objetivos:<br \/>\n&#8211; prover a supervis\u00e3o do Banco Central de informa\u00e7\u00f5es que melhorem a capacidade de avalia\u00e7\u00e3o da carteira de cr\u00e9dito das institui\u00e7\u00f5es que concedem cr\u00e9dito, auxiliando a detec\u00e7\u00e3o e preven\u00e7\u00e3o de crises no sistema banc\u00e1rio, e a prote\u00e7\u00e3o dos recursos depositados pelos cidad\u00e3os;<br \/>\n&#8211; auxiliar as institui\u00e7\u00f5es financeiras na gest\u00e3o de suas carteiras de cr\u00e9dito, atrav\u00e9s da mensura\u00e7\u00e3o dos riscos por meio da avalia\u00e7\u00e3o do n\u00edvel de endividamento e do perfil e capacidade de pagamento dos clientes;<br \/>\n&#8211; permitir aos clientes do Sistema Financeiro Nacional o acompanhamento das informa\u00e7\u00f5es a respeito de suas opera\u00e7\u00f5es de cr\u00e9dito perante as institui\u00e7\u00f5es financeiras.<\/p>\n<\/div><\/div><div  class=\"tatsu-module tatsu-inline-text clearfix tatsu-THpG2kNpXr\" ><style>.tatsu-THpG2kNpXr .tatsu-inline-text-inner{width: 100%;text-align: left;}.tatsu-THpG2kNpXr.tatsu-inline-text .tatsu-inline-text-inner *{font-family : \"DMSans-Medium\",-apple-system,BlinkMacSystemFont,'Segoe UI',Roboto,Oxygen-Sans,Ubuntu,Cantarell,'Helvetica Neue',sans-serif;font-size : 22px;line-height : 29px;}@media only screen and (max-width: 767px) {.tatsu-THpG2kNpXr .tatsu-inline-text-inner{width: 100%;}}<\/style><div class=\"tatsu-inline-text-inner tatsu-align-center\">\n<p><span style=\"color: #082a4d;\">&nbsp;3. Forma de Consulta:<\/span><\/p>\n<\/div><\/div><div  class=\"tatsu-module tatsu-text-block-wrap tatsu-wiarIQccccO  politicaTexto\"><div class=\"tatsu-text-inner tatsu-align-center  clearfix\" ><style>.tatsu-wiarIQccccO.tatsu-text-block-wrap .tatsu-text-inner{width: 100%;text-align: left;color: rgba(73,80,87,1) ;}.tatsu-wiarIQccccO .tatsu-text-inner *{color: rgba(73,80,87,1) ;}.tatsu-wiarIQccccO.tatsu-text-block-wrap .tatsu-text-inner *{font-family : \"DMSans-Medium\",-apple-system,BlinkMacSystemFont,'Segoe UI',Roboto,Oxygen-Sans,Ubuntu,Cantarell,'Helvetica Neue',sans-serif;text-transform : none;font-size : 22px;line-height : 29px;}<\/style>\n<p>O acesso ao SCR pode ser feito pelas institui\u00e7\u00f5es financeiras participantes do sistema, pelos tomadores de empr\u00e9stimos e financiamentos e pelas \u00e1reas especializadas do Banco Central do Brasil.<\/p>\n<p>As informa\u00e7\u00f5es acessadas apresentam somente dados consolidados dos clientes e n\u00e3o trazem detalhes da opera\u00e7\u00e3o, nem a identifica\u00e7\u00e3o da institui\u00e7\u00e3o credora ou o n\u00edvel de classifica\u00e7\u00e3o de risco.<\/p>\n<p>As pessoas f\u00edsicas e jur\u00eddicas podem consultar suas informa\u00e7\u00f5es porventura cadastradas no SCR gratuitamente, por meio da Internet, acessando o Registrato &#8211; Extrato do Registro de Informa\u00e7\u00f5es no Banco Central. Alternativamente, o relat\u00f3rio com informa\u00e7\u00f5es detalhadas a seu respeito pode ser fornecido presencialmente em Bras\u00edlia, por meio do envio de documentos pelo Protocolo Digital ou por correspond\u00eancia.<\/p>\n<p>Para o cadastramento no SCR, os clientes devem apresentar a seguinte documenta\u00e7\u00e3o:<\/p>\n<p><strong>&#8211; Pessoa F\u00edsica: <\/strong>formul\u00e1rio de solicita\u00e7\u00e3o de credenciamento devidamente preenchido e com firma reconhecida, documento de identidade com foto e CPF (original ou c\u00f3pia autenticada)<\/p>\n<p><strong>&#8211; Pessoa Jur\u00eddica:<\/strong> formul\u00e1rio de solicita\u00e7\u00e3o de credenciamento devidamente preenchido e com firma reconhecida, acompanhado de (a) Ltda.: contrato social e suas altera\u00e7\u00f5es ou (b) S.A.: estatuto social e ata da assembleia na qual os representantes legais foram eleitos, original ou c\u00f3pia autenticada; certid\u00e3o da Junta Comercial, bem como documento de identifica\u00e7\u00e3o do representante legal (original ou c\u00f3pia autenticada).<\/p>\n<p>Para obter maiores esclarecimentos sobre o credenciamento por tipo de solicitante e rela\u00e7\u00e3o atualizada de documentos, acesse o site www.bcb.gov.br.<\/p>\n<\/div><\/div><div  class=\"tatsu-module tatsu-inline-text clearfix tatsu-GxfiI7PQ7Tb\" ><style>.tatsu-GxfiI7PQ7Tb .tatsu-inline-text-inner{width: 100%;text-align: left;}.tatsu-GxfiI7PQ7Tb.tatsu-inline-text .tatsu-inline-text-inner *{font-family : \"DMSans-Medium\",-apple-system,BlinkMacSystemFont,'Segoe UI',Roboto,Oxygen-Sans,Ubuntu,Cantarell,'Helvetica Neue',sans-serif;font-size : 22px;line-height : 29px;}@media only screen and (max-width: 767px) {.tatsu-GxfiI7PQ7Tb .tatsu-inline-text-inner{width: 100%;}}<\/style><div class=\"tatsu-inline-text-inner tatsu-align-center\">\n<p><span style=\"color: #082a4d;\">&nbsp;4. Procedimentos necess\u00e1rios para Contesta\u00e7\u00e3o das Informa\u00e7\u00f5es:<\/span><\/p>\n<\/div><\/div><div  class=\"tatsu-module tatsu-text-block-wrap tatsu-eqBeDn1IRJx  politicaTexto\"><div class=\"tatsu-text-inner tatsu-align-center  clearfix\" ><style>.tatsu-eqBeDn1IRJx.tatsu-text-block-wrap .tatsu-text-inner{width: 100%;text-align: left;color: rgba(73,80,87,1) ;}.tatsu-eqBeDn1IRJx .tatsu-text-inner *{color: rgba(73,80,87,1) ;}.tatsu-eqBeDn1IRJx.tatsu-text-block-wrap .tatsu-text-inner *{font-family : \"DMSans-Medium\",-apple-system,BlinkMacSystemFont,'Segoe UI',Roboto,Oxygen-Sans,Ubuntu,Cantarell,'Helvetica Neue',sans-serif;text-transform : none;font-size : 22px;line-height : 29px;}<\/style>\n<p>Eventuais solicita\u00e7\u00f5es de corre\u00e7\u00f5es, exclus\u00f5es, registro de medidas judiciais e manifesta\u00e7\u00e3o de discord\u00e2ncia quanto \u00e0s informa\u00e7\u00f5es constantes no SCR dever\u00e3o ser dirigidas a institui\u00e7\u00e3o respons\u00e1vel pela inclus\u00e3o da informa\u00e7\u00e3o no SCR, por meio de requerimento escrito e fundamentado, acompanhado da decis\u00e3o judicial, quando for o caso.<\/p>\n<p>Caso n\u00e3o haja entendimento entre as partes, o cliente pode registrar uma reclama\u00e7\u00e3o na Central de Atendimento ao P\u00fablico do Banco Central ou questionar, na esfera judicial, a institui\u00e7\u00e3o financeira respons\u00e1vel pelo lan\u00e7amento.<\/p>\n<p>Para manifestar discord\u00e2ncia e solicitar corre\u00e7\u00e3o ou exclus\u00e3o de informa\u00e7\u00f5es lan\u00e7adas no SCR, relativas a opera\u00e7\u00f5es realizadas com o Banco Fibra S.A., entre em contato com o SAC atrav\u00e9s dos n\u00fameros (11) 4007-1626 (Capitais e Regi\u00f5es Metropolitanas) ou 0800 727 0132 (demais localidades).<\/p>\n<\/div><\/div><div  class=\"tatsu-module tatsu-inline-text clearfix tatsu-7u4UOA9LjW3\" ><style>.tatsu-7u4UOA9LjW3 .tatsu-inline-text-inner{width: 100%;text-align: left;}.tatsu-7u4UOA9LjW3.tatsu-inline-text .tatsu-inline-text-inner *{font-family : \"DMSans-Medium\",-apple-system,BlinkMacSystemFont,'Segoe UI',Roboto,Oxygen-Sans,Ubuntu,Cantarell,'Helvetica Neue',sans-serif;font-size : 22px;line-height : 29px;}@media only screen and (max-width: 767px) {.tatsu-7u4UOA9LjW3 .tatsu-inline-text-inner{width: 100%;}}<\/style><div class=\"tatsu-inline-text-inner tatsu-align-center\">\n<p><span style=\"color: #082a4d;\">&nbsp;5. Esclarecimento Final:<\/span><\/p>\n<\/div><\/div><div  class=\"tatsu-module tatsu-text-block-wrap tatsu-av1Nh25jWUb  politicaTexto\"><div class=\"tatsu-text-inner tatsu-align-center  clearfix\" ><style>.tatsu-av1Nh25jWUb.tatsu-text-block-wrap .tatsu-text-inner{width: 100%;text-align: left;color: rgba(73,80,87,1) ;}.tatsu-av1Nh25jWUb .tatsu-text-inner *{color: rgba(73,80,87,1) ;}.tatsu-av1Nh25jWUb.tatsu-text-block-wrap .tatsu-text-inner *{font-family : \"DMSans-Medium\",-apple-system,BlinkMacSystemFont,'Segoe UI',Roboto,Oxygen-Sans,Ubuntu,Cantarell,'Helvetica Neue',sans-serif;text-transform : none;font-size : 22px;line-height : 29px;}<\/style>\n<p>A consulta por parte das Institui\u00e7\u00f5es Financeiras, \u00e0s informa\u00e7\u00f5es constantes do SCR, depende de pr\u00e9via autoriza\u00e7\u00e3o do cliente, espec\u00edfica para essa finalidade.<\/p>\n<\/div><\/div><\/div><\/div><div class = \"tatsu-column-bg-image-wrap\"><div class = \"tatsu-column-bg-image\" ><\/div><\/div><div class=\"tatsu-overlay tatsu-column-overlay tatsu-animate-none\" ><\/div><\/div><style>.tatsu-row > .tatsu-rIK5R5CNxe.tatsu-column{width: 100%;}.tatsu-rIK5R5CNxe.tatsu-column > .tatsu-column-inner > .tatsu-column-overlay{mix-blend-mode: normal;}.tatsu-rIK5R5CNxe > .tatsu-column-inner > .tatsu-top-divider{z-index: 9999;}.tatsu-rIK5R5CNxe > .tatsu-column-inner > .tatsu-bottom-divider{z-index: 9999;}.tatsu-rIK5R5CNxe > .tatsu-column-inner > .tatsu-left-divider{z-index: 9999;}.tatsu-rIK5R5CNxe > .tatsu-column-inner > .tatsu-right-divider{z-index: 9999;}@media only screen and (max-width:1377px) {.tatsu-row > .tatsu-rIK5R5CNxe.tatsu-column{width: 100%;}}@media only screen and (min-width:768px) and (max-width: 1024px) {.tatsu-row > .tatsu-rIK5R5CNxe.tatsu-column{width: 100%;}}@media only screen and (max-width: 767px) {.tatsu-row > .tatsu-rIK5R5CNxe.tatsu-column{width: 100%;}}<\/style><\/div><\/div><\/div><\/div><div class=\"tatsu-section-background-wrap\"><div class = \"tatsu-section-background\" ><\/div><\/div><div class=\"tatsu-overlay tatsu-section-overlay\"><\/div><style>.tatsu-SMida76sdl .tatsu-section-pad{padding: 89px 0px 90px 0px;}.tatsu-SMida76sdl .tatsu-section-offset-wrap{transform: translateY(-0px);}.tatsu-SMida76sdl > .tatsu-bottom-divider{z-index: 9999;}.tatsu-SMida76sdl > .tatsu-top-divider{z-index: 9999;}.tatsu-SMida76sdl .tatsu-section-overlay{mix-blend-mode: normal;}<\/style><\/div>","protected":false},"excerpt":{"rendered":"<p><a href=\"https:\/\/bancofibra.com.br\/en\/src\/\" class=\"exp-read-more exp-read-more-dots\">&#8230;<\/a><\/p>","protected":false},"author":12,"featured_media":0,"parent":0,"menu_order":0,"comment_status":"closed","ping_status":"closed","template":"","meta":[],"yoast_head":"<!-- This site is optimized with the Yoast SEO plugin v20.13 - https:\/\/yoast.com\/wordpress\/plugins\/seo\/ -->\n<title>Sistema de Informa\u00e7\u00f5es de Cr\u00e9dito \u2014 SCR | Banco Fibra<\/title>\n<meta name=\"description\" content=\"O Sistema de Informa\u00e7\u00f5es de Cr\u00e9dito do Banco Central do Brasil \u00e9 um banco de dados para registro e consulta de informa\u00e7\u00f5es. Veja as perguntas frequentes!\" \/>\n<meta name=\"robots\" content=\"index, follow, max-snippet:-1, max-image-preview:large, max-video-preview:-1\" \/>\n<link rel=\"canonical\" href=\"https:\/\/bancofibra.com.br\/en\/src\/\" \/>\n<meta property=\"og:locale\" content=\"en_US\" \/>\n<meta property=\"og:type\" content=\"article\" \/>\n<meta property=\"og:title\" content=\"Sistema de Informa\u00e7\u00f5es de Cr\u00e9dito \u2014 SCR | Banco Fibra\" \/>\n<meta property=\"og:description\" content=\"O Sistema de Informa\u00e7\u00f5es de Cr\u00e9dito do Banco Central do Brasil \u00e9 um banco de dados para registro e consulta de informa\u00e7\u00f5es. Veja as perguntas frequentes!\" \/>\n<meta property=\"og:url\" content=\"https:\/\/bancofibra.com.br\/en\/src\/\" \/>\n<meta property=\"og:site_name\" content=\"Banco Fibra\" \/>\n<meta property=\"article:modified_time\" content=\"2020-12-21T21:53:54+00:00\" \/>\n<meta name=\"twitter:card\" content=\"summary_large_image\" \/>\n<meta name=\"twitter:label1\" content=\"Est. reading time\" \/>\n\t<meta name=\"twitter:data1\" content=\"16 minutes\" \/>\n<script type=\"application\/ld+json\" class=\"yoast-schema-graph\">{\"@context\":\"https:\/\/schema.org\",\"@graph\":[{\"@type\":\"WebPage\",\"@id\":\"https:\/\/bancofibra.com.br\/en\/src\/\",\"url\":\"https:\/\/bancofibra.com.br\/en\/src\/\",\"name\":\"Sistema de Informa\u00e7\u00f5es de Cr\u00e9dito \u2014 SCR | Banco Fibra\",\"isPartOf\":{\"@id\":\"https:\/\/bancofibra.com.br\/#website\"},\"datePublished\":\"2020-03-17T19:18:35+00:00\",\"dateModified\":\"2020-12-21T21:53:54+00:00\",\"description\":\"O Sistema de Informa\u00e7\u00f5es de Cr\u00e9dito do Banco Central do Brasil \u00e9 um banco de dados para registro e consulta de informa\u00e7\u00f5es. Veja as perguntas frequentes!\",\"breadcrumb\":{\"@id\":\"https:\/\/bancofibra.com.br\/en\/src\/#breadcrumb\"},\"inLanguage\":\"en-US\",\"potentialAction\":[{\"@type\":\"ReadAction\",\"target\":[\"https:\/\/bancofibra.com.br\/en\/src\/\"]}]},{\"@type\":\"BreadcrumbList\",\"@id\":\"https:\/\/bancofibra.com.br\/en\/src\/#breadcrumb\",\"itemListElement\":[{\"@type\":\"ListItem\",\"position\":1,\"name\":\"Home\",\"item\":\"https:\/\/bancofibra.com.br\/en\/\"},{\"@type\":\"ListItem\",\"position\":2,\"name\":\"SRC\"}]},{\"@type\":\"WebSite\",\"@id\":\"https:\/\/bancofibra.com.br\/#website\",\"url\":\"https:\/\/bancofibra.com.br\/\",\"name\":\"Banco Fibra\",\"description\":\"Sintonizados com Voc\u00ea\",\"potentialAction\":[{\"@type\":\"SearchAction\",\"target\":{\"@type\":\"EntryPoint\",\"urlTemplate\":\"https:\/\/bancofibra.com.br\/?s={search_term_string}\"},\"query-input\":\"required name=search_term_string\"}],\"inLanguage\":\"en-US\"}]}<\/script>\n<!-- \/ Yoast SEO plugin. -->","yoast_head_json":{"title":"Sistema de Informa\u00e7\u00f5es de Cr\u00e9dito \u2014 SCR | Banco Fibra","description":"O Sistema de Informa\u00e7\u00f5es de Cr\u00e9dito do Banco Central do Brasil \u00e9 um banco de dados para registro e consulta de informa\u00e7\u00f5es. Veja as perguntas frequentes!","robots":{"index":"index","follow":"follow","max-snippet":"max-snippet:-1","max-image-preview":"max-image-preview:large","max-video-preview":"max-video-preview:-1"},"canonical":"https:\/\/bancofibra.com.br\/en\/src\/","og_locale":"en_US","og_type":"article","og_title":"Sistema de Informa\u00e7\u00f5es de Cr\u00e9dito \u2014 SCR | Banco Fibra","og_description":"O Sistema de Informa\u00e7\u00f5es de Cr\u00e9dito do Banco Central do Brasil \u00e9 um banco de dados para registro e consulta de informa\u00e7\u00f5es. Veja as perguntas frequentes!","og_url":"https:\/\/bancofibra.com.br\/en\/src\/","og_site_name":"Banco Fibra","article_modified_time":"2020-12-21T21:53:54+00:00","twitter_card":"summary_large_image","twitter_misc":{"Est. reading time":"16 minutes"},"schema":{"@context":"https:\/\/schema.org","@graph":[{"@type":"WebPage","@id":"https:\/\/bancofibra.com.br\/en\/src\/","url":"https:\/\/bancofibra.com.br\/en\/src\/","name":"Sistema de Informa\u00e7\u00f5es de Cr\u00e9dito \u2014 SCR | Banco Fibra","isPartOf":{"@id":"https:\/\/bancofibra.com.br\/#website"},"datePublished":"2020-03-17T19:18:35+00:00","dateModified":"2020-12-21T21:53:54+00:00","description":"O Sistema de Informa\u00e7\u00f5es de Cr\u00e9dito do Banco Central do Brasil \u00e9 um banco de dados para registro e consulta de informa\u00e7\u00f5es. Veja as perguntas frequentes!","breadcrumb":{"@id":"https:\/\/bancofibra.com.br\/en\/src\/#breadcrumb"},"inLanguage":"en-US","potentialAction":[{"@type":"ReadAction","target":["https:\/\/bancofibra.com.br\/en\/src\/"]}]},{"@type":"BreadcrumbList","@id":"https:\/\/bancofibra.com.br\/en\/src\/#breadcrumb","itemListElement":[{"@type":"ListItem","position":1,"name":"Home","item":"https:\/\/bancofibra.com.br\/en\/"},{"@type":"ListItem","position":2,"name":"SRC"}]},{"@type":"WebSite","@id":"https:\/\/bancofibra.com.br\/#website","url":"https:\/\/bancofibra.com.br\/","name":"Banco Fibra","description":"Sintonizados com Voc\u00ea","potentialAction":[{"@type":"SearchAction","target":{"@type":"EntryPoint","urlTemplate":"https:\/\/bancofibra.com.br\/?s={search_term_string}"},"query-input":"required name=search_term_string"}],"inLanguage":"en-US"}]}},"_links":{"self":[{"href":"https:\/\/bancofibra.com.br\/en\/wp-json\/wp\/v2\/pages\/6531"}],"collection":[{"href":"https:\/\/bancofibra.com.br\/en\/wp-json\/wp\/v2\/pages"}],"about":[{"href":"https:\/\/bancofibra.com.br\/en\/wp-json\/wp\/v2\/types\/page"}],"author":[{"embeddable":true,"href":"https:\/\/bancofibra.com.br\/en\/wp-json\/wp\/v2\/users\/12"}],"replies":[{"embeddable":true,"href":"https:\/\/bancofibra.com.br\/en\/wp-json\/wp\/v2\/comments?post=6531"}],"version-history":[{"count":0,"href":"https:\/\/bancofibra.com.br\/en\/wp-json\/wp\/v2\/pages\/6531\/revisions"}],"wp:attachment":[{"href":"https:\/\/bancofibra.com.br\/en\/wp-json\/wp\/v2\/media?parent=6531"}],"curies":[{"name":"wp","href":"https:\/\/api.w.org\/{rel}","templated":true}]}}