{"id":7148,"date":"2020-05-13T16:56:46","date_gmt":"2020-05-13T16:56:46","guid":{"rendered":"https:\/\/bancofibra.com.br\/?page_id=7148"},"modified":"2021-11-26T01:59:28","modified_gmt":"2021-11-26T01:59:28","slug":"perfil-investidor","status":"publish","type":"page","link":"https:\/\/bancofibra.com.br\/en\/perfil-investidor\/","title":{"rendered":"Perfil do Investidor"},"content":{"rendered":"","protected":false},"excerpt":{"rendered":"<p><a href=\"https:\/\/bancofibra.com.br\/en\/perfil-investidor\/\" class=\"exp-read-more exp-read-more-dots\">&#8230;<\/a><\/p>","protected":false},"author":12,"featured_media":7401,"parent":0,"menu_order":0,"comment_status":"closed","ping_status":"closed","template":"perfil-investidor\/perfil-investidor.php","meta":[],"yoast_head":"<!-- This site is optimized with the Yoast SEO plugin v20.13 - https:\/\/yoast.com\/wordpress\/plugins\/seo\/ -->\n<title>Perfil do Investidor | Banco Fibra<\/title>\n<meta name=\"description\" content=\"Entre para ter acesso ao Question\u00e1rio de Apura\u00e7\u00e3o. Responda o formul\u00e1rio e descubra o seu perfil de investidor. Clique e saiba mais!\" \/>\n<meta name=\"robots\" content=\"index, follow, max-snippet:-1, max-image-preview:large, max-video-preview:-1\" \/>\n<link rel=\"canonical\" href=\"https:\/\/bancofibra.com.br\/en\/perfil-investidor\/\" \/>\n<meta property=\"og:locale\" content=\"en_US\" \/>\n<meta property=\"og:type\" content=\"article\" \/>\n<meta property=\"og:title\" content=\"Perfil do Investidor | Banco Fibra\" \/>\n<meta property=\"og:description\" content=\"Entre para ter acesso ao Question\u00e1rio de Apura\u00e7\u00e3o. Responda o formul\u00e1rio e descubra o seu perfil de investidor. Clique e saiba mais!\" \/>\n<meta property=\"og:url\" content=\"https:\/\/bancofibra.com.br\/en\/perfil-investidor\/\" \/>\n<meta property=\"og:site_name\" content=\"Banco Fibra\" \/>\n<meta property=\"article:modified_time\" content=\"2021-11-26T01:59:28+00:00\" \/>\n<meta property=\"og:image\" content=\"https:\/\/bancofibra.com.br\/wp-content\/uploads\/2020\/07\/perfilinvestidor-1.png\" \/>\n\t<meta property=\"og:image:width\" content=\"1920\" \/>\n\t<meta property=\"og:image:height\" content=\"395\" \/>\n\t<meta property=\"og:image:type\" content=\"image\/png\" \/>\n<meta name=\"twitter:card\" content=\"summary_large_image\" \/>\n<script type=\"application\/ld+json\" class=\"yoast-schema-graph\">{\"@context\":\"https:\/\/schema.org\",\"@graph\":[{\"@type\":\"WebPage\",\"@id\":\"https:\/\/bancofibra.com.br\/en\/perfil-investidor\/\",\"url\":\"https:\/\/bancofibra.com.br\/en\/perfil-investidor\/\",\"name\":\"Perfil do Investidor | Banco Fibra\",\"isPartOf\":{\"@id\":\"https:\/\/bancofibra.com.br\/#website\"},\"datePublished\":\"2020-05-13T16:56:46+00:00\",\"dateModified\":\"2021-11-26T01:59:28+00:00\",\"description\":\"Entre para ter acesso ao Question\u00e1rio de Apura\u00e7\u00e3o. Responda o formul\u00e1rio e descubra o seu perfil de investidor. Clique e saiba mais!\",\"breadcrumb\":{\"@id\":\"https:\/\/bancofibra.com.br\/en\/perfil-investidor\/#breadcrumb\"},\"inLanguage\":\"en-US\",\"potentialAction\":[{\"@type\":\"ReadAction\",\"target\":[\"https:\/\/bancofibra.com.br\/en\/perfil-investidor\/\"]}]},{\"@type\":\"BreadcrumbList\",\"@id\":\"https:\/\/bancofibra.com.br\/en\/perfil-investidor\/#breadcrumb\",\"itemListElement\":[{\"@type\":\"ListItem\",\"position\":1,\"name\":\"Home\",\"item\":\"https:\/\/bancofibra.com.br\/en\/\"},{\"@type\":\"ListItem\",\"position\":2,\"name\":\"Perfil do Investidor\"}]},{\"@type\":\"WebSite\",\"@id\":\"https:\/\/bancofibra.com.br\/#website\",\"url\":\"https:\/\/bancofibra.com.br\/\",\"name\":\"Banco Fibra\",\"description\":\"Sintonizados com Voc\u00ea\",\"potentialAction\":[{\"@type\":\"SearchAction\",\"target\":{\"@type\":\"EntryPoint\",\"urlTemplate\":\"https:\/\/bancofibra.com.br\/?s={search_term_string}\"},\"query-input\":\"required name=search_term_string\"}],\"inLanguage\":\"en-US\"}]}<\/script>\n<!-- \/ Yoast SEO plugin. -->","yoast_head_json":{"title":"Perfil do Investidor | Banco Fibra","description":"Entre para ter acesso ao Question\u00e1rio de Apura\u00e7\u00e3o. Responda o formul\u00e1rio e descubra o seu perfil de investidor. Clique e saiba mais!","robots":{"index":"index","follow":"follow","max-snippet":"max-snippet:-1","max-image-preview":"max-image-preview:large","max-video-preview":"max-video-preview:-1"},"canonical":"https:\/\/bancofibra.com.br\/en\/perfil-investidor\/","og_locale":"en_US","og_type":"article","og_title":"Perfil do Investidor | Banco Fibra","og_description":"Entre para ter acesso ao Question\u00e1rio de Apura\u00e7\u00e3o. Responda o formul\u00e1rio e descubra o seu perfil de investidor. Clique e saiba mais!","og_url":"https:\/\/bancofibra.com.br\/en\/perfil-investidor\/","og_site_name":"Banco Fibra","article_modified_time":"2021-11-26T01:59:28+00:00","og_image":[{"width":1920,"height":395,"url":"https:\/\/bancofibra.com.br\/wp-content\/uploads\/2020\/07\/perfilinvestidor-1.png","type":"image\/png"}],"twitter_card":"summary_large_image","schema":{"@context":"https:\/\/schema.org","@graph":[{"@type":"WebPage","@id":"https:\/\/bancofibra.com.br\/en\/perfil-investidor\/","url":"https:\/\/bancofibra.com.br\/en\/perfil-investidor\/","name":"Perfil do Investidor | Banco Fibra","isPartOf":{"@id":"https:\/\/bancofibra.com.br\/#website"},"datePublished":"2020-05-13T16:56:46+00:00","dateModified":"2021-11-26T01:59:28+00:00","description":"Entre para ter acesso ao Question\u00e1rio de Apura\u00e7\u00e3o. Responda o formul\u00e1rio e descubra o seu perfil de investidor. Clique e saiba mais!","breadcrumb":{"@id":"https:\/\/bancofibra.com.br\/en\/perfil-investidor\/#breadcrumb"},"inLanguage":"en-US","potentialAction":[{"@type":"ReadAction","target":["https:\/\/bancofibra.com.br\/en\/perfil-investidor\/"]}]},{"@type":"BreadcrumbList","@id":"https:\/\/bancofibra.com.br\/en\/perfil-investidor\/#breadcrumb","itemListElement":[{"@type":"ListItem","position":1,"name":"Home","item":"https:\/\/bancofibra.com.br\/en\/"},{"@type":"ListItem","position":2,"name":"Perfil do Investidor"}]},{"@type":"WebSite","@id":"https:\/\/bancofibra.com.br\/#website","url":"https:\/\/bancofibra.com.br\/","name":"Banco Fibra","description":"Sintonizados com Voc\u00ea","potentialAction":[{"@type":"SearchAction","target":{"@type":"EntryPoint","urlTemplate":"https:\/\/bancofibra.com.br\/?s={search_term_string}"},"query-input":"required name=search_term_string"}],"inLanguage":"en-US"}]}},"_links":{"self":[{"href":"https:\/\/bancofibra.com.br\/en\/wp-json\/wp\/v2\/pages\/7148"}],"collection":[{"href":"https:\/\/bancofibra.com.br\/en\/wp-json\/wp\/v2\/pages"}],"about":[{"href":"https:\/\/bancofibra.com.br\/en\/wp-json\/wp\/v2\/types\/page"}],"author":[{"embeddable":true,"href":"https:\/\/bancofibra.com.br\/en\/wp-json\/wp\/v2\/users\/12"}],"replies":[{"embeddable":true,"href":"https:\/\/bancofibra.com.br\/en\/wp-json\/wp\/v2\/comments?post=7148"}],"version-history":[{"count":0,"href":"https:\/\/bancofibra.com.br\/en\/wp-json\/wp\/v2\/pages\/7148\/revisions"}],"wp:featuredmedia":[{"embeddable":true,"href":"https:\/\/bancofibra.com.br\/en\/wp-json\/wp\/v2\/media\/7401"}],"wp:attachment":[{"href":"https:\/\/bancofibra.com.br\/en\/wp-json\/wp\/v2\/media?parent=7148"}],"curies":[{"name":"wp","href":"https:\/\/api.w.org\/{rel}","templated":true}]}}