{"id":7406,"date":"2020-07-28T17:47:04","date_gmt":"2020-07-28T17:47:04","guid":{"rendered":"https:\/\/bancofibra.com.br\/?page_id=7406"},"modified":"2020-12-21T22:59:36","modified_gmt":"2020-12-21T22:59:36","slug":"perfil-investidor-derivativos","status":"publish","type":"page","link":"https:\/\/bancofibra.com.br\/en\/perfil-investidor-derivativos\/","title":{"rendered":"Perfil Derivativos"},"content":{"rendered":"","protected":false},"excerpt":{"rendered":"<p><a href=\"https:\/\/bancofibra.com.br\/en\/perfil-investidor-derivativos\/\" class=\"exp-read-more exp-read-more-dots\">&#8230;<\/a><\/p>","protected":false},"author":12,"featured_media":7597,"parent":0,"menu_order":0,"comment_status":"closed","ping_status":"closed","template":"perfil-investidor-derivativos\/perfil-investidor.php","meta":[],"yoast_head":"<!-- This site is optimized with the Yoast SEO plugin v20.13 - https:\/\/yoast.com\/wordpress\/plugins\/seo\/ -->\n<title>Perfil Derivativos | Banco Fibra<\/title>\n<meta name=\"description\" content=\"Entre para ter acesso ao Question\u00e1rio de Apura\u00e7\u00e3o - Opera\u00e7\u00f5es com Derivativos. Confira o seu perfil de investidor. Clique e saiba mais!\" \/>\n<meta name=\"robots\" content=\"index, follow, max-snippet:-1, max-image-preview:large, max-video-preview:-1\" \/>\n<link rel=\"canonical\" href=\"https:\/\/bancofibra.com.br\/en\/perfil-investidor-derivativos\/\" \/>\n<meta property=\"og:locale\" content=\"en_US\" \/>\n<meta property=\"og:type\" content=\"article\" \/>\n<meta property=\"og:title\" content=\"Perfil Derivativos | Banco Fibra\" \/>\n<meta property=\"og:description\" content=\"Entre para ter acesso ao Question\u00e1rio de Apura\u00e7\u00e3o - Opera\u00e7\u00f5es com Derivativos. Confira o seu perfil de investidor. Clique e saiba mais!\" \/>\n<meta property=\"og:url\" content=\"https:\/\/bancofibra.com.br\/en\/perfil-investidor-derivativos\/\" \/>\n<meta property=\"og:site_name\" content=\"Banco Fibra\" \/>\n<meta property=\"article:modified_time\" content=\"2020-12-21T22:59:36+00:00\" \/>\n<meta property=\"og:image\" content=\"https:\/\/bancofibra.com.br\/wp-content\/uploads\/2020\/09\/perfilinvestidorderivativos.jpg\" \/>\n\t<meta property=\"og:image:width\" content=\"1920\" \/>\n\t<meta property=\"og:image:height\" content=\"395\" \/>\n\t<meta property=\"og:image:type\" content=\"image\/jpeg\" \/>\n<meta name=\"twitter:card\" content=\"summary_large_image\" \/>\n<script type=\"application\/ld+json\" class=\"yoast-schema-graph\">{\"@context\":\"https:\/\/schema.org\",\"@graph\":[{\"@type\":\"WebPage\",\"@id\":\"https:\/\/bancofibra.com.br\/en\/perfil-investidor-derivativos\/\",\"url\":\"https:\/\/bancofibra.com.br\/en\/perfil-investidor-derivativos\/\",\"name\":\"Perfil Derivativos | Banco Fibra\",\"isPartOf\":{\"@id\":\"https:\/\/bancofibra.com.br\/#website\"},\"datePublished\":\"2020-07-28T17:47:04+00:00\",\"dateModified\":\"2020-12-21T22:59:36+00:00\",\"description\":\"Entre para ter acesso ao Question\u00e1rio de Apura\u00e7\u00e3o - Opera\u00e7\u00f5es com Derivativos. Confira o seu perfil de investidor. Clique e saiba mais!\",\"breadcrumb\":{\"@id\":\"https:\/\/bancofibra.com.br\/en\/perfil-investidor-derivativos\/#breadcrumb\"},\"inLanguage\":\"en-US\",\"potentialAction\":[{\"@type\":\"ReadAction\",\"target\":[\"https:\/\/bancofibra.com.br\/en\/perfil-investidor-derivativos\/\"]}]},{\"@type\":\"BreadcrumbList\",\"@id\":\"https:\/\/bancofibra.com.br\/en\/perfil-investidor-derivativos\/#breadcrumb\",\"itemListElement\":[{\"@type\":\"ListItem\",\"position\":1,\"name\":\"Home\",\"item\":\"https:\/\/bancofibra.com.br\/en\/\"},{\"@type\":\"ListItem\",\"position\":2,\"name\":\"Perfil Derivativos\"}]},{\"@type\":\"WebSite\",\"@id\":\"https:\/\/bancofibra.com.br\/#website\",\"url\":\"https:\/\/bancofibra.com.br\/\",\"name\":\"Banco Fibra\",\"description\":\"Sintonizados com Voc\u00ea\",\"potentialAction\":[{\"@type\":\"SearchAction\",\"target\":{\"@type\":\"EntryPoint\",\"urlTemplate\":\"https:\/\/bancofibra.com.br\/?s={search_term_string}\"},\"query-input\":\"required name=search_term_string\"}],\"inLanguage\":\"en-US\"}]}<\/script>\n<!-- \/ Yoast SEO plugin. -->","yoast_head_json":{"title":"Perfil Derivativos | Banco Fibra","description":"Entre para ter acesso ao Question\u00e1rio de Apura\u00e7\u00e3o - Opera\u00e7\u00f5es com Derivativos. Confira o seu perfil de investidor. Clique e saiba mais!","robots":{"index":"index","follow":"follow","max-snippet":"max-snippet:-1","max-image-preview":"max-image-preview:large","max-video-preview":"max-video-preview:-1"},"canonical":"https:\/\/bancofibra.com.br\/en\/perfil-investidor-derivativos\/","og_locale":"en_US","og_type":"article","og_title":"Perfil Derivativos | Banco Fibra","og_description":"Entre para ter acesso ao Question\u00e1rio de Apura\u00e7\u00e3o - Opera\u00e7\u00f5es com Derivativos. Confira o seu perfil de investidor. Clique e saiba mais!","og_url":"https:\/\/bancofibra.com.br\/en\/perfil-investidor-derivativos\/","og_site_name":"Banco Fibra","article_modified_time":"2020-12-21T22:59:36+00:00","og_image":[{"width":1920,"height":395,"url":"https:\/\/bancofibra.com.br\/wp-content\/uploads\/2020\/09\/perfilinvestidorderivativos.jpg","type":"image\/jpeg"}],"twitter_card":"summary_large_image","schema":{"@context":"https:\/\/schema.org","@graph":[{"@type":"WebPage","@id":"https:\/\/bancofibra.com.br\/en\/perfil-investidor-derivativos\/","url":"https:\/\/bancofibra.com.br\/en\/perfil-investidor-derivativos\/","name":"Perfil Derivativos | Banco Fibra","isPartOf":{"@id":"https:\/\/bancofibra.com.br\/#website"},"datePublished":"2020-07-28T17:47:04+00:00","dateModified":"2020-12-21T22:59:36+00:00","description":"Entre para ter acesso ao Question\u00e1rio de Apura\u00e7\u00e3o - Opera\u00e7\u00f5es com Derivativos. Confira o seu perfil de investidor. Clique e saiba mais!","breadcrumb":{"@id":"https:\/\/bancofibra.com.br\/en\/perfil-investidor-derivativos\/#breadcrumb"},"inLanguage":"en-US","potentialAction":[{"@type":"ReadAction","target":["https:\/\/bancofibra.com.br\/en\/perfil-investidor-derivativos\/"]}]},{"@type":"BreadcrumbList","@id":"https:\/\/bancofibra.com.br\/en\/perfil-investidor-derivativos\/#breadcrumb","itemListElement":[{"@type":"ListItem","position":1,"name":"Home","item":"https:\/\/bancofibra.com.br\/en\/"},{"@type":"ListItem","position":2,"name":"Perfil Derivativos"}]},{"@type":"WebSite","@id":"https:\/\/bancofibra.com.br\/#website","url":"https:\/\/bancofibra.com.br\/","name":"Banco Fibra","description":"Sintonizados com Voc\u00ea","potentialAction":[{"@type":"SearchAction","target":{"@type":"EntryPoint","urlTemplate":"https:\/\/bancofibra.com.br\/?s={search_term_string}"},"query-input":"required name=search_term_string"}],"inLanguage":"en-US"}]}},"_links":{"self":[{"href":"https:\/\/bancofibra.com.br\/en\/wp-json\/wp\/v2\/pages\/7406"}],"collection":[{"href":"https:\/\/bancofibra.com.br\/en\/wp-json\/wp\/v2\/pages"}],"about":[{"href":"https:\/\/bancofibra.com.br\/en\/wp-json\/wp\/v2\/types\/page"}],"author":[{"embeddable":true,"href":"https:\/\/bancofibra.com.br\/en\/wp-json\/wp\/v2\/users\/12"}],"replies":[{"embeddable":true,"href":"https:\/\/bancofibra.com.br\/en\/wp-json\/wp\/v2\/comments?post=7406"}],"version-history":[{"count":0,"href":"https:\/\/bancofibra.com.br\/en\/wp-json\/wp\/v2\/pages\/7406\/revisions"}],"wp:featuredmedia":[{"embeddable":true,"href":"https:\/\/bancofibra.com.br\/en\/wp-json\/wp\/v2\/media\/7597"}],"wp:attachment":[{"href":"https:\/\/bancofibra.com.br\/en\/wp-json\/wp\/v2\/media?parent=7406"}],"curies":[{"name":"wp","href":"https:\/\/api.w.org\/{rel}","templated":true}]}}